{"id":4718,"date":"2018-06-26T11:48:55","date_gmt":"2018-06-26T09:48:55","guid":{"rendered":"https:\/\/www.rocamed.com\/?page_id=4718"},"modified":"2022-08-18T14:34:02","modified_gmt":"2022-08-18T12:34:02","slug":"presetted-menu","status":"publish","type":"page","link":"https:\/\/www.rocamed.com\/it\/equipments\/200w-thulium-prostate-laser-equipment\/presetted-menu\/","title":{"rendered":"PRESET MENU &#8211; HEMERA Thulium Laser"},"content":{"rendered":"<div class=\"wpb-content-wrapper\"><p>[vc_row full_width=&#8221;stretch_row&#8221; css=&#8221;.vc_custom_1512399786081{padding-top: 50px !important;background-color: #ce3e8c !important;}&#8221;][vc_column][vc_custom_heading text=&#8221;APPARECCHIATURE&#8221; font_container=&#8221;tag:h2|text_align:left|color:%23ffffff&#8221; use_theme_fonts=&#8221;yes&#8221;][\/vc_column][\/vc_row][vc_row css_animation=&#8221;fadeIn&#8221;][vc_column width=&#8221;1\/4&#8243; offset=&#8221;vc_hidden-xs&#8221;][vc_column_text][vc_custom_heading text=\"EQUIPMENTS\" font_container=\"tag:h4|text_align:left|color:%23ffffff\" use_theme_fonts=\"yes\" css=\".vc_custom_1524665619963{padding-top: 5px !important;padding-right: 5px !important;padding-bottom: 3px !important;padding-left: 5px !important;background-color: #566565 !important;}\"]\n\n[vc_wp_custommenu nav_menu=\"120\" el_class=\"left_side_column-style\"]\n\n[vc_custom_heading text=\"PRODUCTS CATALOGUE\" font_container=\"tag:h4|text_align:left|color:%23ffffff\" use_theme_fonts=\"yes\" css=\".vc_custom_1524582080658{margin-top: 20px !important;padding-top: 5px !important;padding-right: 5px !important;padding-bottom: 3px !important;padding-left: 5px !important;background-color: #566565 !important;}\"]\n\n<div class=\"hgr-content-block left_side_column-style\" style=\"margin-bottom:2em;\"><div class=\"hgr-contb-row\"><div class=\"hgr-contblock-icon\" style=\"color:#ce3e8c;  \"><i class=\"icon icon outline outline-bookmarks normal-icon-cb\" style=\" font-size:32px!important; \"><\/i><\/div><div class=\"hgr-content\" style=\"padding-left:1em;\"><h4 style=\"color:#566565\">Rocamed catalogue<\/h4><a class=\"hgr-contb-link morelink-white\" href=\"https:\/\/www.rocamed.com\/catalog\/\" target=\"_blank\" title=\"\">Browse online our latest products catalogue<\/a><\/div><\/div><\/div>\n\n[vc_custom_heading text=\"NEWSLETTER\" font_container=\"tag:h4|text_align:left|color:%23ffffff\" use_theme_fonts=\"yes\" css=\".vc_custom_1584611603475{margin-top: 20px !important;padding-top: 5px !important;padding-right: 5px !important;padding-bottom: 3px !important;padding-left: 5px !important;background-color: #566565 !important;}\"]\n\n<div class=\"hgr-content-block left_side_column-style\" style=\"margin-bottom:2em;\"><div class=\"hgr-contb-row\"><div class=\"hgr-contblock-icon\" style=\"color:#ce3e8c;  \"><i class=\"icon icon fa fa-envelope-o normal-icon-cb\" style=\" font-size:32px!important; \"><\/i><\/div><div class=\"hgr-content\" style=\"padding-left:1em;\"><h4 style=\"color:#566565\">Rocamed newsletter<\/h4><a class=\"hgr-contb-link morelink-white\" href=\"\/subscribe-to-rocamed-newsletter\/\" target=\"_blank\" title=\"\">Subscribe online to our newsletter<\/a><\/div><\/div><\/div>\n\n[vc_single_image image=\"1857\" img_size=\"\" css_animation=\"rotateInDownLeft\" css=\".vc_custom_1584612083417{padding-top: 20px !important;padding-right: 20px !important;padding-bottom: 20px !important;padding-left: 20px !important;}\"][\/vc_column_text][\/vc_column][vc_column width=&#8221;3\/4&#8243;][vc_column_text css=&#8221;.vc_custom_1660825769752{border-top-width: 2px !important;border-top-color: #ce3e8c !important;border-top-style: solid !important;}&#8221;]<\/p>\n<h1 style=\"text-align: left;\">MENU&#8217; PRE-PROGRAMMATO &#8211; HEMERA Laser al Tulio con Display Intuitivo<\/h1>\n<p>&nbsp;<\/p>\n<h2><\/h2>\n<p>[\/vc_column_text][vc_row_inner][vc_column_inner width=&#8221;1\/2&#8243;][vc_single_image image=&#8221;5335&#8243; img_size=&#8221;full&#8221; css=&#8221;.vc_custom_1531919100825{border-top-width: 2px !important;border-right-width: 2px !important;border-bottom-width: 2px !important;border-left-width: 2px !important;border-left-color: #ce3e8c !important;border-left-style: solid !important;border-right-color: #ce3e8c !important;border-right-style: solid !important;border-top-color: #ce3e8c !important;border-top-style: solid !important;border-bottom-color: #ce3e8c !important;border-bottom-style: solid !important;border-radius: 2px !important;}&#8221;][\/vc_column_inner][vc_column_inner width=&#8221;1\/2&#8243;][vc_single_image image=&#8221;3662&#8243; img_size=&#8221;full&#8221; alignment=&#8221;center&#8221; css=&#8221;.vc_custom_1530005783002{border-top-width: 2px !important;border-right-width: 2px !important;border-bottom-width: 2px !important;border-left-width: 2px !important;background-color: #ffffff !important;border-left-color: #ce3e8c !important;border-left-style: solid !important;border-right-color: #ce3e8c !important;border-right-style: solid !important;border-top-color: #ce3e8c !important;border-top-style: solid !important;border-bottom-color: #ce3e8c !important;border-bottom-style: solid !important;border-radius: 2px !important;}&#8221;][\/vc_column_inner][\/vc_row_inner][vc_row_inner][vc_column_inner][vc_column_text css=&#8221;.vc_custom_1660825819306{border-top-width: 1px !important;padding-top: 5px !important;border-top-color: #566565 !important;border-top-style: solid !important;border-radius: 1px !important;}&#8221;]Lo <strong>schermo intuitivo<\/strong> \u00e8 progettato per darti la possibilit\u00e0 di scegliere tra :<br \/>\n<strong>Presetted<\/strong> o <strong>To Set<\/strong>.<\/p>\n<p>Se la scelta \u00e8 \u00ab\u2009Presetted Mode\u2009\u00bb, il laser si pu\u00f2 usare sia in enucleazione che in vaporizzazione in soli due passaggi. Se invece preferite settare il laser da voi, in base al tipo di intervento e approccio chirurgico, \u00e8 possibile farlo in qualsiasi momento selezionando Power in modalit\u00e0 Continuous o Pulsed.[\/vc_column_text][\/vc_column_inner][\/vc_row_inner][vc_empty_space height=&#8221;40&#8243;][vc_column_text css=&#8221;.vc_custom_1530005290085{border-top-width: 2px !important;border-top-color: #ce3e8c !important;border-top-style: solid !important;}&#8221;]<\/p>\n<h1 style=\"text-align: left;\">Select your Technique<\/h1>\n<h2><\/h2>\n<p>[\/vc_column_text][vc_row_inner][vc_column_inner width=&#8221;1\/4&#8243;][vc_single_image image=&#8221;3637&#8243; img_size=&#8221;full&#8221; alignment=&#8221;center&#8221; css=&#8221;.vc_custom_1521205518419{border-top-width: 2px !important;border-right-width: 2px !important;border-bottom-width: 2px !important;border-left-width: 2px !important;background-color: #ffffff !important;border-left-color: #ce3e8c !important;border-left-style: solid !important;border-right-color: #ce3e8c !important;border-right-style: solid !important;border-top-color: #ce3e8c !important;border-top-style: solid !important;border-bottom-color: #ce3e8c !important;border-bottom-style: solid !important;border-radius: 2px !important;}&#8221;][\/vc_column_inner][vc_column_inner width=&#8221;3\/4&#8243;]<div class=\"hgr-content-block \" style=\"margin-bottom:2em;\"><div class=\"hgr-contb-row\"><div class=\"hgr-icontext-customimg\" style=\"width:32px;\"><img loading=\"lazy\" decoding=\"async\" width=\"128\" height=\"128\" src=\"https:\/\/www.rocamed.com\/wp-content\/uploads\/2018\/02\/ROCAMED-Arrow.png\" class=\"attachment-full\" alt=\"\" title=\"ROCAMED-Arrow\" \/><\/div><div class=\"hgr-content\" style=\"padding-left:1em;\"><h4 style=\"color:\">Vaporizzazione - ThuVAP<\/h4><\/div><\/div><\/div>[\/vc_column_inner][\/vc_row_inner][vc_row_inner][vc_column_inner width=&#8221;1\/4&#8243;][vc_single_image image=&#8221;3636&#8243; img_size=&#8221;full&#8221; alignment=&#8221;center&#8221; css=&#8221;.vc_custom_1521205571529{border-top-width: 2px !important;border-right-width: 2px !important;border-bottom-width: 2px !important;border-left-width: 2px !important;background-color: #ffffff !important;border-left-color: #ce3e8c !important;border-left-style: solid !important;border-right-color: #ce3e8c !important;border-right-style: solid !important;border-top-color: #ce3e8c !important;border-top-style: solid !important;border-bottom-color: #ce3e8c !important;border-bottom-style: solid !important;border-radius: 2px !important;}&#8221;][\/vc_column_inner][vc_column_inner width=&#8221;3\/4&#8243;]<div class=\"hgr-content-block \" style=\"margin-bottom:2em;\"><div class=\"hgr-contb-row\"><div class=\"hgr-icontext-customimg\" style=\"width:32px;\"><img loading=\"lazy\" decoding=\"async\" width=\"128\" height=\"128\" src=\"https:\/\/www.rocamed.com\/wp-content\/uploads\/2018\/02\/ROCAMED-Arrow.png\" class=\"attachment-full\" alt=\"\" title=\"ROCAMED-Arrow\" \/><\/div><div class=\"hgr-content\" style=\"padding-left:1em;\"><h4 style=\"color:\">Vaporesezione - ThuVARP<\/h4><\/div><\/div><\/div>[\/vc_column_inner][\/vc_row_inner][vc_row_inner][vc_column_inner width=&#8221;1\/4&#8243;][vc_single_image image=&#8221;3634&#8243; img_size=&#8221;full&#8221; alignment=&#8221;center&#8221; css=&#8221;.vc_custom_1521205584621{border-top-width: 2px !important;border-right-width: 2px !important;border-bottom-width: 2px !important;border-left-width: 2px !important;background-color: #ffffff !important;border-left-color: #ce3e8c !important;border-left-style: solid !important;border-right-color: #ce3e8c !important;border-right-style: solid !important;border-top-color: #ce3e8c !important;border-top-style: solid !important;border-bottom-color: #ce3e8c !important;border-bottom-style: solid !important;border-radius: 2px !important;}&#8221;][\/vc_column_inner][vc_column_inner width=&#8221;3\/4&#8243;]<div class=\"hgr-content-block \" style=\"margin-bottom:2em;\"><div class=\"hgr-contb-row\"><div class=\"hgr-icontext-customimg\" style=\"width:32px;\"><img loading=\"lazy\" decoding=\"async\" width=\"128\" height=\"128\" src=\"https:\/\/www.rocamed.com\/wp-content\/uploads\/2018\/02\/ROCAMED-Arrow.png\" class=\"attachment-full\" alt=\"\" title=\"ROCAMED-Arrow\" \/><\/div><div class=\"hgr-content\" style=\"padding-left:1em;\"><h4 style=\"color:\">Enucleazione - ThuLep - ThuVep<\/h4><\/div><\/div><\/div>[\/vc_column_inner][\/vc_row_inner][vc_row_inner][vc_column_inner][vc_column_text css=&#8221;.vc_custom_1660826015778{border-top-width: 1px !important;padding-top: 5px !important;border-top-color: #566565 !important;border-top-style: solid !important;border-radius: 1px !important;}&#8221;]<\/p>\n<h4>Ottimo Taglio ed Ablazione<\/h4>\n<p>Il <strong>Laser a Tulio Hemera<\/strong> fornisce prestazioni ad alta velocit\u00e0 indipendentemente dalle dimensioni, vascolarizzazione e morfologia della prostata. Il chirurgo pu\u00f2 cos\u00ec scegliere tra la vaporizzazione, la vaporesezione o l\u2019enucleazione.[\/vc_column_text][vc_column_text css=&#8221;.vc_custom_1660825935791{border-top-width: 1px !important;padding-top: 5px !important;border-top-color: #566565 !important;border-top-style: solid !important;border-radius: 1px !important;}&#8221;]<\/p>\n<h4><strong>Eccellente Vaporizzazione<\/strong><\/h4>\n<p>Il <strong>Laser a Tulio Hemera<\/strong> rimane efficiente anche dopo molti passaggi. Il laser al tulio \u00e8 superiore grazie alla sua capacit\u00e0 di emissione sia in modo continuo che pulsato. Un\u2019emissione continua con la capacit\u00e0 di vaporesezione genera costi inferiori grazie alla possibilit\u00e0 di impiegare fibre riutilizzabili anzich\u00e9 monouso.[\/vc_column_text][vc_column_text css=&#8221;.vc_custom_1660826010312{border-top-width: 1px !important;padding-top: 5px !important;border-top-color: #566565 !important;border-top-style: solid !important;border-radius: 1px !important;}&#8221;]<\/p>\n<h4><strong>Coagulazione ed Emostasi Efficienti<\/strong><\/h4>\n<p>Il <strong>Laser a Tulio Hemera<\/strong> emette energia pi\u00f9 efficientemente e in modo pi\u00f9 prevedibile sui tessuti target, indipendentemente dalla percentuale di sangue in essi contenuta. La profondit\u00e0 di penetrazione \u00e8 uniforme e, con Hemera, la tecnica di coagulazione al laser pu\u00f2 essere effettuata indirizzando il raggio direttamente sul flusso di sangue. Gli effetti collaterali di sanguinamento postoperatori e di disuria sono ampiamente inferiori agli altri metodi laser.[\/vc_column_text][\/vc_column_inner][\/vc_row_inner][vc_empty_space height=&#8221;40&#8243;][vc_column_text css=&#8221;.vc_custom_1660825983558{border-top-width: 1px !important;padding-top: 5px !important;border-top-color: #566565 !important;border-top-style: solid !important;border-radius: 1px !important;}&#8221;]<\/p>\n<h6>Le specifiche dei prodotti sono soggette a modifiche senza preavviso.<br \/>\nConsultare l\u2019etichetta e l\u2019IFU del prodotto per eventuali indicazioni, controindicazioni, pericoli, avvertenze, precauzioni e istruzioni per l\u2019uso.<br \/>\nPer le informazioni pi\u00f9 recenti, consultare sempre le \u201cIstruzioni per l\u2019uso\u201d fornite con il prodotto.<\/h6>\n<p>[\/vc_column_text][\/vc_column][\/vc_row]<\/p>\n<\/div>","protected":false},"excerpt":{"rendered":"<p>[vc_row full_width=&#8221;stretch_row&#8221; css=&#8221;.vc_custom_1512399786081{padding-top: 50px !important;background-color: #ce3e8c !important;}&#8221;][vc_column][vc_custom_heading text=&#8221;APPARECCHIATURE&#8221; font_container=&#8221;tag:h2|text_align:left|color:%23ffffff&#8221; use_theme_fonts=&#8221;yes&#8221;][\/vc_column][\/vc_row][vc_row css_animation=&#8221;fadeIn&#8221;][vc_column width=&#8221;1\/4&#8243; offset=&#8221;vc_hidden-xs&#8221;][vc_column_text][\/vc_column_text][\/vc_column][vc_column width=&#8221;3\/4&#8243;][vc_column_text css=&#8221;.vc_custom_1660825769752{border-top-width: 2px !important;border-top-color: #ce3e8c !important;border-top-style: solid !important;}&#8221;] MENU&#8217; PRE-PROGRAMMATO &#8211; HEMERA Laser al Tulio con Display Intuitivo &nbsp; [\/vc_column_text][vc_row_inner][vc_column_inner width=&#8221;1\/2&#8243;][vc_single_image image=&#8221;5335&#8243; img_size=&#8221;full&#8221; css=&#8221;.vc_custom_1531919100825{border-top-width: 2px !important;border-right-width: 2px !important;border-bottom-width: 2px !important;border-left-width: 2px !important;border-left-color: #ce3e8c !important;border-left-style: solid !important;border-right-color: #ce3e8c !important;border-right-style: solid !important;border-top-color: #ce3e8c !important;border-top-style: [&hellip;]<\/p>\n","protected":false},"author":3,"featured_media":0,"parent":3599,"menu_order":20,"comment_status":"open","ping_status":"closed","template":"","meta":{"content-type":"","_exactmetrics_skip_tracking":false,"_exactmetrics_sitenote_active":false,"_exactmetrics_sitenote_note":"","_exactmetrics_sitenote_category":0,"footnotes":""},"class_list":["post-4718","page","type-page","status-publish","hentry"],"translation":{"provider":"WPGlobus","version":"3.0.2","language":"it","enabled_languages":["en","fr","it"],"languages":{"en":{"title":true,"content":true,"excerpt":false},"fr":{"title":true,"content":true,"excerpt":false},"it":{"title":false,"content":true,"excerpt":false}}},"_links":{"self":[{"href":"https:\/\/www.rocamed.com\/it\/wp-json\/wp\/v2\/pages\/4718","targetHints":{"allow":["GET"]}}],"collection":[{"href":"https:\/\/www.rocamed.com\/it\/wp-json\/wp\/v2\/pages"}],"about":[{"href":"https:\/\/www.rocamed.com\/it\/wp-json\/wp\/v2\/types\/page"}],"author":[{"embeddable":true,"href":"https:\/\/www.rocamed.com\/it\/wp-json\/wp\/v2\/users\/3"}],"replies":[{"embeddable":true,"href":"https:\/\/www.rocamed.com\/it\/wp-json\/wp\/v2\/comments?post=4718"}],"version-history":[{"count":11,"href":"https:\/\/www.rocamed.com\/it\/wp-json\/wp\/v2\/pages\/4718\/revisions"}],"predecessor-version":[{"id":8845,"href":"https:\/\/www.rocamed.com\/it\/wp-json\/wp\/v2\/pages\/4718\/revisions\/8845"}],"up":[{"embeddable":true,"href":"https:\/\/www.rocamed.com\/it\/wp-json\/wp\/v2\/pages\/3599"}],"wp:attachment":[{"href":"https:\/\/www.rocamed.com\/it\/wp-json\/wp\/v2\/media?parent=4718"}],"curies":[{"name":"wp","href":"https:\/\/api.w.org\/{rel}","templated":true}]}}