{"id":2933,"date":"2018-02-26T15:42:11","date_gmt":"2018-02-26T14:42:11","guid":{"rendered":"https:\/\/www.rocamed.com\/?page_id=2933"},"modified":"2022-08-19T14:06:42","modified_gmt":"2022-08-19T12:06:42","slug":"endoflow-ii-concept","status":"publish","type":"page","link":"https:\/\/www.rocamed.com\/it\/equipments\/endoflow2-2\/endoflow-ii-concept\/","title":{"rendered":"Endoflow II Concept"},"content":{"rendered":"<div class=\"wpb-content-wrapper\"><p>[vc_row full_width=&#8221;stretch_row&#8221; css=&#8221;.vc_custom_1512399786081{padding-top: 50px !important;background-color: #ce3e8c !important;}&#8221;][vc_column][vc_custom_heading text=&#8221;ENDOFLOW\u00aeII&#8221; font_container=&#8221;tag:h2|text_align:left|color:%23ffffff&#8221; use_theme_fonts=&#8221;yes&#8221;][\/vc_column][\/vc_row][vc_row css_animation=&#8221;fadeIn&#8221;][vc_column width=&#8221;1\/4&#8243; offset=&#8221;vc_hidden-xs&#8221;][vc_column_text][vc_custom_heading text=\"EQUIPMENTS\" font_container=\"tag:h4|text_align:left|color:%23ffffff\" use_theme_fonts=\"yes\" css=\".vc_custom_1524665619963{padding-top: 5px !important;padding-right: 5px !important;padding-bottom: 3px !important;padding-left: 5px !important;background-color: #566565 !important;}\"]\n\n[vc_wp_custommenu nav_menu=\"120\" el_class=\"left_side_column-style\"]\n\n[vc_custom_heading text=\"PRODUCTS CATALOGUE\" font_container=\"tag:h4|text_align:left|color:%23ffffff\" use_theme_fonts=\"yes\" css=\".vc_custom_1524582080658{margin-top: 20px !important;padding-top: 5px !important;padding-right: 5px !important;padding-bottom: 3px !important;padding-left: 5px !important;background-color: #566565 !important;}\"]\n\n<div class=\"hgr-content-block left_side_column-style\" style=\"margin-bottom:2em;\"><div class=\"hgr-contb-row\"><div class=\"hgr-contblock-icon\" style=\"color:#ce3e8c;  \"><i class=\"icon icon outline outline-bookmarks normal-icon-cb\" style=\" font-size:32px!important; \"><\/i><\/div><div class=\"hgr-content\" style=\"padding-left:1em;\"><h4 style=\"color:#566565\">Rocamed catalogue<\/h4><a class=\"hgr-contb-link morelink-white\" href=\"https:\/\/www.rocamed.com\/catalog\/\" target=\"_blank\" title=\"\">Browse online our latest products catalogue<\/a><\/div><\/div><\/div>\n\n[vc_custom_heading text=\"NEWSLETTER\" font_container=\"tag:h4|text_align:left|color:%23ffffff\" use_theme_fonts=\"yes\" css=\".vc_custom_1584611603475{margin-top: 20px !important;padding-top: 5px !important;padding-right: 5px !important;padding-bottom: 3px !important;padding-left: 5px !important;background-color: #566565 !important;}\"]\n\n<div class=\"hgr-content-block left_side_column-style\" style=\"margin-bottom:2em;\"><div class=\"hgr-contb-row\"><div class=\"hgr-contblock-icon\" style=\"color:#ce3e8c;  \"><i class=\"icon icon fa fa-envelope-o normal-icon-cb\" style=\" font-size:32px!important; \"><\/i><\/div><div class=\"hgr-content\" style=\"padding-left:1em;\"><h4 style=\"color:#566565\">Rocamed newsletter<\/h4><a class=\"hgr-contb-link morelink-white\" href=\"\/subscribe-to-rocamed-newsletter\/\" target=\"_blank\" title=\"\">Subscribe online to our newsletter<\/a><\/div><\/div><\/div>\n\n[vc_single_image image=\"1857\" img_size=\"\" css_animation=\"rotateInDownLeft\" css=\".vc_custom_1584612083417{padding-top: 20px !important;padding-right: 20px !important;padding-bottom: 20px !important;padding-left: 20px !important;}\"][\/vc_column_text][\/vc_column][vc_column width=&#8221;3\/4&#8243;][vc_column_text css=&#8221;.vc_custom_1531736196759{border-top-width: 2px !important;border-top-color: #ce3e8c !important;border-top-style: solid !important;}&#8221;]<\/p>\n<h1 style=\"text-align: left;\">ENDOFLOW\u00aeII<\/h1>\n<h2 style=\"text-align: left;\">Concept<\/h2>\n<p>[\/vc_column_text][vc_column_text css=&#8221;.vc_custom_1660829746176{border-top-width: 0px !important;padding-top: 5px !important;}&#8221;]<\/p>\n<h4><span style=\"color: #000000;\"><strong>Sistema unico per la gestione dei fluidi<\/strong><\/span><\/h4>\n<p>[\/vc_column_text][vc_row_inner][vc_column_inner width=&#8221;2\/3&#8243;]<div class=\"hgr-content-block \" style=\"margin-bottom:2em;\"><div class=\"hgr-contb-row\"><div class=\"hgr-contblock-icon\" style=\"color:;  \"><i class=\"icon icon fa fa-arrow-right normal-icon-cb\" style=\" font-size:16px!important; \"><\/i><\/div><div class=\"hgr-content\" style=\"padding-left:1em;\"><p style=\"color:\">Irrigazione, aspirazione, irrigazione ad alta pressione - una ventata di nuove funzioni<\/p><\/div><\/div><\/div><div class=\"hgr-content-block \" style=\"margin-bottom:2em;\"><div class=\"hgr-contb-row\"><div class=\"hgr-contblock-icon\" style=\"color:;  \"><i class=\"icon icon fa fa-arrow-right normal-icon-cb\" style=\" font-size:16px!important; \"><\/i><\/div><div class=\"hgr-content\" style=\"padding-left:1em;\"><p style=\"color:\">Ampio range di modalit\u00e0 di pressione che coprono i bisogni di:<\/p><\/div><\/div><\/div>[\/vc_column_inner][vc_column_inner width=&#8221;1\/6&#8243;][\/vc_column_inner][vc_column_inner width=&#8221;1\/6&#8243;][\/vc_column_inner][\/vc_row_inner][vc_row_inner css=&#8221;.vc_custom_1512477419713{margin-right: 160px !important;margin-left: 160px !important;padding-top: 10px !important;}&#8221;][vc_column_inner width=&#8221;1\/3&#8243;][vc_column_text css=&#8221;.vc_custom_1660829387014{margin-bottom: 15px !important;border-bottom-width: 2px !important;padding-bottom: 7.5px !important;border-bottom-color: #ce3e8c !important;border-bottom-style: solid !important;}&#8221;]<\/p>\n<p style=\"text-align: left;\">Urologia<\/p>\n<p>[\/vc_column_text][vc_column_text css=&#8221;.vc_custom_1660829395924{margin-left: 4px !important;border-left-width: 4px !important;padding-left: 8px !important;border-left-color: #ce3e8c !important;border-left-style: dotted !important;}&#8221;]Ureteroscopia<\/p>\n<p>TURP<\/p>\n<p>Laparoscopia[\/vc_column_text][\/vc_column_inner][vc_column_inner width=&#8221;1\/3&#8243;][vc_column_text css=&#8221;.vc_custom_1660829403047{margin-bottom: 15px !important;border-bottom-width: 2px !important;padding-bottom: 7.5px !important;border-bottom-color: #ce3e8c !important;border-bottom-style: solid !important;}&#8221;]<\/p>\n<p style=\"text-align: left;\">Ginecologia<\/p>\n<p>[\/vc_column_text][vc_column_text css=&#8221;.vc_custom_1660829412484{margin-left: 4px !important;border-left-width: 4px !important;padding-left: 8px !important;border-left-color: #ce3e8c !important;border-left-style: dotted !important;}&#8221;]Isteroscopia<\/p>\n<p>Laparoscopia[\/vc_column_text][\/vc_column_inner][vc_column_inner width=&#8221;1\/3&#8243;][vc_column_text css=&#8221;.vc_custom_1660829420849{margin-bottom: 15px !important;border-bottom-width: 2px !important;padding-bottom: 7.5px !important;border-bottom-color: #ce3e8c !important;border-bottom-style: solid !important;}&#8221;]<\/p>\n<p style=\"text-align: left;\">Chirurgia Generale<\/p>\n<p>[\/vc_column_text][vc_column_text css=&#8221;.vc_custom_1660829426143{margin-left: 4px !important;border-left-width: 4px !important;padding-left: 8px !important;border-left-color: #ce3e8c !important;border-left-style: dotted !important;}&#8221;]Laparoscopia[\/vc_column_text][\/vc_column_inner][\/vc_row_inner][vc_column_text css=&#8221;.vc_custom_1660829784497{border-top-width: 0px !important;padding-top: 5px !important;}&#8221;]<\/p>\n<h4><span style=\"color: #000000;\"><strong>Precisione chirurgica migliorata<\/strong><\/span><\/h4>\n<p>[\/vc_column_text][vc_row_inner][vc_column_inner width=&#8221;2\/3&#8243;]<div class=\"hgr-content-block \" style=\"margin-bottom:2em;\"><div class=\"hgr-contb-row\"><div class=\"hgr-contblock-icon\" style=\"color:;  \"><i class=\"icon icon fa fa-arrow-right normal-icon-cb\" style=\" font-size:16px!important; \"><\/i><\/div><div class=\"hgr-content\" style=\"padding-left:1em;\"><p style=\"color:\">Flusso costante di liquido durante l'irrigazione \/ l'aspirazione assicura una visibilit\u00e0 migliorata, specialmente durante l'isteroscopia<\/p><\/div><\/div><\/div><div class=\"hgr-content-block \" style=\"margin-bottom:2em;\"><div class=\"hgr-contb-row\"><div class=\"hgr-contblock-icon\" style=\"color:;  \"><i class=\"icon icon fa fa-arrow-right normal-icon-cb\" style=\" font-size:16px!important; \"><\/i><\/div><div class=\"hgr-content\" style=\"padding-left:1em;\"><p style=\"color:\">La pressione indicata dalla macchina \u00e8 uguale alla pressione nella cavit\u00e0 chiusa<\/p><\/div><\/div><\/div>[\/vc_column_inner][vc_column_inner width=&#8221;1\/6&#8243;][\/vc_column_inner][vc_column_inner width=&#8221;1\/6&#8243;][\/vc_column_inner][\/vc_row_inner][vc_column_text css=&#8221;.vc_custom_1660829481225{border-top-width: 0px !important;padding-top: 5px !important;}&#8221;]<\/p>\n<h4>La temperatura del corpo del paziente \u00e8 meno problematica per l&#8217;anestesista<\/h4>\n<p>[\/vc_column_text][vc_row_inner][vc_column_inner width=&#8221;2\/3&#8243;]<div class=\"hgr-content-block \" style=\"margin-bottom:2em;\"><div class=\"hgr-contb-row\"><div class=\"hgr-contblock-icon\" style=\"color:;  \"><i class=\"icon icon fa fa-arrow-right normal-icon-cb\" style=\" font-size:16px!important; \"><\/i><\/div><div class=\"hgr-content\" style=\"padding-left:1em;\"><p style=\"color:\">Fluido riscaldato e mantenuto ad una temperatura costante<\/p><\/div><\/div><\/div>[vc_single_image image=&#8221;2954&#8243; img_size=&#8221;full&#8221; css=&#8221;.vc_custom_1519654718192{border-top-width: 2px !important;border-right-width: 2px !important;border-bottom-width: 2px !important;border-left-width: 2px !important;border-left-color: #ce3e8c !important;border-left-style: solid !important;border-right-color: #ce3e8c !important;border-right-style: solid !important;border-top-color: #ce3e8c !important;border-top-style: solid !important;border-bottom-color: #ce3e8c !important;border-bottom-style: solid !important;}&#8221;][\/vc_column_inner][vc_column_inner width=&#8221;1\/6&#8243;][\/vc_column_inner][vc_column_inner width=&#8221;1\/6&#8243;][\/vc_column_inner][\/vc_row_inner][vc_column_text css=&#8221;.vc_custom_1660829902451{border-top-width: 0px !important;padding-top: 5px !important;}&#8221;]<\/p>\n<h4>Vantaggi di Endoflow per l&#8217;Urologia &#8211; per disciplina chirurgica<\/h4>\n<p>[\/vc_column_text][vc_row_inner][vc_column_inner]<div class=\"hgr-content-block \" style=\"margin-bottom:2em;\"><div class=\"hgr-contb-row\"><div class=\"hgr-contblock-icon\" style=\"color:#565656;  \"><i class=\"icon icon fa fa-arrow-right normal-icon-cb\" style=\" font-size:16px!important; \"><\/i><\/div><div class=\"hgr-content\" style=\"padding-left:1em;\"><h4 style=\"color:\">La capacit\u00e0 di riscaldamento \u00e8 un vantaggio per tutti i tipi di intervento:<\/h4><p style=\"color:\">Controbilancia il graduale raffreddamento del paziente.<\/p><\/div><\/div><\/div><div class=\"hgr-content-block \" style=\"margin-bottom:2em;\"><div class=\"hgr-contb-row\"><div class=\"hgr-contblock-icon\" style=\"color:#565656;  \"><i class=\"icon icon fa fa-arrow-right normal-icon-cb\" style=\" font-size:16px!important; \"><\/i><\/div><div class=\"hgr-content\" style=\"padding-left:1em;\"><h4 style=\"color:\">Resezione transuretrale vescica:<\/h4><p style=\"color:\">Il sistema pu\u00f2 mantenere una bassa pressione (40 cm), senza necessit\u00e0 di agire sul rubinetto d'irrigazione. Con Endoflow la pressione \u00e8 sotto controllo; ci\u00f2 significa un risparmio di tempo e un guadagno in comfort.<\/p><\/div><\/div><\/div><div class=\"hgr-content-block \" style=\"margin-bottom:2em;\"><div class=\"hgr-contb-row\"><div class=\"hgr-contblock-icon\" style=\"color:;  \"><i class=\"icon icon fa fa-arrow-right normal-icon-cb\" style=\" font-size:16px!important; \"><\/i><\/div><div class=\"hgr-content\" style=\"padding-left:1em;\"><h4 style=\"color:\">Ureteroscopia - endoscopio rigido:<\/h4><p style=\"color:\">Dato che Endoflow garantisce una pressione controllata e un flusso costante di liquido (senza pulsazione), permette ai chirurghi di approciare i calcoli nell'uretere (\u201clombare\u201d) senza il rischio di \u201csciacquone\u201d (spingendo il calcolo indietro verso il rene). Il tutto correlato da buona visibilit\u00e0 assicurata.<\/p><\/div><\/div><\/div><div class=\"hgr-content-block \" style=\"margin-bottom:2em;\"><div class=\"hgr-contb-row\"><div class=\"hgr-contblock-icon\" style=\"color:;  \"><i class=\"icon icon fa fa-arrow-right normal-icon-cb\" style=\" font-size:16px!important; \"><\/i><\/div><div class=\"hgr-content\" style=\"padding-left:1em;\"><h4 style=\"color:\">Ureteroscopia - endoscopio flessibile:<\/h4><p style=\"color:\">La pressione controllata e il flusso stabile di liquido sono caratteristiche importanti. Inoltre, il sistema Endoflow permette al chirurgo di aumentare brevemente la pressione quando necessario. Ci\u00f2 pu\u00f2 essere eseguito attraverso la camera presente nei tubi o attraverso un pedale, con un aumento di pressione di 20cmH2O per 30 secondi. Lo specifico set di tubi possiede un rubinetto a tre vie che permette l'iniezione di un liquido di contrasto senza scollegare lo stesso. Il set possiede anche un connettore Luer Lock maschio \u2013 ci\u00f2 vuol dire che il chirurgo pu\u00f2 muovere l'endoscopio liberamente.<\/p><\/div><\/div><\/div><div class=\"hgr-content-block \" style=\"margin-bottom:2em;\"><div class=\"hgr-contb-row\"><div class=\"hgr-contblock-icon\" style=\"color:;  \"><i class=\"icon icon fa fa-arrow-right normal-icon-cb\" style=\" font-size:16px!important; \"><\/i><\/div><div class=\"hgr-content\" style=\"padding-left:1em;\"><h4 style=\"color:\">Resezione transuretrale prostata:<\/h4><p style=\"color:\">Il controllo della pressione e del flusso di aspirazione garantiscono un vantaggio economico, poich\u00e9 permettono di ridurre fino a met\u00e0 la glisina usata durante l'intervento.<\/p><\/div><\/div><\/div><div class=\"hgr-content-block \" style=\"margin-bottom:2em;\"><div class=\"hgr-contb-row\"><div class=\"hgr-contblock-icon\" style=\"color:;  \"><i class=\"icon icon fa fa-arrow-right normal-icon-cb\" style=\" font-size:16px!important; \"><\/i><\/div><div class=\"hgr-content\" style=\"padding-left:1em;\"><h4 style=\"color:\">Resezione transuretrale prostata con resettore Bipolare:<\/h4><p style=\"color:\">Il liquido riscaldato \u00e8 necessario per l'utilizzo ottimale del resettore bipolare.<\/p><\/div><\/div><\/div><div class=\"hgr-content-block \" style=\"margin-bottom:2em;\"><div class=\"hgr-contb-row\"><div class=\"hgr-contblock-icon\" style=\"color:;  \"><i class=\"icon icon fa fa-arrow-right normal-icon-cb\" style=\" font-size:16px!important; \"><\/i><\/div><div class=\"hgr-content\" style=\"padding-left:1em;\"><h4 style=\"color:\">PCNL:<\/h4><p style=\"color:\">Il sistema di riscaldamento controbilancia il raffreddamento del paziente, che \u00e8 cos\u00ec lasciato senza set di tubi post-operatori dopo l'intervento.<\/p><\/div><\/div><\/div>[\/vc_column_inner][\/vc_row_inner][\/vc_column][\/vc_row]<\/p>\n<\/div>","protected":false},"excerpt":{"rendered":"<p>[vc_row full_width=&#8221;stretch_row&#8221; css=&#8221;.vc_custom_1512399786081{padding-top: 50px !important;background-color: #ce3e8c !important;}&#8221;][vc_column][vc_custom_heading text=&#8221;ENDOFLOW\u00aeII&#8221; font_container=&#8221;tag:h2|text_align:left|color:%23ffffff&#8221; use_theme_fonts=&#8221;yes&#8221;][\/vc_column][\/vc_row][vc_row css_animation=&#8221;fadeIn&#8221;][vc_column width=&#8221;1\/4&#8243; offset=&#8221;vc_hidden-xs&#8221;][vc_column_text][\/vc_column_text][\/vc_column][vc_column width=&#8221;3\/4&#8243;][vc_column_text css=&#8221;.vc_custom_1531736196759{border-top-width: 2px !important;border-top-color: #ce3e8c !important;border-top-style: solid !important;}&#8221;] ENDOFLOW\u00aeII Concept [\/vc_column_text][vc_column_text css=&#8221;.vc_custom_1660829746176{border-top-width: 0px !important;padding-top: 5px !important;}&#8221;] Sistema unico per la gestione dei fluidi [\/vc_column_text][vc_row_inner][vc_column_inner width=&#8221;2\/3&#8243;][\/vc_column_inner][vc_column_inner width=&#8221;1\/6&#8243;][\/vc_column_inner][vc_column_inner width=&#8221;1\/6&#8243;][\/vc_column_inner][\/vc_row_inner][vc_row_inner css=&#8221;.vc_custom_1512477419713{margin-right: 160px !important;margin-left: 160px !important;padding-top: 10px !important;}&#8221;][vc_column_inner width=&#8221;1\/3&#8243;][vc_column_text css=&#8221;.vc_custom_1660829387014{margin-bottom: 15px !important;border-bottom-width: 2px !important;padding-bottom: 7.5px !important;border-bottom-color: [&hellip;]<\/p>\n","protected":false},"author":1,"featured_media":0,"parent":4867,"menu_order":20,"comment_status":"open","ping_status":"closed","template":"","meta":{"content-type":"","_exactmetrics_skip_tracking":false,"_exactmetrics_sitenote_active":false,"_exactmetrics_sitenote_note":"","_exactmetrics_sitenote_category":0,"footnotes":""},"class_list":["post-2933","page","type-page","status-publish","hentry"],"translation":{"provider":"WPGlobus","version":"3.0.2","language":"it","enabled_languages":["en","fr","it"],"languages":{"en":{"title":true,"content":true,"excerpt":false},"fr":{"title":true,"content":true,"excerpt":false},"it":{"title":false,"content":true,"excerpt":false}}},"_links":{"self":[{"href":"https:\/\/www.rocamed.com\/it\/wp-json\/wp\/v2\/pages\/2933","targetHints":{"allow":["GET"]}}],"collection":[{"href":"https:\/\/www.rocamed.com\/it\/wp-json\/wp\/v2\/pages"}],"about":[{"href":"https:\/\/www.rocamed.com\/it\/wp-json\/wp\/v2\/types\/page"}],"author":[{"embeddable":true,"href":"https:\/\/www.rocamed.com\/it\/wp-json\/wp\/v2\/users\/1"}],"replies":[{"embeddable":true,"href":"https:\/\/www.rocamed.com\/it\/wp-json\/wp\/v2\/comments?post=2933"}],"version-history":[{"count":21,"href":"https:\/\/www.rocamed.com\/it\/wp-json\/wp\/v2\/pages\/2933\/revisions"}],"predecessor-version":[{"id":8998,"href":"https:\/\/www.rocamed.com\/it\/wp-json\/wp\/v2\/pages\/2933\/revisions\/8998"}],"up":[{"embeddable":true,"href":"https:\/\/www.rocamed.com\/it\/wp-json\/wp\/v2\/pages\/4867"}],"wp:attachment":[{"href":"https:\/\/www.rocamed.com\/it\/wp-json\/wp\/v2\/media?parent=2933"}],"curies":[{"name":"wp","href":"https:\/\/api.w.org\/{rel}","templated":true}]}}