{"id":6215,"date":"2019-12-18T12:52:07","date_gmt":"2019-12-18T11:52:07","guid":{"rendered":"https:\/\/www.rocamed.com\/?page_id=6215"},"modified":"2022-09-05T17:12:33","modified_gmt":"2022-09-05T15:12:33","slug":"percx-coaxial-pcnl-stone-extractor","status":"publish","type":"page","link":"https:\/\/www.rocamed.com\/fr\/products\/percutaneous-nephrostomy\/percx-coaxial-pcnl-stone-extractor\/","title":{"rendered":"PerkX Extracteur de Calcul Coaxial"},"content":{"rendered":"<div class=\"wpb-content-wrapper\"><p>[vc_row full_width=\u00a0\u00bbstretch_row\u00a0\u00bb css=\u00a0\u00bb.vc_custom_1512399786081{padding-top: 50px !important;background-color: #ce3e8c !important;}\u00a0\u00bb][vc_column][vc_custom_heading text=\u00a0\u00bbPerkX Coaxial PCNL Stone Extractor\u00a0\u00bb font_container=\u00a0\u00bbtag:h2|text_align:left|color:%23ffffff\u00a0\u00bb use_theme_fonts=\u00a0\u00bbyes\u00a0\u00bb][\/vc_column][\/vc_row][vc_row css=\u00a0\u00bb.vc_custom_1591200370499{margin-right: 0px !important;}\u00a0\u00bb][vc_column width=\u00a0\u00bb1\/4&Prime; offset=\u00a0\u00bbvc_hidden-xs\u00a0\u00bb][vc_column_text][vc_custom_heading text=\"GAMMES & PRODUITS\" font_container=\"tag:h4|text_align:left|color:%23ffffff\" use_theme_fonts=\"yes\" css=\".vc_custom_1524665619963{padding-top: 5px !important;padding-right: 5px !important;padding-bottom: 3px !important;padding-left: 5px !important;background-color: #566565 !important;}\"]\n\n[vc_wp_custommenu nav_menu=\"59\" el_class=\"left_side_column-style\"]\n\n[vc_custom_heading text=\"CATALOGUE PRODUITS\" font_container=\"tag:h4|text_align:left|color:%23ffffff\" use_theme_fonts=\"yes\" css=\".vc_custom_1524582080658{margin-top: 20px !important;padding-top: 5px !important;padding-right: 5px !important;padding-bottom: 3px !important;padding-left: 5px !important;background-color: #566565 !important;}\"]\n\n<div class=\"hgr-content-block left_side_column-style\" style=\"margin-bottom:2em;\"><div class=\"hgr-contb-row\"><div class=\"hgr-contblock-icon\" style=\"color:#ce3e8c;  \"><i class=\"icon icon outline outline-bookmarks normal-icon-cb\" style=\" font-size:32px!important; \"><\/i><\/div><div class=\"hgr-content\" style=\"padding-left:1em;\"><h4 style=\"color:#566565\">Le catalogue Rocamed<\/h4><a class=\"hgr-contb-link morelink-white\" href=\"https:\/\/www.rocamed.com\/catalog\/\" target=\"_blank\" title=\"\">Consultez en ligne notre dernier catalogue produits<\/a><\/div><\/div><\/div>\n\n[vc_custom_heading text=\"NEWSLETTER\" font_container=\"tag:h4|text_align:left|color:%23ffffff\" use_theme_fonts=\"yes\" css=\".vc_custom_1584611603475{margin-top: 20px !important;padding-top: 5px !important;padding-right: 5px !important;padding-bottom: 3px !important;padding-left: 5px !important;background-color: #566565 !important;}\"]\n\n<div class=\"hgr-content-block left_side_column-style\" style=\"margin-bottom:2em;\"><div class=\"hgr-contb-row\"><div class=\"hgr-contblock-icon\" style=\"color:#ce3e8c;  \"><i class=\"icon icon fa fa-envelope-o normal-icon-cb\" style=\" font-size:32px!important; \"><\/i><\/div><div class=\"hgr-content\" style=\"padding-left:1em;\"><h4 style=\"color:#566565\">La newsletter Rocamed<\/h4><a class=\"hgr-contb-link morelink-white\" href=\"\/subscribe-to-rocamed-newsletter\/\" target=\"_blank\" title=\"\">Inscrivez-vous en ligne \u00e0 notre newsletter<\/a><\/div><\/div><\/div>\n\n[vc_single_image image=\"1857\" img_size=\"\" css_animation=\"rotateInDownLeft\" css=\".vc_custom_1584612083417{padding-top: 20px !important;padding-right: 20px !important;padding-bottom: 20px !important;padding-left: 20px !important;}\"][\/vc_column_text][\/vc_column][vc_column width=\u00a0\u00bb3\/4&Prime;][vc_row_inner css=\u00a0\u00bb.vc_custom_1591212638009{padding-top: 0px !important;background-image: url(https:\/\/www.rocamed.com\/wp-content\/uploads\/2020\/06\/ROCAMED_Flyer_PERCX_2020_Cover.png?id=6847) !important;background-position: center !important;background-repeat: no-repeat !important;background-size: cover !important;}\u00a0\u00bb][vc_column_inner css=\u00a0\u00bb.vc_custom_1591212856891{padding-top: 0px !important;}\u00a0\u00bb][vc_column_text css=\u00a0\u00bb.vc_custom_1591702852484{margin-bottom: 50px !important;border-top-width: 2px !important;border-top-color: #ce3e8c !important;border-top-style: solid !important;}\u00a0\u00bb]<\/p>\n<h1>PerkX Extracteur de Calcul Coaxial<\/h1>\n<h3>Ideal pour\u00a0 pour retirer facilement de gros fragments en NLPC<\/h3>\n<p>[\/vc_column_text][vc_single_image image=\u00a0\u00bb6213&Prime; img_size=\u00a0\u00bbmedium\u00a0\u00bb css_animation=\u00a0\u00bbnone\u00a0\u00bb css=\u00a0\u00bb.vc_custom_1591202854487{margin-right: 500px !important;border-top-width: 2px !important;border-right-width: 2px !important;border-bottom-width: 2px !important;border-left-width: 2px !important;background-color: #ffffff !important;border-left-color: #ce3e8c !important;border-left-style: solid !important;border-right-color: #ce3e8c !important;border-right-style: solid !important;border-top-color: #ce3e8c !important;border-top-style: solid !important;border-bottom-color: #ce3e8c !important;border-bottom-style: solid !important;border-radius: 2px !important;}\u00a0\u00bb][\/vc_column_inner][\/vc_row_inner][vc_separator color=\u00a0\u00bbcustom\u00a0\u00bb border_width=\u00a0\u00bb2&Prime; accent_color=\u00a0\u00bb#566565&Prime;][vc_row_inner css=\u00a0\u00bb.vc_custom_1512401358047{padding-top: 10px !important;}\u00a0\u00bb][vc_column_inner width=\u00a0\u00bb1\/4&Prime;][vc_single_image image=\u00a0\u00bb6850&Prime; img_size=\u00a0\u00bbfull\u00a0\u00bb alignment=\u00a0\u00bbcenter\u00a0\u00bb css_animation=\u00a0\u00bbnone\u00a0\u00bb css=\u00a0\u00bb.vc_custom_1591202419397{border-top-width: 2px !important;border-right-width: 2px !important;border-bottom-width: 2px !important;border-left-width: 2px !important;background-color: #ffffff !important;border-left-color: #ce3e8c !important;border-left-style: solid !important;border-right-color: #ce3e8c !important;border-right-style: solid !important;border-top-color: #ce3e8c !important;border-top-style: solid !important;border-bottom-color: #ce3e8c !important;border-bottom-style: solid !important;border-radius: 2px !important;}\u00a0\u00bb][\/vc_column_inner][vc_column_inner width=\u00a0\u00bb1\/4&Prime;]<div class=\"hgr-content-block \" style=\"margin-bottom:2em;\"><div class=\"hgr-contb-row\"><div class=\"hgr-contblock-icon\" style=\"color:;  \"><i class=\"icon icon fa fa-arrow-right normal-icon-cb\" style=\" font-size:16px!important; \"><\/i><\/div><div class=\"hgr-content\" style=\"padding-left:1em;\"><h4 style=\"color:\">BRINS PLATS EN NITINOL<\/h4><p style=\"color:\">Excellente flexibilit\u00e9 \u00e0 m\u00e9moire de forme <\/p><\/div><\/div><\/div>[\/vc_column_inner][vc_column_inner width=\u00a0\u00bb1\/4&Prime;][vc_single_image image=\u00a0\u00bb6860&Prime; img_size=\u00a0\u00bbfull\u00a0\u00bb alignment=\u00a0\u00bbcenter\u00a0\u00bb css_animation=\u00a0\u00bbnone\u00a0\u00bb css=\u00a0\u00bb.vc_custom_1591203020632{border-top-width: 2px !important;border-right-width: 2px !important;border-bottom-width: 2px !important;border-left-width: 2px !important;background-color: #ffffff !important;border-left-color: #ce3e8c !important;border-left-style: solid !important;border-right-color: #ce3e8c !important;border-right-style: solid !important;border-top-color: #ce3e8c !important;border-top-style: solid !important;border-bottom-color: #ce3e8c !important;border-bottom-style: solid !important;border-radius: 2px !important;}\u00a0\u00bb][\/vc_column_inner][vc_column_inner width=\u00a0\u00bb1\/4&Prime;]<div class=\"hgr-content-block \" style=\"margin-bottom:2em;\"><div class=\"hgr-contb-row\"><div class=\"hgr-contblock-icon\" style=\"color:;  \"><i class=\"icon icon fa fa-arrow-right normal-icon-cb\" style=\" font-size:16px!important; \"><\/i><\/div><div class=\"hgr-content\" style=\"padding-left:1em;\"><h4 style=\"color:\">EXTRACTEUR TIPLESS<\/h4><p style=\"color:\">Durable et atraumatique<\/p><\/div><\/div><\/div>[\/vc_column_inner][\/vc_row_inner][vc_row_inner css=\u00a0\u00bb.vc_custom_1512401358047{padding-top: 10px !important;}\u00a0\u00bb][vc_column_inner width=\u00a0\u00bb1\/4&Prime;][vc_single_image image=\u00a0\u00bb6862&Prime; img_size=\u00a0\u00bbfull\u00a0\u00bb alignment=\u00a0\u00bbcenter\u00a0\u00bb css_animation=\u00a0\u00bbnone\u00a0\u00bb css=\u00a0\u00bb.vc_custom_1591203059589{border-top-width: 2px !important;border-right-width: 2px !important;border-bottom-width: 2px !important;border-left-width: 2px !important;background-color: #ffffff !important;border-left-color: #ce3e8c !important;border-left-style: solid !important;border-right-color: #ce3e8c !important;border-right-style: solid !important;border-top-color: #ce3e8c !important;border-top-style: solid !important;border-bottom-color: #ce3e8c !important;border-bottom-style: solid !important;border-radius: 2px !important;}\u00a0\u00bb][\/vc_column_inner][vc_column_inner width=\u00a0\u00bb1\/4&Prime;]<div class=\"hgr-content-block \" style=\"margin-bottom:2em;\"><div class=\"hgr-contb-row\"><div class=\"hgr-contblock-icon\" style=\"color:;  \"><i class=\"icon icon fa fa-arrow-right normal-icon-cb\" style=\" font-size:16px!important; \"><\/i><\/div><div class=\"hgr-content\" style=\"padding-left:1em;\"><h4 style=\"color:\">POIGNEE ERGONOMIQUE<\/h4><p style=\"color:\">Avec un Touhy Borst permettant l'introduction d'une fibre laser 272\u03bcm <\/p><\/div><\/div><\/div>[\/vc_column_inner][vc_column_inner width=\u00a0\u00bb1\/4&Prime;][vc_single_image image=\u00a0\u00bb6861&Prime; img_size=\u00a0\u00bbfull\u00a0\u00bb alignment=\u00a0\u00bbcenter\u00a0\u00bb css_animation=\u00a0\u00bbnone\u00a0\u00bb css=\u00a0\u00bb.vc_custom_1591203045719{border-top-width: 2px !important;border-right-width: 2px !important;border-bottom-width: 2px !important;border-left-width: 2px !important;background-color: #ffffff !important;border-left-color: #ce3e8c !important;border-left-style: solid !important;border-right-color: #ce3e8c !important;border-right-style: solid !important;border-top-color: #ce3e8c !important;border-top-style: solid !important;border-bottom-color: #ce3e8c !important;border-bottom-style: solid !important;border-radius: 2px !important;}\u00a0\u00bb][\/vc_column_inner][vc_column_inner width=\u00a0\u00bb1\/4&Prime;]<div class=\"hgr-content-block \" style=\"margin-bottom:2em;\"><div class=\"hgr-contb-row\"><div class=\"hgr-contblock-icon\" style=\"color:;  \"><i class=\"icon icon fa fa-arrow-right normal-icon-cb\" style=\" font-size:16px!important; \"><\/i><\/div><div class=\"hgr-content\" style=\"padding-left:1em;\"><h4 style=\"color:\">EXTRACTEUR DE CALCUL COAXIAL<\/h4><\/div><\/div><\/div>[\/vc_column_inner][\/vc_row_inner][vc_row_inner css=\u00a0\u00bb.vc_custom_1512401358047{padding-top: 10px !important;}\u00a0\u00bb][vc_column_inner][vc_single_image image=\u00a0\u00bb6217&Prime; img_size=\u00a0\u00bbfull\u00a0\u00bb alignment=\u00a0\u00bbcenter\u00a0\u00bb css_animation=\u00a0\u00bbnone\u00a0\u00bb css=\u00a0\u00bb.vc_custom_1576670115809{border-top-width: 2px !important;border-right-width: 2px !important;border-bottom-width: 2px !important;border-left-width: 2px !important;background-color: #ffffff !important;border-left-color: #ce3e8c !important;border-left-style: solid !important;border-right-color: #ce3e8c !important;border-right-style: solid !important;border-top-color: #ce3e8c !important;border-top-style: solid !important;border-bottom-color: #ce3e8c !important;border-bottom-style: solid !important;border-radius: 2px !important;}\u00a0\u00bb][\/vc_column_inner][\/vc_row_inner][vc_separator color=\u00a0\u00bbcustom\u00a0\u00bb border_width=\u00a0\u00bb2&Prime; accent_color=\u00a0\u00bb#566565&Prime;][vc_column_text css=\u00a0\u00bb.vc_custom_1591706240337{margin-top: -20px !important;margin-bottom: 20px !important;}\u00a0\u00bb]<h2 id=\"tablepress-113-name\" class=\"tablepress-table-name tablepress-table-name-id-113\">PerkX - Extracteur de Calcul Coaxial pour la NLPC<\/h2>\n<span id=\"tablepress-113-description\" class=\"tablepress-table-description tablepress-table-description-id-113\"><\/span>\n\n<table id=\"tablepress-113\" class=\"tablepress tablepress-id-113 tableau\" aria-labelledby=\"tablepress-113-name\" aria-describedby=\"tablepress-113-description\">\n<thead>\n<tr class=\"row-1\">\n\t<th class=\"column-1\">Ref.<\/th><th class=\"column-2\">Taille (Fr)<\/th><th class=\"column-3\">Brins<\/th><th class=\"column-4\">Longueur (cm)<\/th><th class=\"column-5\">Cage \u00d8 (mm)<\/th><th class=\"column-6\">Longueur de <br \/>\nla cage (mm)<\/th><th class=\"column-7\">Description<\/th>\n<\/tr>\n<\/thead>\n<tbody class=\"row-striping\">\n<tr class=\"row-2\">\n\t<td class=\"column-1\">ROKP1001ST<\/td><td class=\"column-2\">10<\/td><td class=\"column-3\">4<\/td><td class=\"column-4\">38<\/td><td class=\"column-5\">20<\/td><td class=\"column-6\">17.5<\/td><td class=\"column-7\"> PerkX - Extracteur de Calcul Coaxial pour la NLPC pour fibre laser(max 272 \u00b5m)<\/td>\n<\/tr>\n<\/tbody>\n<\/table>\n<!-- #tablepress-113 from cache -->[\/vc_column_text][vc_column_text]<\/p>\n<h5>Conditionn\u00e9 s\u00e9par\u00e9ment\/ Dispositif st\u00e9rile \u00e0 usage unique \/ Boite de 1 unit\u00e9.<\/h5>\n<p>[\/vc_column_text][vc_column_text css=\u00a0\u00bb.vc_custom_1512484820677{border-top-width: 1px !important;padding-top: 5px !important;border-top-color: #566565 !important;border-top-style: solid !important;border-radius: 1px !important;}\u00a0\u00bb]<\/p>\n<h6>Products Specifications are subject to change without notice.<br \/>\nPlease consult product label and insert for any indications, contraindications, hazards, warnings, cautions and directions for use.<br \/>\nFor the latest information, always check the \u201cInstructions for Use\u201d that comes packaged with the product.<\/h6>\n<p>[\/vc_column_text][\/vc_column][\/vc_row]<\/p>\n<\/div>","protected":false},"excerpt":{"rendered":"<p>[vc_row full_width=\u00a0\u00bbstretch_row\u00a0\u00bb css=\u00a0\u00bb.vc_custom_1512399786081{padding-top: 50px !important;background-color: #ce3e8c !important;}\u00a0\u00bb][vc_column][vc_custom_heading text=\u00a0\u00bbPerkX Coaxial PCNL Stone Extractor\u00a0\u00bb font_container=\u00a0\u00bbtag:h2|text_align:left|color:%23ffffff\u00a0\u00bb use_theme_fonts=\u00a0\u00bbyes\u00a0\u00bb][\/vc_column][\/vc_row][vc_row css=\u00a0\u00bb.vc_custom_1591200370499{margin-right: 0px !important;}\u00a0\u00bb][vc_column width=\u00a0\u00bb1\/4&Prime; offset=\u00a0\u00bbvc_hidden-xs\u00a0\u00bb][vc_column_text][\/vc_column_text][\/vc_column][vc_column width=\u00a0\u00bb3\/4&Prime;][vc_row_inner css=\u00a0\u00bb.vc_custom_1591212638009{padding-top: 0px !important;background-image: url(https:\/\/www.rocamed.com\/wp-content\/uploads\/2020\/06\/ROCAMED_Flyer_PERCX_2020_Cover.png?id=6847) !important;background-position: center !important;background-repeat: no-repeat !important;background-size: cover !important;}\u00a0\u00bb][vc_column_inner css=\u00a0\u00bb.vc_custom_1591212856891{padding-top: 0px !important;}\u00a0\u00bb][vc_column_text css=\u00a0\u00bb.vc_custom_1591702852484{margin-bottom: 50px !important;border-top-width: 2px !important;border-top-color: #ce3e8c !important;border-top-style: solid !important;}\u00a0\u00bb] PerkX Extracteur de Calcul Coaxial Ideal pour\u00a0 pour retirer facilement de gros [&hellip;]<\/p>\n","protected":false},"author":1,"featured_media":0,"parent":2316,"menu_order":20,"comment_status":"open","ping_status":"closed","template":"","meta":{"content-type":"","_exactmetrics_skip_tracking":false,"_exactmetrics_sitenote_active":false,"_exactmetrics_sitenote_note":"","_exactmetrics_sitenote_category":0,"footnotes":""},"class_list":["post-6215","page","type-page","status-publish","hentry"],"translation":{"provider":"WPGlobus","version":"3.0.2","language":"fr","enabled_languages":["en","fr","it"],"languages":{"en":{"title":true,"content":true,"excerpt":false},"fr":{"title":true,"content":true,"excerpt":false},"it":{"title":false,"content":true,"excerpt":false}}},"_links":{"self":[{"href":"https:\/\/www.rocamed.com\/fr\/wp-json\/wp\/v2\/pages\/6215","targetHints":{"allow":["GET"]}}],"collection":[{"href":"https:\/\/www.rocamed.com\/fr\/wp-json\/wp\/v2\/pages"}],"about":[{"href":"https:\/\/www.rocamed.com\/fr\/wp-json\/wp\/v2\/types\/page"}],"author":[{"embeddable":true,"href":"https:\/\/www.rocamed.com\/fr\/wp-json\/wp\/v2\/users\/1"}],"replies":[{"embeddable":true,"href":"https:\/\/www.rocamed.com\/fr\/wp-json\/wp\/v2\/comments?post=6215"}],"version-history":[{"count":62,"href":"https:\/\/www.rocamed.com\/fr\/wp-json\/wp\/v2\/pages\/6215\/revisions"}],"predecessor-version":[{"id":9192,"href":"https:\/\/www.rocamed.com\/fr\/wp-json\/wp\/v2\/pages\/6215\/revisions\/9192"}],"up":[{"embeddable":true,"href":"https:\/\/www.rocamed.com\/fr\/wp-json\/wp\/v2\/pages\/2316"}],"wp:attachment":[{"href":"https:\/\/www.rocamed.com\/fr\/wp-json\/wp\/v2\/media?parent=6215"}],"curies":[{"name":"wp","href":"https:\/\/api.w.org\/{rel}","templated":true}]}}