{"id":5972,"date":"2019-09-16T14:52:18","date_gmt":"2019-09-16T12:52:18","guid":{"rendered":"https:\/\/www.rocamed.com\/?page_id=5972"},"modified":"2022-09-05T16:20:16","modified_gmt":"2022-09-05T14:20:16","slug":"jfil-minijfil","status":"publish","type":"page","link":"https:\/\/www.rocamed.com\/fr\/products\/endo-urology\/jfil-minijfil\/","title":{"rendered":"JFil\u00ae &#038; MiniJFil\u00ae- La Nouvelle g\u00e9n\u00e9ration de Stent Ur\u00e9t\u00e9ral sans boucle v\u00e9sicale"},"content":{"rendered":"<div class=\"wpb-content-wrapper\"><p>[vc_row full_width=\u00a0\u00bbstretch_row\u00a0\u00bb css=\u00a0\u00bb.vc_custom_1512399786081{padding-top: 50px !important;background-color: #ce3e8c !important;}\u00a0\u00bb][vc_column][vc_custom_heading text=\u00a0\u00bbENDO-UROLOGY PRODUCTS\u00a0\u00bb font_container=\u00a0\u00bbtag:h2|text_align:left|color:%23ffffff\u00a0\u00bb use_theme_fonts=\u00a0\u00bbyes\u00a0\u00bb][\/vc_column][\/vc_row][vc_row css_animation=\u00a0\u00bbfadeIn\u00a0\u00bb][vc_column width=\u00a0\u00bb1\/4&Prime; offset=\u00a0\u00bbvc_hidden-xs\u00a0\u00bb][vc_column_text][vc_custom_heading text=\"GAMMES & PRODUITS\" font_container=\"tag:h4|text_align:left|color:%23ffffff\" use_theme_fonts=\"yes\" css=\".vc_custom_1524665619963{padding-top: 5px !important;padding-right: 5px !important;padding-bottom: 3px !important;padding-left: 5px !important;background-color: #566565 !important;}\"]\n\n[vc_wp_custommenu nav_menu=\"59\" el_class=\"left_side_column-style\"]\n\n[vc_custom_heading text=\"CATALOGUE PRODUITS\" font_container=\"tag:h4|text_align:left|color:%23ffffff\" use_theme_fonts=\"yes\" css=\".vc_custom_1524582080658{margin-top: 20px !important;padding-top: 5px !important;padding-right: 5px !important;padding-bottom: 3px !important;padding-left: 5px !important;background-color: #566565 !important;}\"]\n\n<div class=\"hgr-content-block left_side_column-style\" style=\"margin-bottom:2em;\"><div class=\"hgr-contb-row\"><div class=\"hgr-contblock-icon\" style=\"color:#ce3e8c;  \"><i class=\"icon icon outline outline-bookmarks normal-icon-cb\" style=\" font-size:32px!important; \"><\/i><\/div><div class=\"hgr-content\" style=\"padding-left:1em;\"><h4 style=\"color:#566565\">Le catalogue Rocamed<\/h4><a class=\"hgr-contb-link morelink-white\" href=\"https:\/\/www.rocamed.com\/catalog\/\" target=\"_blank\" title=\"\">Consultez en ligne notre dernier catalogue produits<\/a><\/div><\/div><\/div>\n\n[vc_custom_heading text=\"NEWSLETTER\" font_container=\"tag:h4|text_align:left|color:%23ffffff\" use_theme_fonts=\"yes\" css=\".vc_custom_1584611603475{margin-top: 20px !important;padding-top: 5px !important;padding-right: 5px !important;padding-bottom: 3px !important;padding-left: 5px !important;background-color: #566565 !important;}\"]\n\n<div class=\"hgr-content-block left_side_column-style\" style=\"margin-bottom:2em;\"><div class=\"hgr-contb-row\"><div class=\"hgr-contblock-icon\" style=\"color:#ce3e8c;  \"><i class=\"icon icon fa fa-envelope-o normal-icon-cb\" style=\" font-size:32px!important; \"><\/i><\/div><div class=\"hgr-content\" style=\"padding-left:1em;\"><h4 style=\"color:#566565\">La newsletter Rocamed<\/h4><a class=\"hgr-contb-link morelink-white\" href=\"\/subscribe-to-rocamed-newsletter\/\" target=\"_blank\" title=\"\">Inscrivez-vous en ligne \u00e0 notre newsletter<\/a><\/div><\/div><\/div>\n\n[vc_single_image image=\"1857\" img_size=\"\" css_animation=\"rotateInDownLeft\" css=\".vc_custom_1584612083417{padding-top: 20px !important;padding-right: 20px !important;padding-bottom: 20px !important;padding-left: 20px !important;}\"][\/vc_column_text][\/vc_column][vc_column width=\u00a0\u00bb3\/4&Prime;][vc_column_text css=\u00a0\u00bb.vc_custom_1584548477533{border-top-width: 2px !important;border-top-color: #ce3e8c !important;border-top-style: solid !important;}\u00a0\u00bb]<\/p>\n<h1 style=\"text-align: left;\">JFil\u00ae &#038; MiniJFil\u00ae<\/h1>\n<h2 style=\"text-align: left;\">La Nouvelle G\u00e9n\u00e9ration de Stent Ur\u00e9t\u00e9ral sans boucle v\u00e9sicale<\/h2>\n<p>[\/vc_column_text][vc_row_inner][vc_column_inner width=\u00a0\u00bb1\/3&Prime;][vc_single_image image=\u00a0\u00bb5979&Prime; img_size=\u00a0\u00bblarge\u00a0\u00bb add_caption=\u00a0\u00bbyes\u00a0\u00bb alignment=\u00a0\u00bbcenter\u00a0\u00bb css=\u00a0\u00bb.vc_custom_1568640815276{border-top-width: 2px !important;border-right-width: 2px !important;border-bottom-width: 2px !important;border-left-width: 2px !important;border-left-color: #ce3e8c !important;border-left-style: solid !important;border-right-color: #ce3e8c !important;border-right-style: solid !important;border-top-color: #ce3e8c !important;border-top-style: solid !important;border-bottom-color: #ce3e8c !important;border-bottom-style: solid !important;border-radius: 2px !important;}\u00a0\u00bb][\/vc_column_inner][vc_column_inner width=\u00a0\u00bb1\/3&Prime;][vc_single_image image=\u00a0\u00bb5980&Prime; img_size=\u00a0\u00bblarge\u00a0\u00bb add_caption=\u00a0\u00bbyes\u00a0\u00bb alignment=\u00a0\u00bbcenter\u00a0\u00bb css=\u00a0\u00bb.vc_custom_1568640701598{border-top-width: 2px !important;border-right-width: 2px !important;border-bottom-width: 2px !important;border-left-width: 2px !important;border-left-color: #ce3e8c !important;border-left-style: solid !important;border-right-color: #ce3e8c !important;border-right-style: solid !important;border-top-color: #ce3e8c !important;border-top-style: solid !important;border-bottom-color: #ce3e8c !important;border-bottom-style: solid !important;border-radius: 2px !important;}\u00a0\u00bb][\/vc_column_inner][vc_column_inner width=\u00a0\u00bb1\/3&Prime;][vc_single_image image=\u00a0\u00bb5978&Prime; img_size=\u00a0\u00bblarge\u00a0\u00bb add_caption=\u00a0\u00bbyes\u00a0\u00bb alignment=\u00a0\u00bbcenter\u00a0\u00bb css=\u00a0\u00bb.vc_custom_1568642390205{border-top-width: 2px !important;border-right-width: 2px !important;border-bottom-width: 2px !important;border-left-width: 2px !important;border-left-color: #ce3e8c !important;border-left-style: solid !important;border-right-color: #ce3e8c !important;border-right-style: solid !important;border-top-color: #ce3e8c !important;border-top-style: solid !important;border-bottom-color: #ce3e8c !important;border-bottom-style: solid !important;border-radius: 2px !important;}\u00a0\u00bb][\/vc_column_inner][\/vc_row_inner][vc_row_inner disable_element=\u00a0\u00bbyes\u00a0\u00bb][vc_column_inner width=\u00a0\u00bb1\/6&Prime;][\/vc_column_inner][vc_column_inner width=\u00a0\u00bb2\/3&Prime; css=\u00a0\u00bb.vc_custom_1568705639961{margin-bottom: -20px !important;}\u00a0\u00bb]<div class=\"hgr-content-block \" style=\"margin-bottom:2em;\"><div class=\"hgr-contb-row\"><div class=\"hgr-contblock-icon\" style=\"color:;  \"><i class=\"icon icon fa fa-arrow-right normal-icon-cb\" style=\" font-size:16px!important; \"><\/i><\/div><div class=\"hgr-content\" style=\"padding-left:1em;\"><h4 style=\"color:\">Decreases urinary symptoms and pain<\/h4><\/div><\/div><\/div>[\/vc_column_inner][vc_column_inner width=\u00a0\u00bb1\/6&Prime;][\/vc_column_inner][\/vc_row_inner][vc_row_inner disable_element=\u00a0\u00bbyes\u00a0\u00bb][vc_column_inner width=\u00a0\u00bb1\/6&Prime;][\/vc_column_inner][vc_column_inner width=\u00a0\u00bb2\/3&Prime; css=\u00a0\u00bb.vc_custom_1568705648890{margin-bottom: -20px !important;}\u00a0\u00bb]<div class=\"hgr-content-block \" style=\"margin-bottom:2em;\"><div class=\"hgr-contb-row\"><div class=\"hgr-contblock-icon\" style=\"color:;  \"><i class=\"icon icon fa fa-arrow-right normal-icon-cb\" style=\" font-size:16px!important; \"><\/i><\/div><div class=\"hgr-content\" style=\"padding-left:1em;\"><h4 style=\"color:\">Less Edema<\/h4><\/div><\/div><\/div>[\/vc_column_inner][vc_column_inner width=\u00a0\u00bb1\/6&Prime;][\/vc_column_inner][\/vc_row_inner][vc_row_inner disable_element=\u00a0\u00bbyes\u00a0\u00bb][vc_column_inner width=\u00a0\u00bb1\/6&Prime;][\/vc_column_inner][vc_column_inner width=\u00a0\u00bb2\/3&Prime; css=\u00a0\u00bb.vc_custom_1568705656125{margin-bottom: -20px !important;}\u00a0\u00bb]<div class=\"hgr-content-block \" style=\"margin-bottom:2em;\"><div class=\"hgr-contb-row\"><div class=\"hgr-contblock-icon\" style=\"color:;  \"><i class=\"icon icon fa fa-arrow-right normal-icon-cb\" style=\" font-size:16px!important; \"><\/i><\/div><div class=\"hgr-content\" style=\"padding-left:1em;\"><h4 style=\"color:\">Less Edema<\/h4><\/div><\/div><\/div>[\/vc_column_inner][vc_column_inner width=\u00a0\u00bb1\/6&Prime;][\/vc_column_inner][\/vc_row_inner][vc_row_inner disable_element=\u00a0\u00bbyes\u00a0\u00bb][vc_column_inner width=\u00a0\u00bb1\/6&Prime;][\/vc_column_inner][vc_column_inner width=\u00a0\u00bb2\/3&Prime; css=\u00a0\u00bb.vc_custom_1568705656125{margin-bottom: -20px !important;}\u00a0\u00bb]<div class=\"hgr-content-block \" style=\"margin-bottom:2em;\"><div class=\"hgr-contb-row\"><div class=\"hgr-contblock-icon\" style=\"color:;  \"><i class=\"icon icon fa fa-arrow-right normal-icon-cb\" style=\" font-size:16px!important; \"><\/i><\/div><div class=\"hgr-content\" style=\"padding-left:1em;\"><h4 style=\"color:\">Less Urgency<\/h4><\/div><\/div><\/div>[\/vc_column_inner][vc_column_inner width=\u00a0\u00bb1\/6&Prime;][\/vc_column_inner][\/vc_row_inner][vc_row_inner disable_element=\u00a0\u00bbyes\u00a0\u00bb][vc_column_inner width=\u00a0\u00bb1\/6&Prime;][\/vc_column_inner][vc_column_inner width=\u00a0\u00bb2\/3&Prime; css=\u00a0\u00bb.vc_custom_1568705656125{margin-bottom: -20px !important;}\u00a0\u00bb]<div class=\"hgr-content-block \" style=\"margin-bottom:2em;\"><div class=\"hgr-contb-row\"><div class=\"hgr-contblock-icon\" style=\"color:;  \"><i class=\"icon icon fa fa-arrow-right normal-icon-cb\" style=\" font-size:16px!important; \"><\/i><\/div><div class=\"hgr-content\" style=\"padding-left:1em;\"><h4 style=\"color:\">Less Dysuria<\/h4><\/div><\/div><\/div>[\/vc_column_inner][vc_column_inner width=\u00a0\u00bb1\/6&Prime;][\/vc_column_inner][\/vc_row_inner][vc_row_inner disable_element=\u00a0\u00bbyes\u00a0\u00bb][vc_column_inner width=\u00a0\u00bb1\/6&Prime;][\/vc_column_inner][vc_column_inner width=\u00a0\u00bb2\/3&Prime; css=\u00a0\u00bb.vc_custom_1568705656125{margin-bottom: -20px !important;}\u00a0\u00bb]<div class=\"hgr-content-block \" style=\"margin-bottom:2em;\"><div class=\"hgr-contb-row\"><div class=\"hgr-contblock-icon\" style=\"color:;  \"><i class=\"icon icon fa fa-arrow-right normal-icon-cb\" style=\" font-size:16px!important; \"><\/i><\/div><div class=\"hgr-content\" style=\"padding-left:1em;\"><h4 style=\"color:\">Excellent dilation of the ureter by sutures<\/h4><\/div><\/div><\/div>[\/vc_column_inner][vc_column_inner width=\u00a0\u00bb1\/6&Prime;][\/vc_column_inner][\/vc_row_inner][vc_empty_space height=\u00a0\u00bb20&Prime;][vc_separator color=\u00a0\u00bbcustom\u00a0\u00bb border_width=\u00a0\u00bb2&Prime; accent_color=\u00a0\u00bb#566565&Prime;][vc_column_text]<\/p>\n<h1 class=\"title style-scope ytd-video-primary-info-renderer\">T\u00e9moignage d&rsquo;un patient Jfil\u00ae<\/h1>\n<h5 class=\"title style-scope ytd-video-primary-info-renderer\">par le Docteur Vogt<\/h5>\n<h2><\/h2>\n<p>[\/vc_column_text][vc_video link=\u00a0\u00bbhttps:\/\/www.youtube.com\/watch?v=S9TADwJwFes\u00a0\u00bb][vc_empty_space height=\u00a0\u00bb20&Prime;][vc_separator color=\u00a0\u00bbcustom\u00a0\u00bb border_width=\u00a0\u00bb2&Prime; accent_color=\u00a0\u00bb#566565&Prime;][vc_column_text]<\/p>\n<h1 class=\"title style-scope ytd-video-primary-info-renderer\">Jfil\u00ae Placement<\/h1>\n<h2><\/h2>\n<p>[\/vc_column_text][vc_video link=\u00a0\u00bbhttps:\/\/www.youtube.com\/watch?v=_9B5F6k9sJY\u00a0\u00bb][vc_empty_space height=\u00a0\u00bb20&Prime;][vc_separator color=\u00a0\u00bbcustom\u00a0\u00bb border_width=\u00a0\u00bb2&Prime; accent_color=\u00a0\u00bb#566565&Prime;][vc_column_text]<\/p>\n<h1 style=\"text-align: left;\">Litt\u00e9rature<\/h1>\n<h2><\/h2>\n<p>[\/vc_column_text][vc_row_inner][vc_column_inner width=\u00a0\u00bb1\/6&Prime;][\/vc_column_inner][vc_column_inner width=\u00a0\u00bb2\/3&Prime;][vc_column_text css=\u00a0\u00bb.vc_custom_1568717289828{margin-top: -20px !important;border-bottom-width: 1px !important;padding-top: 0px !important;padding-bottom: 10px !important;border-bottom-color: #566565 !important;border-bottom-style: dotted !important;}\u00a0\u00bb]Changing the double pigtail stent by a new suture stent to improve patient quality of life. A prospective study.<\/p>\n<h6 style=\"text-align: right;\"><em>B. Vogt et al. World Journal of Urology 2015, 33(8):1061-8.<\/em><\/h6>\n<p>[\/vc_column_text][vc_column_text css=\u00a0\u00bb.vc_custom_1568717277492{margin-top: -20px !important;border-bottom-width: 1px !important;padding-top: 0px !important;padding-bottom: 10px !important;border-bottom-color: #566565 !important;border-bottom-style: dotted !important;}\u00a0\u00bb]<\/p>\n<p style=\"text-align: left;\">MiniJFil\u00ae: A new safe and effective stent for a well-tolerated repeated extracorporeal shockwave lithotripsy or ureteroscopy for medium- to large-sized kidney stones?<\/p>\n<h6 style=\"text-align: right;\"><em>B. Vogt et al. Nephro-Urology Monthly 2016, 13;8(5):e40788.<\/em><\/h6>\n<p>[\/vc_column_text][vc_column_text css=\u00a0\u00bb.vc_custom_1568717204860{margin-top: -20px !important;border-bottom-width: 1px !important;padding-top: 0px !important;padding-bottom: 10px !important;border-bottom-color: #566565 !important;border-bottom-style: dotted !important;}\u00a0\u00bb]<\/p>\n<p style=\"text-align: left;\">Advances in ureteral stent development.<\/p>\n<h6 style=\"text-align: right;\"><em>B.H. Chew et al. Current Opinion in Urology 2016, 26(3):277-82.<\/em><\/h6>\n<p>[\/vc_column_text][vc_column_text css=\u00a0\u00bb.vc_custom_1568717257160{margin-top: -20px !important;border-bottom-width: 1px !important;padding-top: 0px !important;padding-bottom: 10px !important;border-bottom-color: #566565 !important;border-bottom-style: dotted !important;}\u00a0\u00bb]<\/p>\n<p style=\"text-align: left;\">Prevention and treatment of symptoms associated with indwelling ureteral stents: A systematic review.<\/p>\n<h6 style=\"text-align: right;\"><em>P. Betschart et al. International Journal of Urology 2017, 24(4):250-9.<\/em><\/h6>\n<p>[\/vc_column_text][vc_column_text css=\u00a0\u00bb.vc_custom_1568717233951{margin-top: -20px !important;border-bottom-width: 1px !important;padding-top: 0px !important;padding-bottom: 10px !important;border-bottom-color: #566565 !important;border-bottom-style: dotted !important;}\u00a0\u00bb]<\/p>\n<p style=\"text-align: left;\">Ureteral stents in urolithiasis.<\/p>\n<h6 style=\"text-align: right;\"><em>M. Beysens et al. Asian Journal of Urology 2018, 5(4):274-86.<\/em><\/h6>\n<p>[\/vc_column_text][\/vc_column_inner][vc_column_inner width=\u00a0\u00bb1\/6&Prime;][\/vc_column_inner][\/vc_row_inner][vc_column_text]<h2 id=\"tablepress-87-name\" class=\"tablepress-table-name tablepress-table-name-id-87\">Les Indications:<\/h2>\n\n<table id=\"tablepress-87\" class=\"tablepress tablepress-id-87 tableau\" aria-labelledby=\"tablepress-87-name\">\n<thead>\n<tr class=\"row-1\">\n\t<td class=\"column-1\"><\/td><th class=\"column-2\">Dur\u00e9e d'implantation<\/th><th class=\"column-3\">Dilatation Pre-op\u00e9ratoire<\/th><th class=\"column-4\">Calcul  Obstructive dans l'UPJ<\/th><th class=\"column-5\">Calcul Non Obstructive<\/th>\n<\/tr>\n<\/thead>\n<tbody class=\"row-striping\">\n<tr class=\"row-2\">\n\t<td class=\"column-1\">JFil\u00ae<\/td><td class=\"column-2\">Jusqu'\u00e0 12 mois<\/td><td class=\"column-3\">\u2713<\/td><td class=\"column-4\">\u2713<\/td><td class=\"column-5\">\u2713<\/td>\n<\/tr>\n<tr class=\"row-3\">\n\t<td class=\"column-1\">MiniJFil\u00ae<\/td><td class=\"column-2\">Jusqu'\u00e0 12 mois<\/td><td class=\"column-3\">\u2713<\/td><td class=\"column-4\">No<\/td><td class=\"column-5\">\u2713<\/td>\n<\/tr>\n<\/tbody>\n<\/table>\n<!-- #tablepress-87 from cache -->[\/vc_column_text][vc_separator color=\u00a0\u00bbcustom\u00a0\u00bb border_width=\u00a0\u00bb2&Prime; accent_color=\u00a0\u00bb#566565&Prime;][vc_column_text]<h2 id=\"tablepress-86-name\" class=\"tablepress-table-name tablepress-table-name-id-86\">JFil\u00ae &amp; MiniJFil\u00ae<\/h2>\n\n<table id=\"tablepress-86\" class=\"tablepress tablepress-id-86 tableau tbody-has-connected-cells\" aria-labelledby=\"tablepress-86-name\">\n<thead>\n<tr class=\"row-1\">\n\t<th class=\"column-1\">R\u00e9f\u00e9rences<\/th><th class=\"column-2\">Description<\/th><th class=\"column-3\">Taille (Fr)<\/th><th class=\"column-4\">Longueur (mm) <\/th><th class=\"column-5\">Fil Guide<\/th>\n<\/tr>\n<\/thead>\n<tbody class=\"row-striping\">\n<tr class=\"row-2\">\n\t<td class=\"column-1\">ROJV0708ST<\/td><td class=\"column-2\">JFil\u00ae Ureteral Suture Stent<\/td><td class=\"column-3\">7<\/td><td class=\"column-4\">80<\/td><td rowspan=\"3\" class=\"column-5\">STIFF en Nitinol<\/td>\n<\/tr>\n<tr class=\"row-3\">\n\t<td class=\"column-1\">ROJV0716ST<\/td><td class=\"column-2\">JFil\u00ae Ureteral Suture Stent<\/td><td class=\"column-3\">7<\/td><td class=\"column-4\">160<\/td>\n<\/tr>\n<tr class=\"row-4\">\n\t<td class=\"column-1\">ROJV0500ST<\/td><td class=\"column-2\">MiniJFil\u00ae Ureteral Suture Stent<\/td><td class=\"column-3\">4,8<\/td><td class=\"column-4\">-<\/td>\n<\/tr>\n<tr class=\"row-5\">\n\t<td colspan=\"5\" class=\"column-1\">Composition du Kit:<br \/>\nStent Ur\u00e9t\u00e9ral sans boucle v\u00e9sicale en PU <br \/>\n\tPoussoir connectable avec une bague radio-opaque \/  Fil guide STIFF en Nitinol  \u00d8 0.035i<\/td>\n<\/tr>\n<\/tbody>\n<\/table>\n<!-- #tablepress-86 from cache -->[\/vc_column_text][vc_separator color=\u00a0\u00bbcustom\u00a0\u00bb border_width=\u00a0\u00bb2&Prime; accent_color=\u00a0\u00bb#566565&Prime;][vc_column_text]<h2 id=\"tablepress-137-name\" class=\"tablepress-table-name tablepress-table-name-id-137\">JFil\u00ae &amp; MiniJFil\u00ae KIT ECO<\/h2>\n\n<table id=\"tablepress-137\" class=\"tablepress tablepress-id-137 tableau tbody-has-connected-cells\" aria-labelledby=\"tablepress-137-name\">\n<thead>\n<tr class=\"row-1\">\n\t<th class=\"column-1\">R\u00e9f\u00e9rences<\/th><th class=\"column-2\">Description<\/th><th class=\"column-3\">Taille (Fr)<\/th><th class=\"column-4\">Longueur (mm) <\/th><th class=\"column-5\">Fil Guide<\/th>\n<\/tr>\n<\/thead>\n<tbody class=\"row-striping\">\n<tr class=\"row-2\">\n\t<td class=\"column-1\">ROJV5708ST<\/td><td class=\"column-2\">JFil\u00ae Ureteral Suture Stent KIT ECO<\/td><td class=\"column-3\">7<\/td><td class=\"column-4\">80<\/td><td rowspan=\"3\" class=\"column-5\">Non<\/td>\n<\/tr>\n<tr class=\"row-3\">\n\t<td class=\"column-1\">ROJV5716ST<\/td><td class=\"column-2\">JFil\u00ae Ureteral Suture Stent KIT ECO<\/td><td class=\"column-3\">7<\/td><td class=\"column-4\">160<\/td>\n<\/tr>\n<tr class=\"row-4\">\n\t<td class=\"column-1\">ROJV5500ST<\/td><td class=\"column-2\">MiniJFil\u00ae Ureteral Suture Stent KIT ECO<\/td><td class=\"column-3\">4,8<\/td><td class=\"column-4\">-<\/td>\n<\/tr>\n<tr class=\"row-5\">\n\t<td colspan=\"5\" class=\"column-1\">Composition du KIT ECO:<br \/>\nStent Ur\u00e9t\u00e9ral sans boucle v\u00e9sicale en PU <br \/>\n\tPoussoir connectable avec une bague radio-opaque \/  Pas de fil guide<\/td>\n<\/tr>\n<\/tbody>\n<\/table>\n<!-- #tablepress-137 from cache -->[\/vc_column_text][vc_column_text css=\u00a0\u00bb.vc_custom_1512484820677{border-top-width: 1px !important;padding-top: 5px !important;border-top-color: #566565 !important;border-top-style: solid !important;border-radius: 1px !important;}\u00a0\u00bb]<\/p>\n<h6>Products Specifications are subject to change without notice.<br \/>\nPlease consult product label and insert for any indications, contraindications, hazards, warnings, cautions and directions for use.<br \/>\nFor the latest information, always check the \u201cInstructions for Use\u201d that comes packaged with the product.<\/h6>\n<p>[\/vc_column_text][vc_separator color=\u00a0\u00bbcustom\u00a0\u00bb border_width=\u00a0\u00bb2&Prime; accent_color=\u00a0\u00bb#566565&Prime;][\/vc_column][\/vc_row]<\/p>\n<\/div>","protected":false},"excerpt":{"rendered":"<p>[vc_row full_width=\u00a0\u00bbstretch_row\u00a0\u00bb css=\u00a0\u00bb.vc_custom_1512399786081{padding-top: 50px !important;background-color: #ce3e8c !important;}\u00a0\u00bb][vc_column][vc_custom_heading text=\u00a0\u00bbENDO-UROLOGY PRODUCTS\u00a0\u00bb font_container=\u00a0\u00bbtag:h2|text_align:left|color:%23ffffff\u00a0\u00bb use_theme_fonts=\u00a0\u00bbyes\u00a0\u00bb][\/vc_column][\/vc_row][vc_row css_animation=\u00a0\u00bbfadeIn\u00a0\u00bb][vc_column width=\u00a0\u00bb1\/4&Prime; offset=\u00a0\u00bbvc_hidden-xs\u00a0\u00bb][vc_column_text][\/vc_column_text][\/vc_column][vc_column width=\u00a0\u00bb3\/4&Prime;][vc_column_text css=\u00a0\u00bb.vc_custom_1584548477533{border-top-width: 2px !important;border-top-color: #ce3e8c !important;border-top-style: solid !important;}\u00a0\u00bb] JFil\u00ae &#038; MiniJFil\u00ae La Nouvelle G\u00e9n\u00e9ration de Stent Ur\u00e9t\u00e9ral sans boucle v\u00e9sicale [\/vc_column_text][vc_row_inner][vc_column_inner width=\u00a0\u00bb1\/3&Prime;][vc_single_image image=\u00a0\u00bb5979&Prime; img_size=\u00a0\u00bblarge\u00a0\u00bb add_caption=\u00a0\u00bbyes\u00a0\u00bb alignment=\u00a0\u00bbcenter\u00a0\u00bb css=\u00a0\u00bb.vc_custom_1568640815276{border-top-width: 2px !important;border-right-width: 2px !important;border-bottom-width: 2px !important;border-left-width: 2px !important;border-left-color: #ce3e8c !important;border-left-style: solid !important;border-right-color: #ce3e8c !important;border-right-style: [&hellip;]<\/p>\n","protected":false},"author":1,"featured_media":0,"parent":1884,"menu_order":20,"comment_status":"open","ping_status":"closed","template":"","meta":{"content-type":"","_exactmetrics_skip_tracking":false,"_exactmetrics_sitenote_active":false,"_exactmetrics_sitenote_note":"","_exactmetrics_sitenote_category":0,"footnotes":""},"class_list":["post-5972","page","type-page","status-publish","hentry"],"translation":{"provider":"WPGlobus","version":"3.0.2","language":"fr","enabled_languages":["en","fr","it"],"languages":{"en":{"title":true,"content":true,"excerpt":false},"fr":{"title":true,"content":true,"excerpt":false},"it":{"title":true,"content":true,"excerpt":false}}},"_links":{"self":[{"href":"https:\/\/www.rocamed.com\/fr\/wp-json\/wp\/v2\/pages\/5972","targetHints":{"allow":["GET"]}}],"collection":[{"href":"https:\/\/www.rocamed.com\/fr\/wp-json\/wp\/v2\/pages"}],"about":[{"href":"https:\/\/www.rocamed.com\/fr\/wp-json\/wp\/v2\/types\/page"}],"author":[{"embeddable":true,"href":"https:\/\/www.rocamed.com\/fr\/wp-json\/wp\/v2\/users\/1"}],"replies":[{"embeddable":true,"href":"https:\/\/www.rocamed.com\/fr\/wp-json\/wp\/v2\/comments?post=5972"}],"version-history":[{"count":90,"href":"https:\/\/www.rocamed.com\/fr\/wp-json\/wp\/v2\/pages\/5972\/revisions"}],"predecessor-version":[{"id":9437,"href":"https:\/\/www.rocamed.com\/fr\/wp-json\/wp\/v2\/pages\/5972\/revisions\/9437"}],"up":[{"embeddable":true,"href":"https:\/\/www.rocamed.com\/fr\/wp-json\/wp\/v2\/pages\/1884"}],"wp:attachment":[{"href":"https:\/\/www.rocamed.com\/fr\/wp-json\/wp\/v2\/media?parent=5972"}],"curies":[{"name":"wp","href":"https:\/\/api.w.org\/{rel}","templated":true}]}}