{"id":5875,"date":"2019-03-01T17:01:32","date_gmt":"2019-03-01T16:01:32","guid":{"rendered":"https:\/\/www.rocamed.com\/?page_id=5875"},"modified":"2022-08-29T15:17:09","modified_gmt":"2022-08-29T13:17:09","slug":"jj-firm-simple-kit","status":"publish","type":"page","link":"https:\/\/www.rocamed.com\/fr\/products\/endo-urology\/jj-firm-simple-kit\/","title":{"rendered":"JJ Endofirm &#8211; KIT SIMPLE"},"content":{"rendered":"<div class=\"wpb-content-wrapper\"><p>[vc_row full_width=\u00a0\u00bbstretch_row\u00a0\u00bb css=\u00a0\u00bb.vc_custom_1512399786081{padding-top: 50px !important;background-color: #ce3e8c !important;}\u00a0\u00bb][vc_column][vc_custom_heading text=\u00a0\u00bbENDO-UROLOGY PRODUCTS\u00a0\u00bb font_container=\u00a0\u00bbtag:h2|text_align:left|color:%23ffffff\u00a0\u00bb use_theme_fonts=\u00a0\u00bbyes\u00a0\u00bb][\/vc_column][\/vc_row][vc_row css_animation=\u00a0\u00bbfadeIn\u00a0\u00bb][vc_column width=\u00a0\u00bb1\/4&Prime; offset=\u00a0\u00bbvc_hidden-xs\u00a0\u00bb][vc_column_text][vc_custom_heading text=\"GAMMES & PRODUITS\" font_container=\"tag:h4|text_align:left|color:%23ffffff\" use_theme_fonts=\"yes\" css=\".vc_custom_1524665619963{padding-top: 5px !important;padding-right: 5px !important;padding-bottom: 3px !important;padding-left: 5px !important;background-color: #566565 !important;}\"]\n\n[vc_wp_custommenu nav_menu=\"59\" el_class=\"left_side_column-style\"]\n\n[vc_custom_heading text=\"CATALOGUE PRODUITS\" font_container=\"tag:h4|text_align:left|color:%23ffffff\" use_theme_fonts=\"yes\" css=\".vc_custom_1524582080658{margin-top: 20px !important;padding-top: 5px !important;padding-right: 5px !important;padding-bottom: 3px !important;padding-left: 5px !important;background-color: #566565 !important;}\"]\n\n<div class=\"hgr-content-block left_side_column-style\" style=\"margin-bottom:2em;\"><div class=\"hgr-contb-row\"><div class=\"hgr-contblock-icon\" style=\"color:#ce3e8c;  \"><i class=\"icon icon outline outline-bookmarks normal-icon-cb\" style=\" font-size:32px!important; \"><\/i><\/div><div class=\"hgr-content\" style=\"padding-left:1em;\"><h4 style=\"color:#566565\">Le catalogue Rocamed<\/h4><a class=\"hgr-contb-link morelink-white\" href=\"https:\/\/www.rocamed.com\/catalog\/\" target=\"_blank\" title=\"\">Consultez en ligne notre dernier catalogue produits<\/a><\/div><\/div><\/div>\n\n[vc_custom_heading text=\"NEWSLETTER\" font_container=\"tag:h4|text_align:left|color:%23ffffff\" use_theme_fonts=\"yes\" css=\".vc_custom_1584611603475{margin-top: 20px !important;padding-top: 5px !important;padding-right: 5px !important;padding-bottom: 3px !important;padding-left: 5px !important;background-color: #566565 !important;}\"]\n\n<div class=\"hgr-content-block left_side_column-style\" style=\"margin-bottom:2em;\"><div class=\"hgr-contb-row\"><div class=\"hgr-contblock-icon\" style=\"color:#ce3e8c;  \"><i class=\"icon icon fa fa-envelope-o normal-icon-cb\" style=\" font-size:32px!important; \"><\/i><\/div><div class=\"hgr-content\" style=\"padding-left:1em;\"><h4 style=\"color:#566565\">La newsletter Rocamed<\/h4><a class=\"hgr-contb-link morelink-white\" href=\"\/subscribe-to-rocamed-newsletter\/\" target=\"_blank\" title=\"\">Inscrivez-vous en ligne \u00e0 notre newsletter<\/a><\/div><\/div><\/div>\n\n[vc_single_image image=\"1857\" img_size=\"\" css_animation=\"rotateInDownLeft\" css=\".vc_custom_1584612083417{padding-top: 20px !important;padding-right: 20px !important;padding-bottom: 20px !important;padding-left: 20px !important;}\"][\/vc_column_text][\/vc_column][vc_column width=\u00a0\u00bb3\/4&Prime;][vc_column_text css=\u00a0\u00bb.vc_custom_1584784128453{border-top-width: 2px !important;border-top-color: #ce3e8c !important;border-top-style: solid !important;}\u00a0\u00bb]<\/p>\n<h1 style=\"text-align: left;\">JJ Endofirm &#8211; KIT SIMPLE<\/h1>\n<h2>Tuteurs Ur\u00e9t\u00e9raux Double J en Polyur\u00e9thane<\/h2>\n<p>[\/vc_column_text][vc_column_text css=\u00a0\u00bb.vc_custom_1594892065953{border-top-width: 1px !important;padding-top: 5px !important;border-top-color: #566565 !important;border-top-style: solid !important;border-radius: 1px !important;}\u00a0\u00bb]Des Stents Ur\u00e9t\u00e9raux FIRM Double J radio-opaques; pour une excellente tol\u00e9rance patient et une r\u00e9sistance \u00e9lev\u00e9e \u00e0 l\u2019incrustation.[\/vc_column_text][vc_row_inner][vc_column_inner width=\u00a0\u00bb2\/3&Prime;][vc_single_image image=\u00a0\u00bb5877&Prime; img_size=\u00a0\u00bbfull\u00a0\u00bb css=\u00a0\u00bb.vc_custom_1551456677600{border-top-width: 2px !important;border-right-width: 2px !important;border-bottom-width: 2px !important;border-left-width: 2px !important;padding-top: 20px !important;padding-right: 20px !important;padding-bottom: 20px !important;padding-left: 20px !important;background-color: #ffffff !important;border-left-color: #ce3e8c !important;border-left-style: solid !important;border-right-color: #ce3e8c !important;border-right-style: solid !important;border-top-color: #ce3e8c !important;border-top-style: solid !important;border-bottom-color: #ce3e8c !important;border-bottom-style: solid !important;}\u00a0\u00bb][\/vc_column_inner][vc_column_inner width=\u00a0\u00bb1\/3&Prime;][vc_single_image image=\u00a0\u00bb4756&Prime;][vc_column_text css=\u00a0\u00bb.vc_custom_1551456693215{border-top-width: 1px !important;padding-top: 5px !important;border-top-color: #566565 !important;border-top-style: solid !important;border-radius: 1px !important;}\u00a0\u00bb]PTFE Guide Wire<\/p>\n<h2><\/h2>\n<p>[\/vc_column_text][vc_video link=\u00a0\u00bbhttps:\/\/www.youtube.com\/watch?v=vG2aSERtGbc\u00a0\u00bb][vc_column_text css=\u00a0\u00bb.vc_custom_1530536120587{border-top-width: 1px !important;padding-top: 5px !important;border-top-color: #566565 !important;border-top-style: solid !important;border-radius: 1px !important;}\u00a0\u00bb]<\/p>\n<div id=\"related\" class=\"style-scope ytd-watch\">\n<div id=\"items\" class=\"style-scope ytd-watch-next-secondary-results-renderer\">\n<div id=\"dismissable\" class=\"style-scope ytd-compact-video-renderer\">\n<p>Video RocaJJ by ROCAMED<\/p>\n<\/div>\n<\/div>\n<\/div>\n<p>[\/vc_column_text][\/vc_column_inner][\/vc_row_inner][vc_row_inner][vc_column_inner width=\u00a0\u00bb1\/2&Prime;]<div class=\"hgr-content-block \" style=\"margin-bottom:2em;\"><div class=\"hgr-contb-row\"><div class=\"hgr-contblock-icon\" style=\"color:;  \"><i class=\"icon icon fa fa-arrow-right normal-icon-cb\" style=\" font-size:16px!important; \"><\/i><\/div><div class=\"hgr-content\" style=\"padding-left:1em;\"><p style=\"color:\">Fil de retrait<\/p><\/div><\/div><\/div><div class=\"hgr-content-block \" style=\"margin-bottom:2em;\"><div class=\"hgr-contb-row\"><div class=\"hgr-contblock-icon\" style=\"color:;  \"><i class=\"icon icon fa fa-arrow-right normal-icon-cb\" style=\" font-size:16px!important; \"><\/i><\/div><div class=\"hgr-content\" style=\"padding-left:1em;\"><p style=\"color:\">Tr\u00e8s Radio-opaque<\/p><\/div><\/div><\/div><div class=\"hgr-content-block \" style=\"margin-bottom:2em;\"><div class=\"hgr-contb-row\"><div class=\"hgr-contblock-icon\" style=\"color:;  \"><i class=\"icon icon fa fa-arrow-right normal-icon-cb\" style=\" font-size:16px!important; \"><\/i><\/div><div class=\"hgr-content\" style=\"padding-left:1em;\"><p style=\"color:\">Jusqu\u2019\u00e0 12 mois d'implantation<\/p><\/div><\/div><\/div><div class=\"hgr-content-block \" style=\"margin-bottom:2em;\"><div class=\"hgr-contb-row\"><div class=\"hgr-contblock-icon\" style=\"color:;  \"><i class=\"icon icon fa fa-arrow-right normal-icon-cb\" style=\" font-size:16px!important; \"><\/i><\/div><div class=\"hgr-content\" style=\"padding-left:1em;\"><p style=\"color:\">Poussoir simple avec une bague radio-opaque<\/p><\/div><\/div><\/div>[\/vc_column_inner][vc_column_inner width=\u00a0\u00bb1\/2&Prime;][\/vc_column_inner][\/vc_row_inner][vc_column_text css=\u00a0\u00bb.vc_custom_1584784279643{border-top-width: 1px !important;padding-top: 5px !important;border-top-color: #566565 !important;border-top-style: solid !important;border-radius: 1px !important;}\u00a0\u00bb]<strong>Composition du Kit:<\/strong><\/p>\n<div class=\"wpb_text_column wpb_content_element  vc_custom_1584781449515\">\n<div class=\"wpb_wrapper\">\n<ul>\n<li>Tuteur Ur\u00e9t\u00e9ral en PU<\/li>\n<li>Poussoir simple de 40cm de longueur avec une bague radio-opaque<\/li>\n<li>Fil Guide en PTFE (\u00d8 0.035i)<\/li>\n<li>Fiche d\u2019enregistrement Patient<\/li>\n<\/ul>\n<\/div>\n<\/div>\n<p>[\/vc_column_text][vc_separator color=\u00a0\u00bbcustom\u00a0\u00bb border_width=\u00a0\u00bb2&Prime; accent_color=\u00a0\u00bb#566565&Prime;][vc_row_inner][vc_column_inner][vc_column_text]<h2 id=\"tablepress-91-name\" class=\"tablepress-table-name tablepress-table-name-id-91\">Endofirm- ECO KIT<\/h2>\n<span id=\"tablepress-91-description\" class=\"tablepress-table-description tablepress-table-description-id-91\"><\/span>\n\n<table id=\"tablepress-91\" class=\"tablepress tablepress-id-91 tableau tbody-has-connected-cells\" aria-labelledby=\"tablepress-91-name\" aria-describedby=\"tablepress-91-description\">\n<tbody class=\"row-striping\">\n<tr class=\"row-1\">\n\t<td class=\"column-1\">\u00d8 Fr<\/td><td class=\"column-2\">Fil Guide<\/td><td class=\"column-3\">22cm<\/td><td class=\"column-4\">24cm<\/td><td class=\"column-5\">26cm<\/td><td class=\"column-6\">28cm<\/td>\n<\/tr>\n<tr class=\"row-2\">\n\t<td class=\"column-1\">6,0 <\/td><td class=\"column-2\">NO<\/td><td class=\"column-3\">ROJF5622ST<\/td><td class=\"column-4\">ROJF5624ST<\/td><td class=\"column-5\">ROJF5626ST<\/td><td class=\"column-6\">ROJF5628ST<\/td>\n<\/tr>\n<tr class=\"row-3\">\n\t<td class=\"column-1\">7,0<\/td><td class=\"column-2\">NO<\/td><td class=\"column-3\">N\/A<\/td><td class=\"column-4\">ROJF5724ST<\/td><td class=\"column-5\">ROJF5726ST<\/td><td class=\"column-6\">ROJF5728ST<\/td>\n<\/tr>\n<tr class=\"row-4\">\n\t<td colspan=\"6\" class=\"column-1\"><\/td>\n<\/tr>\n<\/tbody>\n<\/table>\n<!-- #tablepress-91 from cache -->[\/vc_column_text][\/vc_column_inner][\/vc_row_inner][vc_column_text css=\u00a0\u00bb.vc_custom_1530534659641{border-top-width: 1px !important;padding-top: 5px !important;border-top-color: #566565 !important;border-top-style: solid !important;border-radius: 1px !important;}\u00a0\u00bb]<\/p>\n<h6>Products Specifications are subject to change without notice.Please consult product label and insert for any indications, contraindications, hazards, warnings, cautions and directions for use.<br \/>\nFor the latest information, always check the \u201cInstructions for Use\u201d that comes packaged with the product.<\/h6>\n<p>[\/vc_column_text][\/vc_column][\/vc_row]<\/p>\n<\/div>","protected":false},"excerpt":{"rendered":"<p>[vc_row full_width=\u00a0\u00bbstretch_row\u00a0\u00bb css=\u00a0\u00bb.vc_custom_1512399786081{padding-top: 50px !important;background-color: #ce3e8c !important;}\u00a0\u00bb][vc_column][vc_custom_heading text=\u00a0\u00bbENDO-UROLOGY PRODUCTS\u00a0\u00bb font_container=\u00a0\u00bbtag:h2|text_align:left|color:%23ffffff\u00a0\u00bb use_theme_fonts=\u00a0\u00bbyes\u00a0\u00bb][\/vc_column][\/vc_row][vc_row css_animation=\u00a0\u00bbfadeIn\u00a0\u00bb][vc_column width=\u00a0\u00bb1\/4&Prime; offset=\u00a0\u00bbvc_hidden-xs\u00a0\u00bb][vc_column_text][\/vc_column_text][\/vc_column][vc_column width=\u00a0\u00bb3\/4&Prime;][vc_column_text css=\u00a0\u00bb.vc_custom_1584784128453{border-top-width: 2px !important;border-top-color: #ce3e8c !important;border-top-style: solid !important;}\u00a0\u00bb] JJ Endofirm &#8211; KIT SIMPLE Tuteurs Ur\u00e9t\u00e9raux Double J en Polyur\u00e9thane [\/vc_column_text][vc_column_text css=\u00a0\u00bb.vc_custom_1594892065953{border-top-width: 1px !important;padding-top: 5px !important;border-top-color: #566565 !important;border-top-style: solid !important;border-radius: 1px !important;}\u00a0\u00bb]Des Stents Ur\u00e9t\u00e9raux FIRM Double J radio-opaques; pour une excellente tol\u00e9rance [&hellip;]<\/p>\n","protected":false},"author":3,"featured_media":0,"parent":1884,"menu_order":20,"comment_status":"open","ping_status":"closed","template":"","meta":{"content-type":"","_exactmetrics_skip_tracking":false,"_exactmetrics_sitenote_active":false,"_exactmetrics_sitenote_note":"","_exactmetrics_sitenote_category":0,"footnotes":""},"class_list":["post-5875","page","type-page","status-publish","hentry"],"translation":{"provider":"WPGlobus","version":"3.0.2","language":"fr","enabled_languages":["en","fr","it"],"languages":{"en":{"title":true,"content":true,"excerpt":false},"fr":{"title":true,"content":true,"excerpt":false},"it":{"title":true,"content":true,"excerpt":false}}},"_links":{"self":[{"href":"https:\/\/www.rocamed.com\/fr\/wp-json\/wp\/v2\/pages\/5875","targetHints":{"allow":["GET"]}}],"collection":[{"href":"https:\/\/www.rocamed.com\/fr\/wp-json\/wp\/v2\/pages"}],"about":[{"href":"https:\/\/www.rocamed.com\/fr\/wp-json\/wp\/v2\/types\/page"}],"author":[{"embeddable":true,"href":"https:\/\/www.rocamed.com\/fr\/wp-json\/wp\/v2\/users\/3"}],"replies":[{"embeddable":true,"href":"https:\/\/www.rocamed.com\/fr\/wp-json\/wp\/v2\/comments?post=5875"}],"version-history":[{"count":35,"href":"https:\/\/www.rocamed.com\/fr\/wp-json\/wp\/v2\/pages\/5875\/revisions"}],"predecessor-version":[{"id":9366,"href":"https:\/\/www.rocamed.com\/fr\/wp-json\/wp\/v2\/pages\/5875\/revisions\/9366"}],"up":[{"embeddable":true,"href":"https:\/\/www.rocamed.com\/fr\/wp-json\/wp\/v2\/pages\/1884"}],"wp:attachment":[{"href":"https:\/\/www.rocamed.com\/fr\/wp-json\/wp\/v2\/media?parent=5875"}],"curies":[{"name":"wp","href":"https:\/\/api.w.org\/{rel}","templated":true}]}}