{"id":5484,"date":"2018-08-22T15:51:17","date_gmt":"2018-08-22T13:51:17","guid":{"rendered":"https:\/\/www.rocamed.com\/?page_id=5484"},"modified":"2026-03-10T10:51:11","modified_gmt":"2026-03-10T09:51:11","slug":"our-events","status":"publish","type":"page","link":"https:\/\/www.rocamed.com\/fr\/our-events\/","title":{"rendered":"NOS \u00c9V\u00c9NEMENTS"},"content":{"rendered":"<div class=\"wpb-content-wrapper\"><p>[vc_row full_width=\u00a0\u00bbstretch_row\u00a0\u00bb css=\u00a0\u00bb.vc_custom_1512398821168{padding-top: 50px !important;background-color: #ce3e8c !important;}\u00a0\u00bb][vc_column][vc_custom_heading text=\u00a0\u00bbNOS CONGRES\u00a0\u00bb font_container=\u00a0\u00bbtag:h2|text_align:left|color:%23ffffff\u00a0\u00bb use_theme_fonts=\u00a0\u00bbyes\u00a0\u00bb][\/vc_column][\/vc_row][vc_row][vc_column width=\u00a0\u00bb1\/6&Prime;][\/vc_column][vc_column width=\u00a0\u00bb2\/3&Prime;][vc_column_text css=\u00a0\u00bb.vc_custom_1592572097323{margin-bottom: 0px !important;padding-bottom: 10px !important;}\u00a0\u00bb]<\/p>\n<h1 style=\"text-align: center;\">A VENIR<\/h1>\n<p>[\/vc_column_text][\/vc_column][vc_column width=\u00a0\u00bb1\/6&Prime;][\/vc_column][\/vc_row][vc_row][vc_column][vc_text_separator title=\u00a0\u00bb2023&Prime; color=\u00a0\u00bbcustom\u00a0\u00bb el_width=\u00a0\u00bb70&Prime; accent_color=\u00a0\u00bb#566565&Prime;][vc_masonry_grid post_type=\u00a0\u00bbpost\u00a0\u00bb max_items=\u00a0\u00bb-1&Prime; gap=\u00a0\u00bb35&Prime; orderby=\u00a0\u00bbmeta_value_num\u00a0\u00bb order=\u00a0\u00bbASC\u00a0\u00bb item=\u00a0\u00bb3945&Prime; initial_loading_animation=\u00a0\u00bbfadeIn\u00a0\u00bb grid_id=\u00a0\u00bbvc_gid:1676999300534-6e74801b-70d0-4&Prime; taxonomies=\u00a0\u00bb130&Prime; meta_key=\u00a0\u00bbeg-date\u00a0\u00bb][\/vc_column][\/vc_row][vc_row][vc_column width=\u00a0\u00bb1\/6&Prime;][\/vc_column][vc_column width=\u00a0\u00bb2\/3&Prime;][vc_column_text css=\u00a0\u00bb.vc_custom_1592572127146{margin-bottom: 0px !important;padding-bottom: 10px !important;}\u00a0\u00bb]<\/p>\n<h1 style=\"text-align: center;\">NOS <span class=\"st\">\u00c9<\/span>V<span class=\"st\">\u00c9<\/span>NEMENTS PASS<span class=\"st\">\u00c9<\/span>S<\/h1>\n<p>[\/vc_column_text][\/vc_column][vc_column width=\u00a0\u00bb1\/6&Prime;][\/vc_column][\/vc_row][vc_row][vc_column][vc_text_separator title=\u00a0\u00bb2023&Prime; color=\u00a0\u00bbcustom\u00a0\u00bb el_width=\u00a0\u00bb70&Prime; accent_color=\u00a0\u00bb#566565&Prime;][vc_masonry_grid post_type=\u00a0\u00bbpost\u00a0\u00bb max_items=\u00a0\u00bb-1&Prime; gap=\u00a0\u00bb35&Prime; orderby=\u00a0\u00bbmeta_value_num\u00a0\u00bb item=\u00a0\u00bb3945&Prime; initial_loading_animation=\u00a0\u00bbfadeIn\u00a0\u00bb grid_id=\u00a0\u00bbvc_gid:1676999300536-551815dc-05a8-2&Prime; taxonomies=\u00a0\u00bb129&Prime; meta_key=\u00a0\u00bbeg-date\u00a0\u00bb][\/vc_column][\/vc_row][vc_row][vc_column][vc_text_separator title=\u00a0\u00bb2022&Prime; color=\u00a0\u00bbcustom\u00a0\u00bb el_width=\u00a0\u00bb70&Prime; accent_color=\u00a0\u00bb#566565&Prime;][vc_masonry_grid post_type=\u00a0\u00bbpost\u00a0\u00bb max_items=\u00a0\u00bb-1&Prime; gap=\u00a0\u00bb35&Prime; orderby=\u00a0\u00bbmeta_value_num\u00a0\u00bb item=\u00a0\u00bb3945&Prime; initial_loading_animation=\u00a0\u00bbfadeIn\u00a0\u00bb grid_id=\u00a0\u00bbvc_gid:1676999300537-26ab2c26-4af1-4&Prime; taxonomies=\u00a0\u00bb128&Prime; meta_key=\u00a0\u00bbeg-date\u00a0\u00bb][\/vc_column][\/vc_row][vc_row][vc_column][vc_text_separator title=\u00a0\u00bb2021&Prime; color=\u00a0\u00bbcustom\u00a0\u00bb el_width=\u00a0\u00bb70&Prime; accent_color=\u00a0\u00bb#566565&Prime;][vc_masonry_grid post_type=\u00a0\u00bbpost\u00a0\u00bb max_items=\u00a0\u00bb-1&Prime; gap=\u00a0\u00bb35&Prime; orderby=\u00a0\u00bbmeta_value_num\u00a0\u00bb item=\u00a0\u00bb3945&Prime; initial_loading_animation=\u00a0\u00bbfadeIn\u00a0\u00bb grid_id=\u00a0\u00bbvc_gid:1676999300538-0ef2b136-7dba-8&Prime; taxonomies=\u00a0\u00bb127&Prime; meta_key=\u00a0\u00bbeg-date\u00a0\u00bb][\/vc_column][\/vc_row][vc_row][vc_column][vc_text_separator title=\u00a0\u00bb2020&Prime; color=\u00a0\u00bbcustom\u00a0\u00bb el_width=\u00a0\u00bb70&Prime; accent_color=\u00a0\u00bb#566565&Prime;][vc_masonry_grid post_type=\u00a0\u00bbpost\u00a0\u00bb max_items=\u00a0\u00bb-1&Prime; gap=\u00a0\u00bb35&Prime; orderby=\u00a0\u00bbmeta_value_num\u00a0\u00bb item=\u00a0\u00bb3945&Prime; initial_loading_animation=\u00a0\u00bbfadeIn\u00a0\u00bb grid_id=\u00a0\u00bbvc_gid:1676999300539-6eb30263-90c4-10&Prime; taxonomies=\u00a0\u00bb125&Prime; meta_key=\u00a0\u00bbeg-date\u00a0\u00bb][\/vc_column][\/vc_row][vc_row][vc_column][vc_text_separator title=\u00a0\u00bb2019&Prime; color=\u00a0\u00bbcustom\u00a0\u00bb el_width=\u00a0\u00bb70&Prime; accent_color=\u00a0\u00bb#566565&Prime;][vc_masonry_grid post_type=\u00a0\u00bbpost\u00a0\u00bb max_items=\u00a0\u00bb-1&Prime; gap=\u00a0\u00bb35&Prime; item=\u00a0\u00bb3945&Prime; initial_loading_animation=\u00a0\u00bbfadeIn\u00a0\u00bb grid_id=\u00a0\u00bbvc_gid:1676999300540-32b414c9-c115-8&Prime; taxonomies=\u00a0\u00bb124&Prime;][\/vc_column][\/vc_row][vc_row][vc_column][vc_text_separator title=\u00a0\u00bb2018&Prime; color=\u00a0\u00bbcustom\u00a0\u00bb el_width=\u00a0\u00bb70&Prime; accent_color=\u00a0\u00bb#566565&Prime; css=\u00a0\u00bb.vc_custom_1534948535781{margin-top: 0px !important;padding-top: 0px !important;}\u00a0\u00bb][vc_masonry_grid post_type=\u00a0\u00bbpost\u00a0\u00bb max_items=\u00a0\u00bb-1&Prime; gap=\u00a0\u00bb35&Prime; item=\u00a0\u00bb3945&Prime; initial_loading_animation=\u00a0\u00bbfadeIn\u00a0\u00bb grid_id=\u00a0\u00bbvc_gid:1676999300541-6409af00-f167-10&Prime; taxonomies=\u00a0\u00bb123&Prime;][\/vc_column][\/vc_row]<\/p>\n<\/div>","protected":false},"excerpt":{"rendered":"<p>[vc_row full_width=\u00a0\u00bbstretch_row\u00a0\u00bb css=\u00a0\u00bb.vc_custom_1512398821168{padding-top: 50px !important;background-color: #ce3e8c !important;}\u00a0\u00bb][vc_column][vc_custom_heading text=\u00a0\u00bbNOS CONGRES\u00a0\u00bb font_container=\u00a0\u00bbtag:h2|text_align:left|color:%23ffffff\u00a0\u00bb use_theme_fonts=\u00a0\u00bbyes\u00a0\u00bb][\/vc_column][\/vc_row][vc_row][vc_column width=\u00a0\u00bb1\/6&Prime;][\/vc_column][vc_column width=\u00a0\u00bb2\/3&Prime;][vc_column_text css=\u00a0\u00bb.vc_custom_1592572097323{margin-bottom: 0px !important;padding-bottom: 10px !important;}\u00a0\u00bb] A VENIR [\/vc_column_text][\/vc_column][vc_column width=\u00a0\u00bb1\/6&Prime;][\/vc_column][\/vc_row][vc_row][vc_column][vc_text_separator title=\u00a0\u00bb2023&Prime; color=\u00a0\u00bbcustom\u00a0\u00bb el_width=\u00a0\u00bb70&Prime; accent_color=\u00a0\u00bb#566565&Prime;][vc_masonry_grid post_type=\u00a0\u00bbpost\u00a0\u00bb max_items=\u00a0\u00bb-1&Prime; gap=\u00a0\u00bb35&Prime; orderby=\u00a0\u00bbmeta_value_num\u00a0\u00bb order=\u00a0\u00bbASC\u00a0\u00bb item=\u00a0\u00bb3945&Prime; initial_loading_animation=\u00a0\u00bbfadeIn\u00a0\u00bb grid_id=\u00a0\u00bbvc_gid:1676999300534-6e74801b-70d0-4&Prime; taxonomies=\u00a0\u00bb130&Prime; meta_key=\u00a0\u00bbeg-date\u00a0\u00bb][\/vc_column][\/vc_row][vc_row][vc_column width=\u00a0\u00bb1\/6&Prime;][\/vc_column][vc_column width=\u00a0\u00bb2\/3&Prime;][vc_column_text css=\u00a0\u00bb.vc_custom_1592572127146{margin-bottom: 0px !important;padding-bottom: 10px !important;}\u00a0\u00bb] NOS \u00c9V\u00c9NEMENTS PASS\u00c9S [\/vc_column_text][\/vc_column][vc_column width=\u00a0\u00bb1\/6&Prime;][\/vc_column][\/vc_row][vc_row][vc_column][vc_text_separator title=\u00a0\u00bb2023&Prime; color=\u00a0\u00bbcustom\u00a0\u00bb el_width=\u00a0\u00bb70&Prime; accent_color=\u00a0\u00bb#566565&Prime;][vc_masonry_grid post_type=\u00a0\u00bbpost\u00a0\u00bb max_items=\u00a0\u00bb-1&Prime; gap=\u00a0\u00bb35&Prime; [&hellip;]<\/p>\n","protected":false},"author":1,"featured_media":0,"parent":0,"menu_order":30,"comment_status":"closed","ping_status":"closed","template":"","meta":{"content-type":"","_exactmetrics_skip_tracking":false,"_exactmetrics_sitenote_active":false,"_exactmetrics_sitenote_note":"","_exactmetrics_sitenote_category":0,"footnotes":""},"class_list":["post-5484","page","type-page","status-publish","hentry"],"translation":{"provider":"WPGlobus","version":"3.0.2","language":"fr","enabled_languages":["en","fr","it"],"languages":{"en":{"title":true,"content":true,"excerpt":false},"fr":{"title":true,"content":true,"excerpt":false},"it":{"title":false,"content":true,"excerpt":false}}},"_links":{"self":[{"href":"https:\/\/www.rocamed.com\/fr\/wp-json\/wp\/v2\/pages\/5484","targetHints":{"allow":["GET"]}}],"collection":[{"href":"https:\/\/www.rocamed.com\/fr\/wp-json\/wp\/v2\/pages"}],"about":[{"href":"https:\/\/www.rocamed.com\/fr\/wp-json\/wp\/v2\/types\/page"}],"author":[{"embeddable":true,"href":"https:\/\/www.rocamed.com\/fr\/wp-json\/wp\/v2\/users\/1"}],"replies":[{"embeddable":true,"href":"https:\/\/www.rocamed.com\/fr\/wp-json\/wp\/v2\/comments?post=5484"}],"version-history":[{"count":52,"href":"https:\/\/www.rocamed.com\/fr\/wp-json\/wp\/v2\/pages\/5484\/revisions"}],"predecessor-version":[{"id":10543,"href":"https:\/\/www.rocamed.com\/fr\/wp-json\/wp\/v2\/pages\/5484\/revisions\/10543"}],"wp:attachment":[{"href":"https:\/\/www.rocamed.com\/fr\/wp-json\/wp\/v2\/media?parent=5484"}],"curies":[{"name":"wp","href":"https:\/\/api.w.org\/{rel}","templated":true}]}}