{"id":5340,"date":"2018-07-24T11:22:26","date_gmt":"2018-07-24T09:22:26","guid":{"rendered":"https:\/\/www.rocamed.com\/?page_id=5340"},"modified":"2025-05-27T10:26:08","modified_gmt":"2025-05-27T08:26:08","slug":"about-us","status":"publish","type":"page","link":"https:\/\/www.rocamed.com\/fr\/about-us\/","title":{"rendered":"A propos de Nous"},"content":{"rendered":"<div class=\"wpb-content-wrapper\"><p>[vc_row full_width=\u00a0\u00bbstretch_row\u00a0\u00bb css=\u00a0\u00bb.vc_custom_1512398821168{padding-top: 50px !important;background-color: #ce3e8c !important;}\u00a0\u00bb][vc_column][vc_custom_heading text=\u00a0\u00bbABOUT ROCAMED\u00a0\u00bb font_container=\u00a0\u00bbtag:h2|text_align:left|color:%23ffffff\u00a0\u00bb use_theme_fonts=\u00a0\u00bbyes\u00a0\u00bb][\/vc_column][\/vc_row][vc_row full_width=\u00a0\u00bbstretch_row\u00a0\u00bb parallax=\u00a0\u00bbcontent-moving\u00a0\u00bb parallax_speed_bg=\u00a0\u00bb1.25&Prime; css=\u00a0\u00bb.vc_custom_1535105247003{padding-top: 20px !important;padding-bottom: 100px !important;}\u00a0\u00bb][vc_column][vc_row_inner][vc_column_inner width=\u00a0\u00bb1\/6&Prime;][\/vc_column_inner][vc_column_inner width=\u00a0\u00bb2\/3&Prime;][vc_column_text css=\u00a0\u00bb.vc_custom_1592554662417{padding-bottom: 10px !important;}\u00a0\u00bb]<\/p>\n<h1 style=\"text-align: center;\">NOTRE CONCEPT<\/h1>\n<p>[\/vc_column_text][vc_column_text]<\/p>\n<p style=\"text-align: center;\"><strong>ROCAMED<\/strong>\u00a0 est une entreprise de dispositifs m\u00e9dicaux sp\u00e9cialis\u00e9e dans la sant\u00e9 des patients; apportant des solutions innovantes en urologie, gyn\u00e9cologie et laparoscopie.<\/p>\n<p>[\/vc_column_text][vc_separator color=\u00a0\u00bbcustom\u00a0\u00bb border_width=\u00a0\u00bb2&Prime; el_width=\u00a0\u00bb50&Prime; accent_color=\u00a0\u00bb#ce3e8c\u00a0\u00bb][vc_column_text css=\u00a0\u00bb.vc_custom_1592555487583{padding-bottom: 10px !important;}\u00a0\u00bb]<\/p>\n<h1 style=\"text-align: center;\">NOTRE MISSION<\/h1>\n<p>[\/vc_column_text][vc_column_text]<\/p>\n<p style=\"text-align: center;\"><strong>ROCAMED <\/strong>d\u00e9veloppe des solutions innovantes de hautes qualit\u00e9s pour am\u00e9liorer la sant\u00e9 et le bien-\u00eatre des patients\u00a0 dans le monde entier pour aujourd\u2019hui et demain.<\/p>\n<p>[\/vc_column_text][vc_separator color=\u00a0\u00bbcustom\u00a0\u00bb border_width=\u00a0\u00bb2&Prime; el_width=\u00a0\u00bb50&Prime; accent_color=\u00a0\u00bb#ce3e8c\u00a0\u00bb][\/vc_column_inner][vc_column_inner width=\u00a0\u00bb1\/6&Prime;][\/vc_column_inner][\/vc_row_inner][vc_row_inner][vc_column_inner width=\u00a0\u00bb1\/3&Prime;]<script type=\"text\/javascript\">\n\t\t\t\t\t\tjQuery(document).ready(function() {\n\t\t\t\t\t\t\tjQuery(\".hgr-icnbox-69f2db1815345\").css(\"background\",\"none\").css(\"border\",\"0px;\");\n\t\t\t\t\t\t\tjQuery(\".hgr-icnbox-69f2db1815345 a\").css(\"color\",\"#595959\");\n\t\t\t\t\t\t\tjQuery(\".hgr-icnbox-69f2db1815345 span\").css(\"color\",\"#595959\");\n\t\t\t\t\t\t\tjQuery(\".hgr-icnbox-69f2db1815345 .hgr-iconbox-title\").css(\"color\",\"#595959\");\n\t\t\t\t\t\t\tjQuery(\".hgr-icnbox-69f2db1815345 .hgr-iconbox-bar\").css(\"background\",\"#595959\");\n\t\t\t\t\t\t\t\n\t\t\t\t\t\t\t\n\t\t\t\t\t\t\tjQuery(\".hgr-icnbox-69f2db1815345\").mouseenter(function() {\n\t\t\t\t\t\t\t\tjQuery(this).css(\"background\",\"none\").css(\"border\",\"0px\");\n\t\t\t\t\t\t\t\tjQuery(this).find(\"a\").css(\"color\",\"#ce3e8c\");\n\t\t\t\t\t\t\t\tjQuery(this).find(\"span\").css(\"color\",\"#ce3e8c\");\n\t\t\t\t\t\t\t\tjQuery(this).find(\".hgr-iconbox-title\").css(\"color\",\"#ce3e8c\");\n\t\t\t\t\t\t\t\tjQuery(this).find(\".hgr-iconbox-bar\").css(\"background\",\"#ce3e8c\");\n\t\t\t\t\t\t\t}).mouseleave(function() {\n\t\t\t\t\t\t\t\tjQuery(this).css(\"background\",\"none\").css(\"border\",\"0px;\");\n\t\t\t\t\t\t\t\tjQuery(this).find(\"a\").css(\"color\",\"#595959\");\n\t\t\t\t\t\t\t\tjQuery(this).find(\"span\").css(\"color\",\"#595959\");\n\t\t\t\t\t\t\t\tjQuery(this).find(\".hgr-iconbox-title\").css(\"color\",\"#595959\");\n\t\t\t\t\t\t\t\tjQuery(this).find(\".hgr-iconbox-bar\").css(\"background\",\"#595959\");\n\t\t\t\t\t\t\t});\n\t\t\t\t\t\t});\n\t\t\t\t<\/script><div class=\"hgr-iconbox hgr-icnbox-69f2db1815345 \" ><span><div class=\"normal-icon-ib\"><i class=\"icon icon outline outline-box-open\" style=\" font-size:80px!important; \"><\/i><\/div><span class=\"hgr-iconbox-bar\"><\/span><h4 class=\"hgr-iconbox-title\">FABRICANT<\/h4><p class=\"hgr-iconbox-subheading\">4 sites de fabrication<\/p><\/span><\/div>[\/vc_column_inner][vc_column_inner width=\u00a0\u00bb1\/3&Prime;]<script type=\"text\/javascript\">\n\t\t\t\t\t\tjQuery(document).ready(function() {\n\t\t\t\t\t\t\tjQuery(\".hgr-icnbox-69f2db1815371\").css(\"background\",\"none\").css(\"border\",\"0px;\");\n\t\t\t\t\t\t\tjQuery(\".hgr-icnbox-69f2db1815371 a\").css(\"color\",\"#595959\");\n\t\t\t\t\t\t\tjQuery(\".hgr-icnbox-69f2db1815371 span\").css(\"color\",\"#595959\");\n\t\t\t\t\t\t\tjQuery(\".hgr-icnbox-69f2db1815371 .hgr-iconbox-title\").css(\"color\",\"#595959\");\n\t\t\t\t\t\t\tjQuery(\".hgr-icnbox-69f2db1815371 .hgr-iconbox-bar\").css(\"background\",\"#595959\");\n\t\t\t\t\t\t\t\n\t\t\t\t\t\t\t\n\t\t\t\t\t\t\tjQuery(\".hgr-icnbox-69f2db1815371\").mouseenter(function() {\n\t\t\t\t\t\t\t\tjQuery(this).css(\"background\",\"none\").css(\"border\",\"0px\");\n\t\t\t\t\t\t\t\tjQuery(this).find(\"a\").css(\"color\",\"#ce3e8c\");\n\t\t\t\t\t\t\t\tjQuery(this).find(\"span\").css(\"color\",\"#ce3e8c\");\n\t\t\t\t\t\t\t\tjQuery(this).find(\".hgr-iconbox-title\").css(\"color\",\"#ce3e8c\");\n\t\t\t\t\t\t\t\tjQuery(this).find(\".hgr-iconbox-bar\").css(\"background\",\"#ce3e8c\");\n\t\t\t\t\t\t\t}).mouseleave(function() {\n\t\t\t\t\t\t\t\tjQuery(this).css(\"background\",\"none\").css(\"border\",\"0px;\");\n\t\t\t\t\t\t\t\tjQuery(this).find(\"a\").css(\"color\",\"#595959\");\n\t\t\t\t\t\t\t\tjQuery(this).find(\"span\").css(\"color\",\"#595959\");\n\t\t\t\t\t\t\t\tjQuery(this).find(\".hgr-iconbox-title\").css(\"color\",\"#595959\");\n\t\t\t\t\t\t\t\tjQuery(this).find(\".hgr-iconbox-bar\").css(\"background\",\"#595959\");\n\t\t\t\t\t\t\t});\n\t\t\t\t\t\t});\n\t\t\t\t<\/script><div class=\"hgr-iconbox hgr-icnbox-69f2db1815371 \" ><span><div class=\"normal-icon-ib\"><i class=\"icon icon outline outline-network-tree\" style=\" font-size:80px!important; \"><\/i><\/div><span class=\"hgr-iconbox-bar\"><\/span><h4 class=\"hgr-iconbox-title\">RESEAU<\/h4><p class=\"hgr-iconbox-subheading\">Distribut\u00e9 dans +65 pays<\/p><\/span><\/div>[\/vc_column_inner][vc_column_inner width=\u00a0\u00bb1\/3&Prime;]<script type=\"text\/javascript\">\n\t\t\t\t\t\tjQuery(document).ready(function() {\n\t\t\t\t\t\t\tjQuery(\".hgr-icnbox-69f2db1815393\").css(\"background\",\"none\").css(\"border\",\"0px;\");\n\t\t\t\t\t\t\tjQuery(\".hgr-icnbox-69f2db1815393 a\").css(\"color\",\"#595959\");\n\t\t\t\t\t\t\tjQuery(\".hgr-icnbox-69f2db1815393 span\").css(\"color\",\"#595959\");\n\t\t\t\t\t\t\tjQuery(\".hgr-icnbox-69f2db1815393 .hgr-iconbox-title\").css(\"color\",\"#595959\");\n\t\t\t\t\t\t\tjQuery(\".hgr-icnbox-69f2db1815393 .hgr-iconbox-bar\").css(\"background\",\"#595959\");\n\t\t\t\t\t\t\t\n\t\t\t\t\t\t\t\n\t\t\t\t\t\t\tjQuery(\".hgr-icnbox-69f2db1815393\").mouseenter(function() {\n\t\t\t\t\t\t\t\tjQuery(this).css(\"background\",\"none\").css(\"border\",\"0px\");\n\t\t\t\t\t\t\t\tjQuery(this).find(\"a\").css(\"color\",\"#ce3e8c\");\n\t\t\t\t\t\t\t\tjQuery(this).find(\"span\").css(\"color\",\"#ce3e8c\");\n\t\t\t\t\t\t\t\tjQuery(this).find(\".hgr-iconbox-title\").css(\"color\",\"#ce3e8c\");\n\t\t\t\t\t\t\t\tjQuery(this).find(\".hgr-iconbox-bar\").css(\"background\",\"#ce3e8c\");\n\t\t\t\t\t\t\t}).mouseleave(function() {\n\t\t\t\t\t\t\t\tjQuery(this).css(\"background\",\"none\").css(\"border\",\"0px;\");\n\t\t\t\t\t\t\t\tjQuery(this).find(\"a\").css(\"color\",\"#595959\");\n\t\t\t\t\t\t\t\tjQuery(this).find(\"span\").css(\"color\",\"#595959\");\n\t\t\t\t\t\t\t\tjQuery(this).find(\".hgr-iconbox-title\").css(\"color\",\"#595959\");\n\t\t\t\t\t\t\t\tjQuery(this).find(\".hgr-iconbox-bar\").css(\"background\",\"#595959\");\n\t\t\t\t\t\t\t});\n\t\t\t\t\t\t});\n\t\t\t\t<\/script><div class=\"hgr-iconbox hgr-icnbox-69f2db1815393 \" ><span><div class=\"normal-icon-ib\"><i class=\"icon icon outline outline-mortar-board\" style=\" font-size:80px!important; \"><\/i><\/div><span class=\"hgr-iconbox-bar\"><\/span><h4 class=\"hgr-iconbox-title\">EDUCATION<\/h4><p class=\"hgr-iconbox-subheading\">Programmes d'apprentissage Internationaux<\/p><\/span><\/div>[\/vc_column_inner][\/vc_row_inner][vc_row_inner css=\u00a0\u00bb.vc_custom_1535036098490{margin-top: 20px !important;border-top-width: 2px !important;padding-top: 0px !important;border-top-color: #ce3e8c !important;border-top-style: solid !important;}\u00a0\u00bb][vc_column_inner width=\u00a0\u00bb1\/4&Prime;]<div class=\"hgr-content-block-tb customcss\" style=\"margin-bottom:2em;text-align:center;\"><div class=\"hgr-contblock-icon-tb\" style=\"color:#ce3e8c;margin-bottom:1em;  \"><i class=\"icon icon outline outline-star-jumps normal-icon-cb\" style=\" font-size:64px!important; \"><\/i><\/div><div class=\"hgr-content-tb\"><\/div><\/div>[\/vc_column_inner][vc_column_inner width=\u00a0\u00bb1\/2&Prime; css=\u00a0\u00bb.vc_custom_1535035949954{margin-top: 0px !important;}\u00a0\u00bb][vc_custom_heading text=\u00a0\u00bbCENTR\u00c9 SUR LE PATIENT\u00a0\u00bb font_container=\u00a0\u00bbtag:h2|font_size:28|text_align:left\u00a0\u00bb use_theme_fonts=\u00a0\u00bbyes\u00a0\u00bb][vc_column_text css_animation=\u00a0\u00bbfadeIn\u00a0\u00bb css=\u00a0\u00bb.vc_custom_1619094228423{margin-top: 20px !important;}\u00a0\u00bb]Chez ROCAMED, nous sommes unis par un objectif commun :\u00a0 \u00eatre l&rsquo;entreprise la plus centr\u00e9e sur le patient en comprenant leurs besoins, les attentes de nos chirurgiens et en d\u00e9veloppant une large gamme de produits qui am\u00e9lioreront la vie des gens.[\/vc_column_text][\/vc_column_inner][vc_column_inner width=\u00a0\u00bb1\/4&Prime;][vc_single_image image=\u00a0\u00bb5628&Prime; img_size=\u00a0\u00bb220&#215;220&Prime; alignment=\u00a0\u00bbcenter\u00a0\u00bb css=\u00a0\u00bb.vc_custom_1535115354517{margin-right: 50px !important;border-top-width: 2px !important;border-right-width: 2px !important;border-bottom-width: 2px !important;border-left-width: 2px !important;background-color: #ffffff !important;border-left-color: #ce3e8c !important;border-left-style: solid !important;border-right-color: #ce3e8c !important;border-right-style: solid !important;border-top-color: #ce3e8c !important;border-top-style: solid !important;border-bottom-color: #ce3e8c !important;border-bottom-style: solid !important;border-radius: 2px !important;}\u00a0\u00bb][\/vc_column_inner][\/vc_row_inner][vc_row_inner css=\u00a0\u00bb.vc_custom_1535106126616{margin-top: 0px !important;border-top-width: 2px !important;padding-top: 0px !important;border-top-color: #ce3e8c !important;border-top-style: solid !important;}\u00a0\u00bb][vc_column_inner width=\u00a0\u00bb1\/4&Prime;][vc_single_image image=\u00a0\u00bb1897&Prime; img_size=\u00a0\u00bb220&#215;220&Prime; alignment=\u00a0\u00bbcenter\u00a0\u00bb css=\u00a0\u00bb.vc_custom_1535115445524{margin-left: 50px !important;border-top-width: 2px !important;border-right-width: 2px !important;border-bottom-width: 2px !important;border-left-width: 2px !important;background-color: #ffffff !important;border-left-color: #ce3e8c !important;border-left-style: solid !important;border-right-color: #ce3e8c !important;border-right-style: solid !important;border-top-color: #ce3e8c !important;border-top-style: solid !important;border-bottom-color: #ce3e8c !important;border-bottom-style: solid !important;border-radius: 2px !important;}\u00a0\u00bb][\/vc_column_inner][vc_column_inner width=\u00a0\u00bb1\/2&Prime; css=\u00a0\u00bb.vc_custom_1535035949954{margin-top: 0px !important;}\u00a0\u00bb][vc_custom_heading text=\u00a0\u00bbPRODUITS DE QUALIT\u00c9 PREMIUM\u00a0\u00bb font_container=\u00a0\u00bbtag:h2|font_size:28|text_align:right\u00a0\u00bb use_theme_fonts=\u00a0\u00bbyes\u00a0\u00bb][vc_column_text css_animation=\u00a0\u00bbfadeIn\u00a0\u00bb css=\u00a0\u00bb.vc_custom_1592561372294{margin-top: 20px !important;}\u00a0\u00bb]<\/p>\n<p style=\"text-align: right;\">Nous nous sommes engag\u00e9s \u00e0 identifier, d\u00e9velopper et commercialiser des\u00a0 produits de qualit\u00e9 premium dans le monde entier.<\/p>\n<p>[\/vc_column_text][\/vc_column_inner][vc_column_inner width=\u00a0\u00bb1\/4&Prime;]<div class=\"hgr-content-block-tb customcss\" style=\"margin-bottom:2em;text-align:center;\"><div class=\"hgr-contblock-icon-tb\" style=\"color:#ce3e8c;margin-bottom:1em;  \"><i class=\"icon icon outline outline-jewel normal-icon-cb\" style=\" font-size:64px!important; \"><\/i><\/div><div class=\"hgr-content-tb\"><\/div><\/div>[\/vc_column_inner][\/vc_row_inner][vc_row_inner css=\u00a0\u00bb.vc_custom_1535106103201{margin-top: 0px !important;border-top-width: 2px !important;padding-top: 0px !important;border-top-color: #ce3e8c !important;border-top-style: solid !important;}\u00a0\u00bb][vc_column_inner width=\u00a0\u00bb1\/4&Prime;]<div class=\"hgr-content-block-tb customcss\" style=\"margin-bottom:2em;text-align:center;\"><div class=\"hgr-contblock-icon-tb\" style=\"color:#ce3e8c;margin-bottom:1em;  \"><i class=\"icon icon outline outline-desk-lamp normal-icon-cb\" style=\" font-size:64px!important; \"><\/i><\/div><div class=\"hgr-content-tb\"><\/div><\/div>[\/vc_column_inner][vc_column_inner width=\u00a0\u00bb1\/2&Prime;][vc_custom_heading text=\u00a0\u00bbINNOVATION\u00a0\u00bb font_container=\u00a0\u00bbtag:h2|font_size:28|text_align:left\u00a0\u00bb use_theme_fonts=\u00a0\u00bbyes\u00a0\u00bb][vc_column_text css_animation=\u00a0\u00bbfadeIn\u00a0\u00bb css=\u00a0\u00bb.vc_custom_1619094265082{margin-top: 20px !important;}\u00a0\u00bb]<\/p>\n<p style=\"text-align: left;\">Nous travaillons quotidiennement en collaboration avec des chirurgiens et des jeunes talents pour offrir \u00e0 nos patients la gamme la plus compl\u00e8te de produits et de services, avec un seul objectif: offrir les meilleurs produits au meilleur prix.<\/p>\n<p>[\/vc_column_text][\/vc_column_inner][vc_column_inner width=\u00a0\u00bb1\/4&Prime;][vc_single_image image=\u00a0\u00bb5630&Prime; img_size=\u00a0\u00bb220&#215;220&Prime; css=\u00a0\u00bb.vc_custom_1535115419251{margin-right: 50px !important;border-top-width: 2px !important;border-right-width: 2px !important;border-bottom-width: 2px !important;border-left-width: 2px !important;background-color: #ffffff !important;border-left-color: #ce3e8c !important;border-left-style: solid !important;border-right-color: #ce3e8c !important;border-right-style: solid !important;border-top-color: #ce3e8c !important;border-top-style: solid !important;border-bottom-color: #ce3e8c !important;border-bottom-style: solid !important;border-radius: 2px !important;}\u00a0\u00bb][\/vc_column_inner][\/vc_row_inner][vc_row_inner css=\u00a0\u00bb.vc_custom_1535115567226{margin-top: 0px !important;border-top-width: 2px !important;padding-top: 0px !important;border-top-color: #ce3e8c !important;border-top-style: solid !important;}\u00a0\u00bb][vc_column_inner width=\u00a0\u00bb1\/4&Prime;][vc_single_image image=\u00a0\u00bb5629&Prime; img_size=\u00a0\u00bb220&#215;220&Prime; css=\u00a0\u00bb.vc_custom_1535115462371{margin-left: 50px !important;border-top-width: 2px !important;border-right-width: 2px !important;border-bottom-width: 2px !important;border-left-width: 2px !important;background-color: #ffffff !important;border-left-color: #ce3e8c !important;border-left-style: solid !important;border-right-color: #ce3e8c !important;border-right-style: solid !important;border-top-color: #ce3e8c !important;border-top-style: solid !important;border-bottom-color: #ce3e8c !important;border-bottom-style: solid !important;border-radius: 2px !important;}\u00a0\u00bb][\/vc_column_inner][vc_column_inner width=\u00a0\u00bb1\/2&Prime; css=\u00a0\u00bb.vc_custom_1535035949954{margin-top: 0px !important;}\u00a0\u00bb][vc_custom_heading text=\u00a0\u00bbFABRICANT\u00a0\u00bb font_container=\u00a0\u00bbtag:h2|font_size:28|text_align:right\u00a0\u00bb use_theme_fonts=\u00a0\u00bbyes\u00a0\u00bb][vc_column_text css_animation=\u00a0\u00bbfadeIn\u00a0\u00bb css=\u00a0\u00bb.vc_custom_1748334270895{margin-top: 20px !important;}\u00a0\u00bb]<\/p>\n<p style=\"text-align: right;\">ROCAMED b\u00e9n\u00e9ficie de plusieurs d\u00e9cennies d&rsquo;exp\u00e9rience dans les dispositifs m\u00e9dicaux.<\/p>\n<p style=\"text-align: right;\">Les<strong> 2 sites<\/strong> de fabrication r\u00e9pondent aux plus strictes exigences des derniers standards Europ\u00e9ens et Internationaux.<\/p>\n<p>[\/vc_column_text][\/vc_column_inner][vc_column_inner width=\u00a0\u00bb1\/4&Prime;]<div class=\"hgr-content-block-tb customcss\" style=\"margin-bottom:2em;text-align:center;\"><div class=\"hgr-contblock-icon-tb\" style=\"color:#ce3e8c;margin-bottom:1em;  \"><i class=\"icon icon outline outline-box-open normal-icon-cb\" style=\" font-size:64px!important; \"><\/i><\/div><div class=\"hgr-content-tb\"><\/div><\/div>[\/vc_column_inner][\/vc_row_inner][vc_row_inner css=\u00a0\u00bb.vc_custom_1535115567226{margin-top: 0px !important;border-top-width: 2px !important;padding-top: 0px !important;border-top-color: #ce3e8c !important;border-top-style: solid !important;}\u00a0\u00bb][vc_column_inner width=\u00a0\u00bb1\/4&Prime;]<div class=\"hgr-content-block-tb customcss\" style=\"margin-bottom:2em;text-align:center;\"><div class=\"hgr-contblock-icon-tb\" style=\"color:#ce3e8c;margin-bottom:1em;  \"><i class=\"icon icon fa fa-check normal-icon-cb\" style=\" font-size:64px!important; \"><\/i><\/div><div class=\"hgr-content-tb\"><\/div><\/div>[\/vc_column_inner][vc_column_inner width=\u00a0\u00bb1\/2&Prime; css=\u00a0\u00bb.vc_custom_1535035949954{margin-top: 0px !important;}\u00a0\u00bb][vc_custom_heading text=\u00a0\u00bbCARBON REDUCTION PLAN &amp; MODERN SLAVERY STATEMENT\u00a0\u00bb font_container=\u00a0\u00bbtag:h2|font_size:28|text_align:right\u00a0\u00bb use_theme_fonts=\u00a0\u00bbyes\u00a0\u00bb css=\u00a0\u00bb\u00a0\u00bb]<script type=\"text\/javascript\">\n\t\t\t\t\t\tjQuery(document).ready(function() { jQuery(\".hgr-button-69f2db1815434.hgr_button\").css(\"background-color\",\"\");jQuery(\".hgr-button-69f2db1815434.hgr_button\").css(\"color\",\"#808080\");jQuery(\".hgr-button-69f2db1815434.hgr_button\").css(\"border\",\"1px solid \");jQuery(\".hgr-button-69f2db1815434.hgr_button\").mouseenter(function() {jQuery(this).css(\"border\",\"1px solid \");jQuery(this).css(\"background-color\",\"\");jQuery(this).css(\"color\",\"#808080\");}).mouseleave(function() {jQuery(this).css(\"background-color\",\"\");jQuery(this).css(\"color\",\"#808080\");jQuery(this).css(\"border\",\"1px solid \");});});<\/script><a href=\"https:\/\/www.rocamed.com\/wp-content\/uploads\/2024\/11\/Carbon-Reduction-plan-v2.pdf\" target=\"\" title=\"\" class=\"hgr_button hgr-button-69f2db1815434  \" style=\"width:200px;height:60px;line-height:60px;font-size:14px;border-radius:4px; -moz-border-radius:4px; -webkit-border-radius:4px;\">Carbon Reduction<\/a><script type=\"text\/javascript\">\n\t\t\t\t\t\tjQuery(document).ready(function() { jQuery(\".hgr-button-69f2db181544e.hgr_button\").css(\"background-color\",\"\");jQuery(\".hgr-button-69f2db181544e.hgr_button\").css(\"color\",\"#808080\");jQuery(\".hgr-button-69f2db181544e.hgr_button\").css(\"border\",\"1px solid \");jQuery(\".hgr-button-69f2db181544e.hgr_button\").mouseenter(function() {jQuery(this).css(\"border\",\"1px solid \");jQuery(this).css(\"background-color\",\"\");jQuery(this).css(\"color\",\"#808080\");}).mouseleave(function() {jQuery(this).css(\"background-color\",\"\");jQuery(this).css(\"color\",\"#808080\");jQuery(this).css(\"border\",\"1px solid \");});});<\/script><a href=\"https:\/\/www.rocamed.com\/wp-content\/uploads\/2024\/10\/SLAVERY-ROCAMED.pdf\" target=\"\" title=\"\" class=\"hgr_button hgr-button-69f2db181544e  \" style=\"width:200px;height:60px;line-height:60px;font-size:14px;border-radius:4px; -moz-border-radius:4px; -webkit-border-radius:4px;\">Modern Slavery Statement<\/a>[\/vc_column_inner][\/vc_row_inner][\/vc_column][\/vc_row]<\/p>\n<\/div>","protected":false},"excerpt":{"rendered":"<p>[vc_row full_width=\u00a0\u00bbstretch_row\u00a0\u00bb css=\u00a0\u00bb.vc_custom_1512398821168{padding-top: 50px !important;background-color: #ce3e8c !important;}\u00a0\u00bb][vc_column][vc_custom_heading text=\u00a0\u00bbABOUT ROCAMED\u00a0\u00bb font_container=\u00a0\u00bbtag:h2|text_align:left|color:%23ffffff\u00a0\u00bb use_theme_fonts=\u00a0\u00bbyes\u00a0\u00bb][\/vc_column][\/vc_row][vc_row full_width=\u00a0\u00bbstretch_row\u00a0\u00bb parallax=\u00a0\u00bbcontent-moving\u00a0\u00bb parallax_speed_bg=\u00a0\u00bb1.25&Prime; css=\u00a0\u00bb.vc_custom_1535105247003{padding-top: 20px !important;padding-bottom: 100px !important;}\u00a0\u00bb][vc_column][vc_row_inner][vc_column_inner width=\u00a0\u00bb1\/6&Prime;][\/vc_column_inner][vc_column_inner width=\u00a0\u00bb2\/3&Prime;][vc_column_text css=\u00a0\u00bb.vc_custom_1592554662417{padding-bottom: 10px !important;}\u00a0\u00bb] NOTRE CONCEPT [\/vc_column_text][vc_column_text] ROCAMED\u00a0 est une entreprise de dispositifs m\u00e9dicaux sp\u00e9cialis\u00e9e dans la sant\u00e9 des patients; apportant des solutions innovantes en urologie, gyn\u00e9cologie et laparoscopie. [\/vc_column_text][vc_separator color=\u00a0\u00bbcustom\u00a0\u00bb border_width=\u00a0\u00bb2&Prime; el_width=\u00a0\u00bb50&Prime; accent_color=\u00a0\u00bb#ce3e8c\u00a0\u00bb][vc_column_text css=\u00a0\u00bb.vc_custom_1592555487583{padding-bottom: [&hellip;]<\/p>\n","protected":false},"author":3,"featured_media":0,"parent":0,"menu_order":30,"comment_status":"open","ping_status":"closed","template":"","meta":{"content-type":"","_exactmetrics_skip_tracking":false,"_exactmetrics_sitenote_active":false,"_exactmetrics_sitenote_note":"","_exactmetrics_sitenote_category":0,"footnotes":""},"class_list":["post-5340","page","type-page","status-publish","hentry"],"translation":{"provider":"WPGlobus","version":"3.0.2","language":"fr","enabled_languages":["en","fr","it"],"languages":{"en":{"title":true,"content":true,"excerpt":false},"fr":{"title":true,"content":true,"excerpt":false},"it":{"title":false,"content":true,"excerpt":false}}},"_links":{"self":[{"href":"https:\/\/www.rocamed.com\/fr\/wp-json\/wp\/v2\/pages\/5340","targetHints":{"allow":["GET"]}}],"collection":[{"href":"https:\/\/www.rocamed.com\/fr\/wp-json\/wp\/v2\/pages"}],"about":[{"href":"https:\/\/www.rocamed.com\/fr\/wp-json\/wp\/v2\/types\/page"}],"author":[{"embeddable":true,"href":"https:\/\/www.rocamed.com\/fr\/wp-json\/wp\/v2\/users\/3"}],"replies":[{"embeddable":true,"href":"https:\/\/www.rocamed.com\/fr\/wp-json\/wp\/v2\/comments?post=5340"}],"version-history":[{"count":40,"href":"https:\/\/www.rocamed.com\/fr\/wp-json\/wp\/v2\/pages\/5340\/revisions"}],"predecessor-version":[{"id":10398,"href":"https:\/\/www.rocamed.com\/fr\/wp-json\/wp\/v2\/pages\/5340\/revisions\/10398"}],"wp:attachment":[{"href":"https:\/\/www.rocamed.com\/fr\/wp-json\/wp\/v2\/media?parent=5340"}],"curies":[{"name":"wp","href":"https:\/\/api.w.org\/{rel}","templated":true}]}}