{"id":3508,"date":"2018-03-16T10:21:04","date_gmt":"2018-03-16T09:21:04","guid":{"rendered":"https:\/\/www.rocamed.com\/?page_id=3508"},"modified":"2022-09-27T14:55:43","modified_gmt":"2022-09-27T12:55:43","slug":"rocamed-holmium-laser","status":"publish","type":"page","link":"https:\/\/www.rocamed.com\/fr\/equipments\/laser-equipment\/rocamed-holmium-laser\/","title":{"rendered":"LASER HOLMIUM 30W"},"content":{"rendered":"<div class=\"wpb-content-wrapper\"><p>[vc_row full_width=\u00a0\u00bbstretch_row\u00a0\u00bb css=\u00a0\u00bb.vc_custom_1512399786081{padding-top: 50px !important;background-color: #ce3e8c !important;}\u00a0\u00bb][vc_column][vc_custom_heading text=\u00a0\u00bbEQUIPMENTS\u00a0\u00bb font_container=\u00a0\u00bbtag:h2|text_align:left|color:%23ffffff\u00a0\u00bb use_theme_fonts=\u00a0\u00bbyes\u00a0\u00bb][\/vc_column][\/vc_row][vc_row css_animation=\u00a0\u00bbfadeIn\u00a0\u00bb][vc_column width=\u00a0\u00bb1\/4&Prime; offset=\u00a0\u00bbvc_hidden-xs\u00a0\u00bb][vc_column_text][vc_custom_heading text=\"EQUIPMENTS\" font_container=\"tag:h4|text_align:left|color:%23ffffff\" use_theme_fonts=\"yes\" css=\".vc_custom_1524665619963{padding-top: 5px !important;padding-right: 5px !important;padding-bottom: 3px !important;padding-left: 5px !important;background-color: #566565 !important;}\"]\n\n[vc_wp_custommenu nav_menu=\"120\" el_class=\"left_side_column-style\"]\n\n[vc_custom_heading text=\"PRODUCTS CATALOGUE\" font_container=\"tag:h4|text_align:left|color:%23ffffff\" use_theme_fonts=\"yes\" css=\".vc_custom_1524582080658{margin-top: 20px !important;padding-top: 5px !important;padding-right: 5px !important;padding-bottom: 3px !important;padding-left: 5px !important;background-color: #566565 !important;}\"]\n\n<div class=\"hgr-content-block left_side_column-style\" style=\"margin-bottom:2em;\"><div class=\"hgr-contb-row\"><div class=\"hgr-contblock-icon\" style=\"color:#ce3e8c;  \"><i class=\"icon icon outline outline-bookmarks normal-icon-cb\" style=\" font-size:32px!important; \"><\/i><\/div><div class=\"hgr-content\" style=\"padding-left:1em;\"><h4 style=\"color:#566565\">Rocamed catalogue<\/h4><a class=\"hgr-contb-link morelink-white\" href=\"https:\/\/www.rocamed.com\/catalog\/\" target=\"_blank\" title=\"\">Browse online our latest products catalogue<\/a><\/div><\/div><\/div>\n\n[vc_custom_heading text=\"NEWSLETTER\" font_container=\"tag:h4|text_align:left|color:%23ffffff\" use_theme_fonts=\"yes\" css=\".vc_custom_1584611603475{margin-top: 20px !important;padding-top: 5px !important;padding-right: 5px !important;padding-bottom: 3px !important;padding-left: 5px !important;background-color: #566565 !important;}\"]\n\n<div class=\"hgr-content-block left_side_column-style\" style=\"margin-bottom:2em;\"><div class=\"hgr-contb-row\"><div class=\"hgr-contblock-icon\" style=\"color:#ce3e8c;  \"><i class=\"icon icon fa fa-envelope-o normal-icon-cb\" style=\" font-size:32px!important; \"><\/i><\/div><div class=\"hgr-content\" style=\"padding-left:1em;\"><h4 style=\"color:#566565\">Rocamed newsletter<\/h4><a class=\"hgr-contb-link morelink-white\" href=\"\/subscribe-to-rocamed-newsletter\/\" target=\"_blank\" title=\"\">Subscribe online to our newsletter<\/a><\/div><\/div><\/div>\n\n[vc_single_image image=\"1857\" img_size=\"\" css_animation=\"rotateInDownLeft\" css=\".vc_custom_1584612083417{padding-top: 20px !important;padding-right: 20px !important;padding-bottom: 20px !important;padding-left: 20px !important;}\"][\/vc_column_text][\/vc_column][vc_column width=\u00a0\u00bb3\/4&Prime;][vc_row_inner][vc_column_inner][vc_column_text css=\u00a0\u00bb.vc_custom_1591881507518{border-top-width: 2px !important;border-top-color: #ce3e8c !important;border-top-style: solid !important;}\u00a0\u00bb]<\/p>\n<h1>LASER HOLMIUM 30W<\/h1>\n<h2><strong>Le laser Holmium\u00a0 30W <\/strong>est puissant et offre un large choix de fr\u00e9quences et d&rsquo;\u00e9nergie.<\/h2>\n<p>[\/vc_column_text][\/vc_column_inner][\/vc_row_inner][vc_row_inner][vc_column_inner][vc_column_text]<div id=\"wpfp_afc8637963db2ec62fa33b1b6d1b5e08\" data-item=\"{&quot;sources&quot;:[{&quot;src&quot;:&quot;https:\\\/\\\/www.rocamed.com\\\/wp-content\\\/uploads\\\/2019\\\/01\\\/MH01-Video-Banner_1.mp4&quot;,&quot;type&quot;:&quot;video\\\/mp4&quot;}],&quot;id&quot;:&quot;2&quot;,&quot;splash&quot;:&quot;https:\\\/\\\/www.rocamed.com\\\/wp-content\\\/uploads\\\/2019\\\/01\\\/MH01-Video-Banner_cover.jpg&quot;}\" class=\"flowplayer no-brand is-splash is-paused skin-custom no-svg fp-slim  bottom-fs\" data-fvautoplay=\"0\" style=\"position:relative; max-width: 100%; max-height: 100%; \" data-ratio=\"0.5625\" data-loop=\"1\">\n\t<div class=\"fp-ratio\" style=\"padding-top: 56.25%\"><\/div>\n\t<img decoding=\"async\" class=\"fp-splash\" alt=\"video\" src=\"https:\/\/www.rocamed.com\/wp-content\/uploads\/2019\/01\/MH01-Video-Banner_cover.jpg\" style=\"position:absolute;top:0;width:100%\" \/>\n\t<div class=\"fp-ui\"><noscript>Please enable JavaScript<\/noscript><div class=\"fp-play fp-visible\"><svg class=\"fp-play-rounded-fill\" xmlns=\"http:\/\/www.w3.org\/2000\/svg\" viewBox=\"0 0 100 100\"><defs><style>.a{fill:#000;opacity:0.65;}.b{fill:#fff;opacity:1.0;}<\/style><\/defs><title>play-rounded-fill<\/title><path class=\"fp-color-play\" d=\"M49.9217-.078a50,50,0,1,0,50,50A50.0564,50.0564,0,0,0,49.9217-.078Z\"\/><path class=\"b\" d=\"M35.942,35.2323c0-4.7289,3.3506-6.6637,7.446-4.2971L68.83,45.6235c4.0956,2.364,4.0956,6.2319,0,8.5977L43.388,68.91c-4.0954,2.364-7.446.43-7.446-4.2979Z\" filter=\"url(#f1)\"\/><\/svg><\/div><div class=\"fp-preload\"><b><\/b><b><\/b><b><\/b><b><\/b><\/div><\/div>\n\n<\/div>\n[\/vc_column_text][\/vc_column_inner][\/vc_row_inner][vc_row_inner][vc_column_inner][vc_column_text css=\u00a0\u00bb.vc_custom_1591882692054{border-top-width: 1px !important;padding-top: 5px !important;border-top-color: #566565 !important;border-top-style: solid !important;border-radius: 1px !important;}\u00a0\u00bb]La mise en place de la fr\u00e9quence et de l&rsquo;\u00e9nergie est int\u00e9gr\u00e9e dans un <strong>menu intuitif pr\u00e9-r\u00e9gl\u00e9<\/strong> : pour un traitement efficace et pr\u00e9cise des calculs urinaires ou des tissus mous avec une manipulation simple.[\/vc_column_text][\/vc_column_inner][\/vc_row_inner][vc_row_inner][vc_column_inner width=\u00a0\u00bb2\/3&Prime;][vc_single_image image=\u00a0\u00bb3501&Prime; img_size=\u00a0\u00bbfull\u00a0\u00bb css=\u00a0\u00bb.vc_custom_1521194496687{border-top-width: 2px !important;border-right-width: 2px !important;border-bottom-width: 2px !important;border-left-width: 2px !important;padding-top: 50px !important;padding-right: 20px !important;padding-bottom: 50px !important;padding-left: 20px !important;background-color: #ffffff !important;border-left-color: #ce3e8c !important;border-left-style: solid !important;border-right-color: #ce3e8c !important;border-right-style: solid !important;border-top-color: #ce3e8c !important;border-top-style: solid !important;border-bottom-color: #ce3e8c !important;border-bottom-style: solid !important;}\u00a0\u00bb][\/vc_column_inner][vc_column_inner width=\u00a0\u00bb1\/3&Prime;][vc_raw_html]JTNDaWZyYW1lJTIwd2lkdGglM0QlMjIxMDAlMjUlMjIlMjBzcmMlM0QlMjJodHRwcyUzQSUyRiUyRnd3dy55b3V0dWJlLmNvbSUyRmVtYmVkJTJGZ0xQSHZEQUVzRVElM0ZyZWwlM0QwJTIyJTIwZnJhbWVib3JkZXIlM0QlMjIwJTIyJTIwYWxsb3clM0QlMjJhdXRvcGxheSUzQiUyMGVuY3J5cHRlZC1tZWRpYSUyMiUyMGFsbG93ZnVsbHNjcmVlbiUzRSUzQyUyRmlmcmFtZSUzRQ==[\/vc_raw_html][vc_column_text css=\u00a0\u00bb.vc_custom_1535013306835{margin-bottom: 0px !important;border-top-width: 1px !important;padding-top: 5px !important;border-top-color: #566565 !important;border-top-style: solid !important;border-radius: 1px !important;}\u00a0\u00bb]<\/p>\n<p style=\"text-align: center;\"><a class=\"jcepopup noicon\" href=\"http:\/\/www.youtube.com\/watch?v=gLPHvDAEsEQ\" target=\"_blank\" rel=\"noopener\"><span class=\"class\">Dusting Vs Fragmentation<\/span><\/a><\/p>\n<p>[\/vc_column_text][vc_icon icon_fontawesome=\u00a0\u00bbfa fa-youtube\u00a0\u00bb color=\u00a0\u00bbcustom\u00a0\u00bb size=\u00a0\u00bblg\u00a0\u00bb align=\u00a0\u00bbcenter\u00a0\u00bb custom_color=\u00a0\u00bb#ce3e8c\u00a0\u00bb css=\u00a0\u00bb.vc_custom_1535013222998{margin-top: 0px !important;margin-bottom: 0px !important;}\u00a0\u00bb][\/vc_column_inner][\/vc_row_inner][vc_separator color=\u00a0\u00bbcustom\u00a0\u00bb border_width=\u00a0\u00bb2&Prime; accent_color=\u00a0\u00bb#566565&Prime;][vc_column_text]<\/p>\n<h4>Sp\u00e9cifications Techniques<\/h4>\n<p>&nbsp;<\/p>\n<p><strong>Longueur d&rsquo;onde Ho:<\/strong> YAG 2100 nm<\/p>\n<p><strong>Energie puls\u00e9e:<\/strong> 0,2 &#8211; 4 J<\/p>\n<p><strong>Fr\u00e9quence:<\/strong> 3 &#8211; 25 Hz<\/p>\n<p><strong>Dur\u00e9e d&rsquo;impulsion:<\/strong> 150-850 \u03bcs<\/p>\n<p><strong>R\u00e9gulation de la longueur d&rsquo;impulsion:<\/strong> Automatique<\/p>\n<p><strong>Identification de la fibre:<\/strong> Puce RFID<\/p>\n<p><strong>Puissance :<\/strong> Jusqu&rsquo;\u00e0 30W<\/p>\n<p><strong>Alimentation g\u00e9n\u00e9rale<br \/>\n<\/strong>100-120 VAC: 50\/60 HZ 16 A<br \/>\n200-240 VAC: 50\/60 HZ 10 A<\/p>\n<p><strong>Dimension:<\/strong> 938 x 332 x 967 H x W x D (mm)<\/p>\n<p><strong>Poids:<\/strong> 60 kg[\/vc_column_text][vc_separator color=\u00a0\u00bbcustom\u00a0\u00bb border_width=\u00a0\u00bb2&Prime; accent_color=\u00a0\u00bb#566565&Prime;][vc_column_text]<h2 id=\"tablepress-128-name\" class=\"tablepress-table-name tablepress-table-name-id-128\">Laser 30W Holmium YAG<\/h2>\n<span id=\"tablepress-128-description\" class=\"tablepress-table-description tablepress-table-description-id-128\"><\/span>\n\n<table id=\"tablepress-128\" class=\"tablepress tablepress-id-128 tableau\" aria-labelledby=\"tablepress-128-name\" aria-describedby=\"tablepress-128-description\">\n<thead>\n<tr class=\"row-1\">\n\t<th class=\"column-1\">Ref<\/th><th class=\"column-2\">Description<\/th>\n<\/tr>\n<\/thead>\n<tbody class=\"row-striping\">\n<tr class=\"row-2\">\n\t<td class=\"column-1\">MH01<\/td><td class=\"column-2\">Rocamed Laser - Holmium 30W<\/td>\n<\/tr>\n<\/tbody>\n<\/table>\n<!-- #tablepress-128 from cache -->[\/vc_column_text][vc_column_text css=\u00a0\u00bb.vc_custom_1512484820677{border-top-width: 1px !important;padding-top: 5px !important;border-top-color: #566565 !important;border-top-style: solid !important;border-radius: 1px !important;}\u00a0\u00bb]<\/p>\n<h6>Products Specifications are subject to change without notice.<br \/>\nPlease consult product label and insert for any indications, contraindications, hazards, warnings, cautions and directions for use.<br \/>\nFor the latest information, always check the \u201cInstructions for Use\u201d that comes packaged with the product.<\/h6>\n<p>[\/vc_column_text]<script type=\"text\/javascript\">\n\t\t\t\t\t\tjQuery(document).ready(function() { jQuery(\".hgr-button-69f2e92ebc398.hgr_button\").css(\"background-color\",\"\");jQuery(\".hgr-button-69f2e92ebc398.hgr_button\").css(\"color\",\"#808080\");jQuery(\".hgr-button-69f2e92ebc398.hgr_button\").css(\"border\",\"1px solid \");jQuery(\".hgr-button-69f2e92ebc398.hgr_button\").mouseenter(function() {jQuery(this).css(\"border\",\"1px solid \");jQuery(this).css(\"background-color\",\"\");jQuery(this).css(\"color\",\"#808080\");}).mouseleave(function() {jQuery(this).css(\"background-color\",\"\");jQuery(this).css(\"color\",\"#808080\");jQuery(this).css(\"border\",\"1px solid \");});});<\/script><a href=\"https:\/\/www.rocamed.com\/wp-content\/uploads\/2022\/05\/NOTE-MH01-FR_BAT.pdf\" target=\"_blank\" title=\"IFU MH01\" class=\"hgr_button hgr-button-69f2e92ebc398 notice \" style=\"width:100px;height:60px;line-height:60px;font-size:14px;border-radius:4px; -moz-border-radius:4px; -webkit-border-radius:4px;\">MANUEL UTILISATEUR<\/a>[\/vc_column][\/vc_row]<\/p>\n<\/div>","protected":false},"excerpt":{"rendered":"<p>[vc_row full_width=\u00a0\u00bbstretch_row\u00a0\u00bb css=\u00a0\u00bb.vc_custom_1512399786081{padding-top: 50px !important;background-color: #ce3e8c !important;}\u00a0\u00bb][vc_column][vc_custom_heading text=\u00a0\u00bbEQUIPMENTS\u00a0\u00bb font_container=\u00a0\u00bbtag:h2|text_align:left|color:%23ffffff\u00a0\u00bb use_theme_fonts=\u00a0\u00bbyes\u00a0\u00bb][\/vc_column][\/vc_row][vc_row css_animation=\u00a0\u00bbfadeIn\u00a0\u00bb][vc_column width=\u00a0\u00bb1\/4&Prime; offset=\u00a0\u00bbvc_hidden-xs\u00a0\u00bb][vc_column_text][\/vc_column_text][\/vc_column][vc_column width=\u00a0\u00bb3\/4&Prime;][vc_row_inner][vc_column_inner][vc_column_text css=\u00a0\u00bb.vc_custom_1591881507518{border-top-width: 2px !important;border-top-color: #ce3e8c !important;border-top-style: solid !important;}\u00a0\u00bb] LASER HOLMIUM 30W Le laser Holmium\u00a0 30W est puissant et offre un large choix de fr\u00e9quences et d&rsquo;\u00e9nergie. [\/vc_column_text][\/vc_column_inner][\/vc_row_inner][vc_row_inner][vc_column_inner][vc_column_text][\/vc_column_text][\/vc_column_inner][\/vc_row_inner][vc_row_inner][vc_column_inner][vc_column_text css=\u00a0\u00bb.vc_custom_1591882692054{border-top-width: 1px !important;padding-top: 5px !important;border-top-color: #566565 !important;border-top-style: solid !important;border-radius: 1px !important;}\u00a0\u00bb]La mise en place de [&hellip;]<\/p>\n","protected":false},"author":1,"featured_media":0,"parent":3273,"menu_order":20,"comment_status":"open","ping_status":"closed","template":"","meta":{"content-type":"","_exactmetrics_skip_tracking":false,"_exactmetrics_sitenote_active":false,"_exactmetrics_sitenote_note":"","_exactmetrics_sitenote_category":0,"footnotes":""},"class_list":["post-3508","page","type-page","status-publish","hentry"],"translation":{"provider":"WPGlobus","version":"3.0.2","language":"fr","enabled_languages":["en","fr","it"],"languages":{"en":{"title":true,"content":true,"excerpt":false},"fr":{"title":true,"content":true,"excerpt":false},"it":{"title":false,"content":true,"excerpt":false}}},"_links":{"self":[{"href":"https:\/\/www.rocamed.com\/fr\/wp-json\/wp\/v2\/pages\/3508","targetHints":{"allow":["GET"]}}],"collection":[{"href":"https:\/\/www.rocamed.com\/fr\/wp-json\/wp\/v2\/pages"}],"about":[{"href":"https:\/\/www.rocamed.com\/fr\/wp-json\/wp\/v2\/types\/page"}],"author":[{"embeddable":true,"href":"https:\/\/www.rocamed.com\/fr\/wp-json\/wp\/v2\/users\/1"}],"replies":[{"embeddable":true,"href":"https:\/\/www.rocamed.com\/fr\/wp-json\/wp\/v2\/comments?post=3508"}],"version-history":[{"count":29,"href":"https:\/\/www.rocamed.com\/fr\/wp-json\/wp\/v2\/pages\/3508\/revisions"}],"predecessor-version":[{"id":10142,"href":"https:\/\/www.rocamed.com\/fr\/wp-json\/wp\/v2\/pages\/3508\/revisions\/10142"}],"up":[{"embeddable":true,"href":"https:\/\/www.rocamed.com\/fr\/wp-json\/wp\/v2\/pages\/3273"}],"wp:attachment":[{"href":"https:\/\/www.rocamed.com\/fr\/wp-json\/wp\/v2\/media?parent=3508"}],"curies":[{"name":"wp","href":"https:\/\/api.w.org\/{rel}","templated":true}]}}