{"id":3371,"date":"2018-03-15T14:33:57","date_gmt":"2018-03-15T13:33:57","guid":{"rendered":"https:\/\/www.rocamed.com\/?page_id=3371"},"modified":"2023-09-07T16:19:01","modified_gmt":"2023-09-07T14:19:01","slug":"connectors","status":"publish","type":"page","link":"https:\/\/www.rocamed.com\/fr\/products\/endo-urology\/connectors\/","title":{"rendered":"Connecteurs"},"content":{"rendered":"<div class=\"wpb-content-wrapper\"><p>[vc_row full_width=\u00a0\u00bbstretch_row\u00a0\u00bb css=\u00a0\u00bb.vc_custom_1512399786081{padding-top: 50px !important;background-color: #ce3e8c !important;}\u00a0\u00bb][vc_column][vc_custom_heading text=\u00a0\u00bbPRODUCTS\u00a0\u00bb font_container=\u00a0\u00bbtag:h2|text_align:left|color:%23ffffff\u00a0\u00bb use_theme_fonts=\u00a0\u00bbyes\u00a0\u00bb][\/vc_column][\/vc_row][vc_row][vc_column width=\u00a0\u00bb1\/4&Prime; offset=\u00a0\u00bbvc_hidden-xs\u00a0\u00bb][vc_column_text][vc_custom_heading text=\"GAMMES & PRODUITS\" font_container=\"tag:h4|text_align:left|color:%23ffffff\" use_theme_fonts=\"yes\" css=\".vc_custom_1524665619963{padding-top: 5px !important;padding-right: 5px !important;padding-bottom: 3px !important;padding-left: 5px !important;background-color: #566565 !important;}\"]\n\n[vc_wp_custommenu nav_menu=\"59\" el_class=\"left_side_column-style\"]\n\n[vc_custom_heading text=\"CATALOGUE PRODUITS\" font_container=\"tag:h4|text_align:left|color:%23ffffff\" use_theme_fonts=\"yes\" css=\".vc_custom_1524582080658{margin-top: 20px !important;padding-top: 5px !important;padding-right: 5px !important;padding-bottom: 3px !important;padding-left: 5px !important;background-color: #566565 !important;}\"]\n\n<div class=\"hgr-content-block left_side_column-style\" style=\"margin-bottom:2em;\"><div class=\"hgr-contb-row\"><div class=\"hgr-contblock-icon\" style=\"color:#ce3e8c;  \"><i class=\"icon icon outline outline-bookmarks normal-icon-cb\" style=\" font-size:32px!important; \"><\/i><\/div><div class=\"hgr-content\" style=\"padding-left:1em;\"><h4 style=\"color:#566565\">Le catalogue Rocamed<\/h4><a class=\"hgr-contb-link morelink-white\" href=\"https:\/\/www.rocamed.com\/catalog\/\" target=\"_blank\" title=\"\">Consultez en ligne notre dernier catalogue produits<\/a><\/div><\/div><\/div>\n\n[vc_custom_heading text=\"NEWSLETTER\" font_container=\"tag:h4|text_align:left|color:%23ffffff\" use_theme_fonts=\"yes\" css=\".vc_custom_1584611603475{margin-top: 20px !important;padding-top: 5px !important;padding-right: 5px !important;padding-bottom: 3px !important;padding-left: 5px !important;background-color: #566565 !important;}\"]\n\n<div class=\"hgr-content-block left_side_column-style\" style=\"margin-bottom:2em;\"><div class=\"hgr-contb-row\"><div class=\"hgr-contblock-icon\" style=\"color:#ce3e8c;  \"><i class=\"icon icon fa fa-envelope-o normal-icon-cb\" style=\" font-size:32px!important; \"><\/i><\/div><div class=\"hgr-content\" style=\"padding-left:1em;\"><h4 style=\"color:#566565\">La newsletter Rocamed<\/h4><a class=\"hgr-contb-link morelink-white\" href=\"\/subscribe-to-rocamed-newsletter\/\" target=\"_blank\" title=\"\">Inscrivez-vous en ligne \u00e0 notre newsletter<\/a><\/div><\/div><\/div>\n\n[vc_single_image image=\"1857\" img_size=\"\" css_animation=\"rotateInDownLeft\" css=\".vc_custom_1584612083417{padding-top: 20px !important;padding-right: 20px !important;padding-bottom: 20px !important;padding-left: 20px !important;}\"][\/vc_column_text][\/vc_column][vc_column width=\u00a0\u00bb3\/4&Prime;][vc_column_text css=\u00a0\u00bb.vc_custom_1694096202029{border-top-width: 2px !important;border-top-color: #ce3e8c !important;border-top-style: solid !important;}\u00a0\u00bb]<\/p>\n<h1 style=\"text-align: left;\">Connecteurs<\/h1>\n<h2>Tuohy Borst<\/h2>\n<p>[\/vc_column_text][vc_column_text css=\u00a0\u00bb.vc_custom_1585080900388{border-top-width: 1px !important;padding-top: 5px !important;border-top-color: #566565 !important;border-top-style: solid !important;border-radius: 1px !important;}\u00a0\u00bb]Un acc\u00e8s contr\u00f4l\u00e9 au canal op\u00e9ratoire de l&rsquo;endoscope (Ouvert ferm\u00e9, scell\u00e9).<br \/>\nEn position ferm\u00e9, le connecteur offre un excellent contr\u00f4le de chaque instrument qui pourrait passer \u00e0 travers le canal op\u00e9ratoire, avec une parfaite \u00e9tanch\u00e9it\u00e9, offrant un confort d&rsquo;utilisation sans \u00e9gal.<br \/>\nUne ergonomie renforc\u00e9e (avec mains gant\u00e9es et dans la plupart des environnements) pour une ouverture et fermeture du Tuohy Borst am\u00e9lior\u00e9es au cours des g\u00e9n\u00e9rations pr\u00e9c\u00e9dentes.[\/vc_column_text][vc_row_inner css=\u00a0\u00bb.vc_custom_1512401358047{padding-top: 10px !important;}\u00a0\u00bb][vc_column_inner width=\u00a0\u00bb1\/2&Prime;][vc_single_image image=\u00a0\u00bb7794&Prime; img_size=\u00a0\u00bblarge\u00a0\u00bb alignment=\u00a0\u00bbcenter\u00a0\u00bb css=\u00a0\u00bb.vc_custom_1611847028773{border-top-width: 2px !important;border-right-width: 2px !important;border-bottom-width: 2px !important;border-left-width: 2px !important;padding-top: 25px !important;padding-right: 10px !important;padding-bottom: 25px !important;padding-left: 10px !important;background-color: #ffffff !important;border-left-color: #ce3e8c !important;border-left-style: solid !important;border-right-color: #ce3e8c !important;border-right-style: solid !important;border-top-color: #ce3e8c !important;border-top-style: solid !important;border-bottom-color: #ce3e8c !important;border-bottom-style: solid !important;border-radius: 2px !important;}\u00a0\u00bb][\/vc_column_inner][\/vc_row_inner][vc_separator color=\u00a0\u00bbcustom\u00a0\u00bb border_width=\u00a0\u00bb2&Prime; accent_color=\u00a0\u00bb#566565&Prime;][vc_column_text]<h2 id=\"tablepress-92-name\" class=\"tablepress-table-name tablepress-table-name-id-92\">Connecteurs<\/h2>\n<span id=\"tablepress-92-description\" class=\"tablepress-table-description tablepress-table-description-id-92\"><\/span>\n\n<table id=\"tablepress-92\" class=\"tablepress tablepress-id-92 tableau\" aria-labelledby=\"tablepress-92-name\" aria-describedby=\"tablepress-92-description\">\n<thead>\n<tr class=\"row-1\">\n\t<th class=\"column-1\">R\u00e9f\u00e9rence<\/th><th class=\"column-2\">Descriton<\/th>\n<\/tr>\n<\/thead>\n<tbody class=\"row-striping\">\n<tr class=\"row-2\">\n\t<td class=\"column-1\">ROMTB-STO<\/td><td class=\"column-2\">Tuohy Borst 6Fr (14G) MLL<\/td>\n<\/tr>\n<tr class=\"row-3\">\n\t<td class=\"column-1\">ROMYTB-STO<\/td><td class=\"column-2\">Y Connector+Tuohy Borst 6FR (14G)<\/td>\n<\/tr>\n<tr class=\"row-4\">\n\t<td class=\"column-1\">ROMYCLICST<\/td><td class=\"column-2\">Y-Clic Connector<\/td>\n<\/tr>\n<\/tbody>\n<\/table>\n<!-- #tablepress-92 from cache -->[\/vc_column_text][vc_column_text css=\u00a0\u00bb.vc_custom_1584785188517{border-top-width: 1px !important;padding-top: 5px !important;border-top-color: #566565 !important;border-top-style: solid !important;border-radius: 1px !important;}\u00a0\u00bb]<\/p>\n<h5>A Usage unique\/ St\u00e9rile \/ Boite de 10 pi\u00e8ces<\/h5>\n<p>[\/vc_column_text][vc_column_text css=\u00a0\u00bb.vc_custom_1512484820677{border-top-width: 1px !important;padding-top: 5px !important;border-top-color: #566565 !important;border-top-style: solid !important;border-radius: 1px !important;}\u00a0\u00bb]<\/p>\n<h6>Products Specifications are subject to change without notice.<br \/>\nPlease consult product label and insert for any indications, contraindications, hazards, warnings, cautions and directions for use.<br \/>\nFor the latest information, always check the \u201cInstructions for Use\u201d that comes packaged with the product.<\/h6>\n<p>[\/vc_column_text][\/vc_column][\/vc_row]<\/p>\n<\/div>","protected":false},"excerpt":{"rendered":"<p>[vc_row full_width=\u00a0\u00bbstretch_row\u00a0\u00bb css=\u00a0\u00bb.vc_custom_1512399786081{padding-top: 50px !important;background-color: #ce3e8c !important;}\u00a0\u00bb][vc_column][vc_custom_heading text=\u00a0\u00bbPRODUCTS\u00a0\u00bb font_container=\u00a0\u00bbtag:h2|text_align:left|color:%23ffffff\u00a0\u00bb use_theme_fonts=\u00a0\u00bbyes\u00a0\u00bb][\/vc_column][\/vc_row][vc_row][vc_column width=\u00a0\u00bb1\/4&Prime; offset=\u00a0\u00bbvc_hidden-xs\u00a0\u00bb][vc_column_text][\/vc_column_text][\/vc_column][vc_column width=\u00a0\u00bb3\/4&Prime;][vc_column_text css=\u00a0\u00bb.vc_custom_1694096202029{border-top-width: 2px !important;border-top-color: #ce3e8c !important;border-top-style: solid !important;}\u00a0\u00bb] Connecteurs Tuohy Borst [\/vc_column_text][vc_column_text css=\u00a0\u00bb.vc_custom_1585080900388{border-top-width: 1px !important;padding-top: 5px !important;border-top-color: #566565 !important;border-top-style: solid !important;border-radius: 1px !important;}\u00a0\u00bb]Un acc\u00e8s contr\u00f4l\u00e9 au canal op\u00e9ratoire de l&rsquo;endoscope (Ouvert ferm\u00e9, scell\u00e9). En position ferm\u00e9, le connecteur offre un excellent contr\u00f4le de [&hellip;]<\/p>\n","protected":false},"author":1,"featured_media":0,"parent":1884,"menu_order":20,"comment_status":"open","ping_status":"closed","template":"","meta":{"content-type":"","_exactmetrics_skip_tracking":false,"_exactmetrics_sitenote_active":false,"_exactmetrics_sitenote_note":"","_exactmetrics_sitenote_category":0,"footnotes":""},"class_list":["post-3371","page","type-page","status-publish","hentry"],"translation":{"provider":"WPGlobus","version":"3.0.2","language":"fr","enabled_languages":["en","fr","it"],"languages":{"en":{"title":true,"content":true,"excerpt":false},"fr":{"title":true,"content":true,"excerpt":false},"it":{"title":true,"content":true,"excerpt":false}}},"_links":{"self":[{"href":"https:\/\/www.rocamed.com\/fr\/wp-json\/wp\/v2\/pages\/3371","targetHints":{"allow":["GET"]}}],"collection":[{"href":"https:\/\/www.rocamed.com\/fr\/wp-json\/wp\/v2\/pages"}],"about":[{"href":"https:\/\/www.rocamed.com\/fr\/wp-json\/wp\/v2\/types\/page"}],"author":[{"embeddable":true,"href":"https:\/\/www.rocamed.com\/fr\/wp-json\/wp\/v2\/users\/1"}],"replies":[{"embeddable":true,"href":"https:\/\/www.rocamed.com\/fr\/wp-json\/wp\/v2\/comments?post=3371"}],"version-history":[{"count":29,"href":"https:\/\/www.rocamed.com\/fr\/wp-json\/wp\/v2\/pages\/3371\/revisions"}],"predecessor-version":[{"id":9780,"href":"https:\/\/www.rocamed.com\/fr\/wp-json\/wp\/v2\/pages\/3371\/revisions\/9780"}],"up":[{"embeddable":true,"href":"https:\/\/www.rocamed.com\/fr\/wp-json\/wp\/v2\/pages\/1884"}],"wp:attachment":[{"href":"https:\/\/www.rocamed.com\/fr\/wp-json\/wp\/v2\/media?parent=3371"}],"curies":[{"name":"wp","href":"https:\/\/api.w.org\/{rel}","templated":true}]}}