{"id":3189,"date":"2018-03-01T16:35:15","date_gmt":"2018-03-01T15:35:15","guid":{"rendered":"https:\/\/www.rocamed.com\/?page_id=3189"},"modified":"2022-08-26T12:11:08","modified_gmt":"2022-08-26T10:11:08","slug":"probes-2","status":"publish","type":"page","link":"https:\/\/www.rocamed.com\/fr\/equipments\/endoflow2-2\/probes-2\/","title":{"rendered":"Canules"},"content":{"rendered":"<div class=\"wpb-content-wrapper\"><p>[vc_row full_width=\u00a0\u00bbstretch_row\u00a0\u00bb css=\u00a0\u00bb.vc_custom_1512399786081{padding-top: 50px !important;background-color: #ce3e8c !important;}\u00a0\u00bb][vc_column][vc_custom_heading text=\u00a0\u00bbENDOFLOW\u00aeII\u00a0\u00bb font_container=\u00a0\u00bbtag:h2|text_align:left|color:%23ffffff\u00a0\u00bb use_theme_fonts=\u00a0\u00bbyes\u00a0\u00bb][\/vc_column][\/vc_row][vc_row css_animation=\u00a0\u00bbfadeIn\u00a0\u00bb][vc_column width=\u00a0\u00bb1\/4&Prime; offset=\u00a0\u00bbvc_hidden-xs\u00a0\u00bb][vc_column_text][vc_custom_heading text=\"\u00c9QUIPEMENTS\" font_container=\"tag:h4|text_align:left|color:%23ffffff\" use_theme_fonts=\"yes\" css=\".vc_custom_1524665619963{padding-top: 5px !important;padding-right: 5px !important;padding-bottom: 3px !important;padding-left: 5px !important;background-color: #566565 !important;}\"]\n\n[vc_wp_custommenu nav_menu=\"120\" el_class=\"left_side_column-style\"]\n\n[vc_custom_heading text=\"CATALOGUE PRODUITS\" font_container=\"tag:h4|text_align:left|color:%23ffffff\" use_theme_fonts=\"yes\" css=\".vc_custom_1524582080658{margin-top: 20px !important;padding-top: 5px !important;padding-right: 5px !important;padding-bottom: 3px !important;padding-left: 5px !important;background-color: #566565 !important;}\"]\n\n<div class=\"hgr-content-block left_side_column-style\" style=\"margin-bottom:2em;\"><div class=\"hgr-contb-row\"><div class=\"hgr-contblock-icon\" style=\"color:#ce3e8c;  \"><i class=\"icon icon outline outline-bookmarks normal-icon-cb\" style=\" font-size:32px!important; \"><\/i><\/div><div class=\"hgr-content\" style=\"padding-left:1em;\"><h4 style=\"color:#566565\">Catalogue Rocamed<\/h4><a class=\"hgr-contb-link morelink-white\" href=\"https:\/\/www.rocamed.com\/catalog\/\" target=\"_blank\" title=\"\">Consultez en ligne notre dernier catalogue produits<\/a><\/div><\/div><\/div>\n\n[vc_custom_heading text=\"NEWSLETTER\" font_container=\"tag:h4|text_align:left|color:%23ffffff\" use_theme_fonts=\"yes\" css=\".vc_custom_1584611603475{margin-top: 20px !important;padding-top: 5px !important;padding-right: 5px !important;padding-bottom: 3px !important;padding-left: 5px !important;background-color: #566565 !important;}\"]\n\n<div class=\"hgr-content-block left_side_column-style\" style=\"margin-bottom:2em;\"><div class=\"hgr-contb-row\"><div class=\"hgr-contblock-icon\" style=\"color:#ce3e8c;  \"><i class=\"icon icon fa fa-envelope-o normal-icon-cb\" style=\" font-size:32px!important; \"><\/i><\/div><div class=\"hgr-content\" style=\"padding-left:1em;\"><h4 style=\"color:#566565\">La newsletter Rocamed<\/h4><a class=\"hgr-contb-link morelink-white\" href=\"\/subscribe-to-rocamed-newsletter\/\" target=\"_blank\" title=\"\">Inscrivez-vous en ligne \u00e0 notre newsletter<\/a><\/div><\/div><\/div>\n\n[vc_single_image image=\"1857\" img_size=\"\" css_animation=\"rotateInDownLeft\" css=\".vc_custom_1584612083417{padding-top: 20px !important;padding-right: 20px !important;padding-bottom: 20px !important;padding-left: 20px !important;}\"][\/vc_column_text][\/vc_column][vc_column width=\u00a0\u00bb3\/4&Prime;][vc_column_text css=\u00a0\u00bb.vc_custom_1591872110224{border-top-width: 2px !important;border-top-color: #ce3e8c !important;border-top-style: solid !important;}\u00a0\u00bb]<\/p>\n<h2 style=\"text-align: left;\">ENDOFLOW\u00aeII en Coelioscopie<\/h2>\n<h3 style=\"text-align: left;\">Canules de coelioscopie<\/h3>\n<p>[\/vc_column_text][vc_row_inner css=\u00a0\u00bb.vc_custom_1519814162084{margin-right: px !important;margin-left: px !important;padding-top: 10px !important;}\u00a0\u00bb][vc_column_inner][vc_single_image image=\u00a0\u00bb7573&Prime; img_size=\u00a0\u00bblarge\u00a0\u00bb alignment=\u00a0\u00bbcenter\u00a0\u00bb css=\u00a0\u00bb.vc_custom_1597347283148{border-top-width: 2px !important;border-right-width: 2px !important;border-bottom-width: 2px !important;border-left-width: 2px !important;border-left-color: #ce3e8c !important;border-left-style: solid !important;border-right-color: #ce3e8c !important;border-right-style: solid !important;border-top-color: #ce3e8c !important;border-top-style: solid !important;border-bottom-color: #ce3e8c !important;border-bottom-style: solid !important;border-radius: 2px !important;}\u00a0\u00bb][vc_single_image image=\u00a0\u00bb7568&Prime; img_size=\u00a0\u00bblarge\u00a0\u00bb alignment=\u00a0\u00bbcenter\u00a0\u00bb css=\u00a0\u00bb.vc_custom_1597339665619{border-top-width: 02px !important;border-right-width: 02px !important;border-bottom-width: 02px !important;border-left-width: 2px !important;border-left-color: #ce3e8c !important;border-left-style: solid !important;border-right-color: #ce3e8c !important;border-right-style: solid !important;border-top-color: #ce3e8c !important;border-top-style: solid !important;border-bottom-color: #ce3e8c !important;border-bottom-style: solid !important;}\u00a0\u00bb][\/vc_column_inner][\/vc_row_inner][vc_column_text css=\u00a0\u00bb.vc_custom_1591871749593{padding-top: 5px !important;}\u00a0\u00bb]<span id=\"tablepress-118-description\" class=\"tablepress-table-description tablepress-table-description-id-118\"><\/span>\n\n<table id=\"tablepress-118\" class=\"tablepress tablepress-id-118 tableau\" aria-describedby=\"tablepress-118-description\">\n<thead>\n<tr class=\"row-1\">\n\t<th class=\"column-1\">Ref.<\/th><th class=\"column-2\">Type<\/th><th class=\"column-3\">Trous<\/th><th class=\"column-4\">\u00d8 (mm)<\/th><th class=\"column-5\">Longueur (mm)<\/th>\n<\/tr>\n<\/thead>\n<tbody class=\"row-striping\">\n<tr class=\"row-2\">\n\t<td class=\"column-1\">OJG032504HDST12<\/td><td class=\"column-2\">Irrigation\/Aspiration<\/td><td class=\"column-3\">4 <\/td><td class=\"column-4\"> 3<\/td><td class=\"column-5\">L. 250<\/td>\n<\/tr>\n<tr class=\"row-3\">\n\t<td class=\"column-1\">OJG03330ST12<\/td><td class=\"column-2\">Irrigation\/Aspiration<\/td><td class=\"column-3\">4 <\/td><td class=\"column-4\">3<\/td><td class=\"column-5\">L. 330<\/td>\n<\/tr>\n<tr class=\"row-4\">\n\t<td class=\"column-1\">OJG054504HDST12<\/td><td class=\"column-2\">Irrigation\/Aspiration<\/td><td class=\"column-3\">4 <\/td><td class=\"column-4\">5<\/td><td class=\"column-5\">L. 450<\/td>\n<\/tr>\n<tr class=\"row-5\">\n\t<td class=\"column-1\">OJG05DAGST12<\/td><td class=\"column-2\">Irrigation\/Aspiration avec syst\u00e8me anti-goutte<\/td><td class=\"column-3\">8<\/td><td class=\"column-4\">5<\/td><td class=\"column-5\">L. 330<\/td>\n<\/tr>\n<tr class=\"row-6\">\n\t<td class=\"column-1\">OJG05450DST12<\/td><td class=\"column-2\">Irrigation\/Aspiration <\/td><td class=\"column-3\">16 <\/td><td class=\"column-4\">5<\/td><td class=\"column-5\">L. 450<\/td>\n<\/tr>\n<tr class=\"row-7\">\n\t<td class=\"column-1\">OJG05DST12<\/td><td class=\"column-2\">Irrigation\/Aspiration <\/td><td class=\"column-3\">16 <\/td><td class=\"column-4\">5<\/td><td class=\"column-5\">L. 330<\/td>\n<\/tr>\n<tr class=\"row-8\">\n\t<td class=\"column-1\">OJG10DST12<\/td><td class=\"column-2\">Irrigation\/Aspiration <\/td><td class=\"column-3\">16 <\/td><td class=\"column-4\">10<\/td><td class=\"column-5\">L.330<\/td>\n<\/tr>\n<\/tbody>\n<\/table>\n<!-- #tablepress-118 from cache -->[\/vc_column_text][vc_column_text css=\u00a0\u00bb.vc_custom_1591871318969{border-top-width: px !important;border-bottom-width: px !important;padding-top: 5px !important;border-top-color: #566565 !important;border-top-style: solid !important;border-bottom-color: #566565 !important;border-bottom-style: solid !important;}\u00a0\u00bb]Conditionn\u00e9 s\u00e9par\u00e9ment \/ Dispositif st\u00e9rile \u00e0 usage unique\/ Boite de 25[\/vc_column_text][vc_column_text css=\u00a0\u00bb.vc_custom_1519724166386{border-top-width: 1px !important;padding-top: 5px !important;border-top-color: #566565 !important;border-top-style: solid !important;}\u00a0\u00bb]<\/p>\n<h6>Products Specifications are subject to change without notice.<br \/>\nPlease consult product label and insert for any indications, contraindications, hazards, warnings, cautions and directions for use.<br \/>\nFor the latest information, always check the \u201cInstructions for Use\u201d that comes packaged with the product.<\/h6>\n<p>[\/vc_column_text][\/vc_column][\/vc_row]<\/p>\n<\/div>","protected":false},"excerpt":{"rendered":"<p>[vc_row full_width=\u00a0\u00bbstretch_row\u00a0\u00bb css=\u00a0\u00bb.vc_custom_1512399786081{padding-top: 50px !important;background-color: #ce3e8c !important;}\u00a0\u00bb][vc_column][vc_custom_heading text=\u00a0\u00bbENDOFLOW\u00aeII\u00a0\u00bb font_container=\u00a0\u00bbtag:h2|text_align:left|color:%23ffffff\u00a0\u00bb use_theme_fonts=\u00a0\u00bbyes\u00a0\u00bb][\/vc_column][\/vc_row][vc_row css_animation=\u00a0\u00bbfadeIn\u00a0\u00bb][vc_column width=\u00a0\u00bb1\/4&Prime; offset=\u00a0\u00bbvc_hidden-xs\u00a0\u00bb][vc_column_text][\/vc_column_text][\/vc_column][vc_column width=\u00a0\u00bb3\/4&Prime;][vc_column_text css=\u00a0\u00bb.vc_custom_1591872110224{border-top-width: 2px !important;border-top-color: #ce3e8c !important;border-top-style: solid !important;}\u00a0\u00bb] ENDOFLOW\u00aeII en Coelioscopie Canules de coelioscopie [\/vc_column_text][vc_row_inner css=\u00a0\u00bb.vc_custom_1519814162084{margin-right: px !important;margin-left: px !important;padding-top: 10px !important;}\u00a0\u00bb][vc_column_inner][vc_single_image image=\u00a0\u00bb7573&Prime; img_size=\u00a0\u00bblarge\u00a0\u00bb alignment=\u00a0\u00bbcenter\u00a0\u00bb css=\u00a0\u00bb.vc_custom_1597347283148{border-top-width: 2px !important;border-right-width: 2px !important;border-bottom-width: 2px !important;border-left-width: 2px !important;border-left-color: #ce3e8c !important;border-left-style: solid !important;border-right-color: #ce3e8c !important;border-right-style: solid !important;border-top-color: [&hellip;]<\/p>\n","protected":false},"author":1,"featured_media":0,"parent":4867,"menu_order":20,"comment_status":"open","ping_status":"closed","template":"","meta":{"content-type":"","_exactmetrics_skip_tracking":false,"_exactmetrics_sitenote_active":false,"_exactmetrics_sitenote_note":"","_exactmetrics_sitenote_category":0,"footnotes":""},"class_list":["post-3189","page","type-page","status-publish","hentry"],"translation":{"provider":"WPGlobus","version":"3.0.2","language":"fr","enabled_languages":["en","fr","it"],"languages":{"en":{"title":true,"content":true,"excerpt":false},"fr":{"title":true,"content":true,"excerpt":false},"it":{"title":false,"content":true,"excerpt":false}}},"_links":{"self":[{"href":"https:\/\/www.rocamed.com\/fr\/wp-json\/wp\/v2\/pages\/3189","targetHints":{"allow":["GET"]}}],"collection":[{"href":"https:\/\/www.rocamed.com\/fr\/wp-json\/wp\/v2\/pages"}],"about":[{"href":"https:\/\/www.rocamed.com\/fr\/wp-json\/wp\/v2\/types\/page"}],"author":[{"embeddable":true,"href":"https:\/\/www.rocamed.com\/fr\/wp-json\/wp\/v2\/users\/1"}],"replies":[{"embeddable":true,"href":"https:\/\/www.rocamed.com\/fr\/wp-json\/wp\/v2\/comments?post=3189"}],"version-history":[{"count":16,"href":"https:\/\/www.rocamed.com\/fr\/wp-json\/wp\/v2\/pages\/3189\/revisions"}],"predecessor-version":[{"id":9284,"href":"https:\/\/www.rocamed.com\/fr\/wp-json\/wp\/v2\/pages\/3189\/revisions\/9284"}],"up":[{"embeddable":true,"href":"https:\/\/www.rocamed.com\/fr\/wp-json\/wp\/v2\/pages\/4867"}],"wp:attachment":[{"href":"https:\/\/www.rocamed.com\/fr\/wp-json\/wp\/v2\/media?parent=3189"}],"curies":[{"name":"wp","href":"https:\/\/api.w.org\/{rel}","templated":true}]}}