{"id":3167,"date":"2018-02-28T17:56:53","date_gmt":"2018-02-28T16:56:53","guid":{"rendered":"https:\/\/www.rocamed.com\/?page_id=3167"},"modified":"2025-10-23T11:45:57","modified_gmt":"2025-10-23T09:45:57","slug":"tubing-sets-with-without-handpiece","status":"publish","type":"page","link":"https:\/\/www.rocamed.com\/fr\/equipments\/endoflow2-2\/tubing-sets-with-without-handpiece\/","title":{"rendered":"Sets de tubulure avec\/sans pi\u00e8ce \u00e0 main"},"content":{"rendered":"<div class=\"wpb-content-wrapper\"><p>[vc_row full_width=\u00a0\u00bbstretch_row\u00a0\u00bb css=\u00a0\u00bb.vc_custom_1512399786081{padding-top: 50px !important;background-color: #ce3e8c !important;}\u00a0\u00bb][vc_column][vc_custom_heading text=\u00a0\u00bbENDOFLOW\u00aeII\u00a0\u00bb font_container=\u00a0\u00bbtag:h2|text_align:left|color:%23ffffff\u00a0\u00bb use_theme_fonts=\u00a0\u00bbyes\u00a0\u00bb][\/vc_column][\/vc_row][vc_row css_animation=\u00a0\u00bbfadeIn\u00a0\u00bb][vc_column width=\u00a0\u00bb1\/4&Prime; offset=\u00a0\u00bbvc_hidden-xs\u00a0\u00bb][vc_column_text][vc_custom_heading text=\"\u00c9QUIPEMENTS\" font_container=\"tag:h4|text_align:left|color:%23ffffff\" use_theme_fonts=\"yes\" css=\".vc_custom_1524665619963{padding-top: 5px !important;padding-right: 5px !important;padding-bottom: 3px !important;padding-left: 5px !important;background-color: #566565 !important;}\"]\n\n[vc_wp_custommenu nav_menu=\"120\" el_class=\"left_side_column-style\"]\n\n[vc_custom_heading text=\"CATALOGUE PRODUITS\" font_container=\"tag:h4|text_align:left|color:%23ffffff\" use_theme_fonts=\"yes\" css=\".vc_custom_1524582080658{margin-top: 20px !important;padding-top: 5px !important;padding-right: 5px !important;padding-bottom: 3px !important;padding-left: 5px !important;background-color: #566565 !important;}\"]\n\n<div class=\"hgr-content-block left_side_column-style\" style=\"margin-bottom:2em;\"><div class=\"hgr-contb-row\"><div class=\"hgr-contblock-icon\" style=\"color:#ce3e8c;  \"><i class=\"icon icon outline outline-bookmarks normal-icon-cb\" style=\" font-size:32px!important; \"><\/i><\/div><div class=\"hgr-content\" style=\"padding-left:1em;\"><h4 style=\"color:#566565\">Catalogue Rocamed<\/h4><a class=\"hgr-contb-link morelink-white\" href=\"https:\/\/www.rocamed.com\/catalog\/\" target=\"_blank\" title=\"\">Consultez en ligne notre dernier catalogue produits<\/a><\/div><\/div><\/div>\n\n[vc_custom_heading text=\"NEWSLETTER\" font_container=\"tag:h4|text_align:left|color:%23ffffff\" use_theme_fonts=\"yes\" css=\".vc_custom_1584611603475{margin-top: 20px !important;padding-top: 5px !important;padding-right: 5px !important;padding-bottom: 3px !important;padding-left: 5px !important;background-color: #566565 !important;}\"]\n\n<div class=\"hgr-content-block left_side_column-style\" style=\"margin-bottom:2em;\"><div class=\"hgr-contb-row\"><div class=\"hgr-contblock-icon\" style=\"color:#ce3e8c;  \"><i class=\"icon icon fa fa-envelope-o normal-icon-cb\" style=\" font-size:32px!important; \"><\/i><\/div><div class=\"hgr-content\" style=\"padding-left:1em;\"><h4 style=\"color:#566565\">La newsletter Rocamed<\/h4><a class=\"hgr-contb-link morelink-white\" href=\"\/subscribe-to-rocamed-newsletter\/\" target=\"_blank\" title=\"\">Inscrivez-vous en ligne \u00e0 notre newsletter<\/a><\/div><\/div><\/div>\n\n[vc_single_image image=\"1857\" img_size=\"\" css_animation=\"rotateInDownLeft\" css=\".vc_custom_1584612083417{padding-top: 20px !important;padding-right: 20px !important;padding-bottom: 20px !important;padding-left: 20px !important;}\"][\/vc_column_text][\/vc_column][vc_column width=\u00a0\u00bb3\/4&Prime;][vc_column_text css=\u00a0\u00bb.vc_custom_1593609503023{border-top-width: 2px !important;border-top-color: #ce3e8c !important;border-top-style: solid !important;}\u00a0\u00bb]<\/p>\n<h1 style=\"text-align: left;\">ENDOFLOW\u00aeII en Coelioscopie<\/h1>\n<h2 style=\"text-align: left;\">Set de tubulures de Coelioscopie)<\/h2>\n<p>[\/vc_column_text][vc_column_text css=\u00a0\u00bb.vc_custom_1593609535502{border-top-width: px !important;}\u00a0\u00bb]Set d&rsquo;Irrigation\/Aspiration <strong>avec Pi\u00e8ce \u00e0 main<br \/>\n<\/strong>[\/vc_column_text][vc_row_inner css=\u00a0\u00bb.vc_custom_1519814162084{margin-right: px !important;margin-left: px !important;padding-top: 10px !important;}\u00a0\u00bb][vc_column_inner width=\u00a0\u00bb1\/2&Prime;][vc_single_image image=\u00a0\u00bb4875&Prime; img_size=\u00a0\u00bbfull\u00a0\u00bb alignment=\u00a0\u00bbcenter\u00a0\u00bb css=\u00a0\u00bb.vc_custom_1531473705170{border-top-width: 02px !important;border-right-width: 02px !important;border-bottom-width: 02px !important;border-left-width: 2px !important;border-left-color: #ce3e8c !important;border-left-style: solid !important;border-right-color: #ce3e8c !important;border-right-style: solid !important;border-top-color: #ce3e8c !important;border-top-style: solid !important;border-bottom-color: #ce3e8c !important;border-bottom-style: solid !important;}\u00a0\u00bb][vc_column_text css=\u00a0\u00bb.vc_custom_1531476057157{margin-top: -20px !important;border-top-width: 1px !important;padding-top: 5px !important;border-top-color: #566565 !important;border-top-style: solid !important;}\u00a0\u00bb]SOLA0500ST12[\/vc_column_text][\/vc_column_inner][vc_column_inner width=\u00a0\u00bb1\/2&Prime;][vc_single_image image=\u00a0\u00bb3159&Prime; img_size=\u00a0\u00bbfull\u00a0\u00bb alignment=\u00a0\u00bbcenter\u00a0\u00bb css=\u00a0\u00bb.vc_custom_1531473652696{border-top-width: 02px !important;border-right-width: 02px !important;border-bottom-width: 02px !important;border-left-width: 2px !important;border-left-color: #ce3e8c !important;border-left-style: solid !important;border-right-color: #ce3e8c !important;border-right-style: solid !important;border-top-color: #ce3e8c !important;border-top-style: solid !important;border-bottom-color: #ce3e8c !important;border-bottom-style: solid !important;}\u00a0\u00bb][vc_column_text css=\u00a0\u00bb.vc_custom_1531473796075{margin-top: -20px !important;border-top-width: 1px !important;padding-top: 5px !important;border-top-color: #566565 !important;border-top-style: solid !important;}\u00a0\u00bb]SOLA2500ST12[\/vc_column_text][\/vc_column_inner][\/vc_row_inner][vc_column_text]A utiliser avec les canules ROCAMED de <strong>\u00d803, \u00d805 &amp; \u00d810mm<\/strong>\u00a0 (Canules non inclues dans le set)[\/vc_column_text][vc_separator][vc_row_inner css=\u00a0\u00bb.vc_custom_1519814162084{margin-right: px !important;margin-left: px !important;padding-top: 10px !important;}\u00a0\u00bb][vc_column_inner width=\u00a0\u00bb1\/2&Prime;][vc_single_image image=\u00a0\u00bb3161&Prime; img_size=\u00a0\u00bbfull\u00a0\u00bb alignment=\u00a0\u00bbcenter\u00a0\u00bb css=\u00a0\u00bb.vc_custom_1531475378052{border-top-width: 02px !important;border-right-width: 02px !important;border-bottom-width: 02px !important;border-left-width: 2px !important;border-left-color: #ce3e8c !important;border-left-style: solid !important;border-right-color: #ce3e8c !important;border-right-style: solid !important;border-top-color: #ce3e8c !important;border-top-style: solid !important;border-bottom-color: #ce3e8c !important;border-bottom-style: solid !important;}\u00a0\u00bb][vc_column_text css=\u00a0\u00bb.vc_custom_1531475423441{margin-top: -20px !important;border-top-width: 1px !important;padding-top: 5px !important;border-top-color: #566565 !important;border-top-style: solid !important;}\u00a0\u00bb]<\/p>\n<p style=\"text-align: left;\">SOLA0533ST12<\/p>\n<p>[\/vc_column_text][\/vc_column_inner][vc_column_inner width=\u00a0\u00bb1\/2&Prime;][vc_single_image image=\u00a0\u00bb3162&Prime; img_size=\u00a0\u00bbfull\u00a0\u00bb alignment=\u00a0\u00bbcenter\u00a0\u00bb css=\u00a0\u00bb.vc_custom_1531475368972{border-top-width: 02px !important;border-right-width: 02px !important;border-bottom-width: 02px !important;border-left-width: 2px !important;border-left-color: #ce3e8c !important;border-left-style: solid !important;border-right-color: #ce3e8c !important;border-right-style: solid !important;border-top-color: #ce3e8c !important;border-top-style: solid !important;border-bottom-color: #ce3e8c !important;border-bottom-style: solid !important;}\u00a0\u00bb][vc_column_text css=\u00a0\u00bb.vc_custom_1531475428166{margin-top: -20px !important;border-top-width: 1px !important;padding-top: 5px !important;border-top-color: #566565 !important;border-top-style: solid !important;}\u00a0\u00bb]<\/p>\n<p style=\"text-align: left;\">SOLA1033ST12<\/p>\n<p>[\/vc_column_text][\/vc_column_inner][\/vc_row_inner][vc_column_text css=\u00a0\u00bb.vc_custom_1593610335447{border-top-width: px !important;padding-top: 5px !important;}\u00a0\u00bb]<span id=\"tablepress-145-description\" class=\"tablepress-table-description tablepress-table-description-id-145\"><\/span>\n\n<table id=\"tablepress-145\" class=\"tablepress tablepress-id-145 tableau\" aria-describedby=\"tablepress-145-description\">\n<thead>\n<tr class=\"row-1\">\n\t<th class=\"column-1\">Ref<\/th><td class=\"column-2\"><\/td><td class=\"column-3\"><\/td>\n<\/tr>\n<\/thead>\n<tbody class=\"row-striping\">\n<tr class=\"row-2\">\n\t<td class=\"column-1\">SOLA0500ST12<\/td><td class=\"column-2\">Set d'Irrigation\/ Aspiration avec pi\u00e8ce \u00e0 main<\/td><td class=\"column-3\">1 percuteur<\/td>\n<\/tr>\n<tr class=\"row-3\">\n\t<td class=\"column-1\">SOLA2500ST12<\/td><td class=\"column-2\">Set d'Irrigation\/ Aspiration avec pi\u00e8ce \u00e0 main<\/td><td class=\"column-3\">2 percuteurs<\/td>\n<\/tr>\n<tr class=\"row-4\">\n\t<td class=\"column-1\">SOLA0533ST12<\/td><td class=\"column-2\">Set d'Irrigation\/ Aspiration avec pi\u00e8ce \u00e0 main &amp; Canule \u00d8 5mm  L330mm<\/td><td class=\"column-3\">1 percuteur<\/td>\n<\/tr>\n<tr class=\"row-5\">\n\t<td class=\"column-1\">SOLA1033ST12<\/td><td class=\"column-2\">Set d'Irrigation\/ Aspiration avec pi\u00e8ce \u00e0 main &amp; canule \u00d8 10mm L330mm<\/td><td class=\"column-3\">1 percuteur<\/td>\n<\/tr>\n<\/tbody>\n<\/table>\n<!-- #tablepress-145 from cache -->[\/vc_column_text][vc_separator][vc_column_text css=\u00a0\u00bb.vc_custom_1593609617727{border-top-width: px !important;}\u00a0\u00bb]Set d&rsquo;Irrigation\/Aspiration <strong>sans pi\u00e8ce \u00e0 main<br \/>\n<\/strong>[\/vc_column_text][vc_row_inner][vc_column_inner width=\u00a0\u00bb1\/2&Prime;][vc_single_image image=\u00a0\u00bb3160&Prime; img_size=\u00a0\u00bbfull\u00a0\u00bb alignment=\u00a0\u00bbcenter\u00a0\u00bb css=\u00a0\u00bb.vc_custom_1531476141897{border-top-width: 02px !important;border-right-width: 02px !important;border-bottom-width: 02px !important;border-left-width: 2px !important;border-left-color: #ce3e8c !important;border-left-style: solid !important;border-right-color: #ce3e8c !important;border-right-style: solid !important;border-top-color: #ce3e8c !important;border-top-style: solid !important;border-bottom-color: #ce3e8c !important;border-bottom-style: solid !important;}\u00a0\u00bb][vc_column_text css=\u00a0\u00bb.vc_custom_1531476153980{margin-top: -20px !important;border-top-width: 1px !important;padding-top: 5px !important;border-top-color: #566565 !important;border-top-style: solid !important;}\u00a0\u00bb]<\/p>\n<p style=\"text-align: left;\">SOLA9100ST12<\/p>\n<p>[\/vc_column_text][\/vc_column_inner][vc_column_inner width=\u00a0\u00bb1\/2&Prime;][\/vc_column_inner][\/vc_row_inner][vc_column_text css=\u00a0\u00bb.vc_custom_1593610350600{padding-top: 5px !important;}\u00a0\u00bb]<span id=\"tablepress-146-description\" class=\"tablepress-table-description tablepress-table-description-id-146\"><\/span>\n\n<table id=\"tablepress-146\" class=\"tablepress tablepress-id-146 tableau\" aria-describedby=\"tablepress-146-description\">\n<thead>\n<tr class=\"row-1\">\n\t<th class=\"column-1\">Ref<\/th><td class=\"column-2\"><\/td><td class=\"column-3\"><\/td>\n<\/tr>\n<\/thead>\n<tbody class=\"row-striping\">\n<tr class=\"row-2\">\n\t<td class=\"column-1\">SOLA9100ST12<\/td><td class=\"column-2\">Set d'Irrigation\/ Aspiration (Sans pi\u00e8ce \u00e0 main &amp; sans canule)<\/td><td class=\"column-3\">1 percuteur<\/td>\n<\/tr>\n<\/tbody>\n<\/table>\n<!-- #tablepress-146 from cache -->[\/vc_column_text][vc_column_text css=\u00a0\u00bb.vc_custom_1593610516386{border-top-width: px !important;border-bottom-width: px !important;padding-top: 5px !important;border-top-color: #566565 !important;border-top-style: solid !important;border-bottom-color: #566565 !important;border-bottom-style: solid !important;}\u00a0\u00bb]Dispositif \u00e0 Usage Unique \/ Boite de 10[\/vc_column_text][vc_column_text css=\u00a0\u00bb.vc_custom_1519724166386{border-top-width: 1px !important;padding-top: 5px !important;border-top-color: #566565 !important;border-top-style: solid !important;}\u00a0\u00bb]<\/p>\n<h6>Products Specifications are subject to change without notice.<br \/>\nPlease consult product label and insert for any indications, contraindications, hazards, warnings, cautions and directions for use.<br \/>\nFor the latest information, always check the \u201cInstructions for Use\u201d that comes packaged with the product.<\/h6>\n<p>[\/vc_column_text][\/vc_column][\/vc_row]<\/p>\n<\/div>","protected":false},"excerpt":{"rendered":"<p>[vc_row full_width=\u00a0\u00bbstretch_row\u00a0\u00bb css=\u00a0\u00bb.vc_custom_1512399786081{padding-top: 50px !important;background-color: #ce3e8c !important;}\u00a0\u00bb][vc_column][vc_custom_heading text=\u00a0\u00bbENDOFLOW\u00aeII\u00a0\u00bb font_container=\u00a0\u00bbtag:h2|text_align:left|color:%23ffffff\u00a0\u00bb use_theme_fonts=\u00a0\u00bbyes\u00a0\u00bb][\/vc_column][\/vc_row][vc_row css_animation=\u00a0\u00bbfadeIn\u00a0\u00bb][vc_column width=\u00a0\u00bb1\/4&Prime; offset=\u00a0\u00bbvc_hidden-xs\u00a0\u00bb][vc_column_text][\/vc_column_text][\/vc_column][vc_column width=\u00a0\u00bb3\/4&Prime;][vc_column_text css=\u00a0\u00bb.vc_custom_1593609503023{border-top-width: 2px !important;border-top-color: #ce3e8c !important;border-top-style: solid !important;}\u00a0\u00bb] ENDOFLOW\u00aeII en Coelioscopie Set de tubulures de Coelioscopie) [\/vc_column_text][vc_column_text css=\u00a0\u00bb.vc_custom_1593609535502{border-top-width: px !important;}\u00a0\u00bb]Set d&rsquo;Irrigation\/Aspiration avec Pi\u00e8ce \u00e0 main [\/vc_column_text][vc_row_inner css=\u00a0\u00bb.vc_custom_1519814162084{margin-right: px !important;margin-left: px !important;padding-top: 10px !important;}\u00a0\u00bb][vc_column_inner width=\u00a0\u00bb1\/2&Prime;][vc_single_image image=\u00a0\u00bb4875&Prime; img_size=\u00a0\u00bbfull\u00a0\u00bb alignment=\u00a0\u00bbcenter\u00a0\u00bb css=\u00a0\u00bb.vc_custom_1531473705170{border-top-width: 02px !important;border-right-width: 02px !important;border-bottom-width: [&hellip;]<\/p>\n","protected":false},"author":1,"featured_media":0,"parent":4867,"menu_order":20,"comment_status":"open","ping_status":"closed","template":"","meta":{"content-type":"","_exactmetrics_skip_tracking":false,"_exactmetrics_sitenote_active":false,"_exactmetrics_sitenote_note":"","_exactmetrics_sitenote_category":0,"footnotes":""},"class_list":["post-3167","page","type-page","status-publish","hentry"],"translation":{"provider":"WPGlobus","version":"3.0.2","language":"fr","enabled_languages":["en","fr","it"],"languages":{"en":{"title":true,"content":true,"excerpt":false},"fr":{"title":true,"content":true,"excerpt":false},"it":{"title":false,"content":true,"excerpt":false}}},"_links":{"self":[{"href":"https:\/\/www.rocamed.com\/fr\/wp-json\/wp\/v2\/pages\/3167","targetHints":{"allow":["GET"]}}],"collection":[{"href":"https:\/\/www.rocamed.com\/fr\/wp-json\/wp\/v2\/pages"}],"about":[{"href":"https:\/\/www.rocamed.com\/fr\/wp-json\/wp\/v2\/types\/page"}],"author":[{"embeddable":true,"href":"https:\/\/www.rocamed.com\/fr\/wp-json\/wp\/v2\/users\/1"}],"replies":[{"embeddable":true,"href":"https:\/\/www.rocamed.com\/fr\/wp-json\/wp\/v2\/comments?post=3167"}],"version-history":[{"count":19,"href":"https:\/\/www.rocamed.com\/fr\/wp-json\/wp\/v2\/pages\/3167\/revisions"}],"predecessor-version":[{"id":10481,"href":"https:\/\/www.rocamed.com\/fr\/wp-json\/wp\/v2\/pages\/3167\/revisions\/10481"}],"up":[{"embeddable":true,"href":"https:\/\/www.rocamed.com\/fr\/wp-json\/wp\/v2\/pages\/4867"}],"wp:attachment":[{"href":"https:\/\/www.rocamed.com\/fr\/wp-json\/wp\/v2\/media?parent=3167"}],"curies":[{"name":"wp","href":"https:\/\/api.w.org\/{rel}","templated":true}]}}