{"id":3124,"date":"2018-02-28T15:01:10","date_gmt":"2018-02-28T14:01:10","guid":{"rendered":"https:\/\/www.rocamed.com\/?page_id=3124"},"modified":"2022-09-27T16:58:35","modified_gmt":"2022-09-27T14:58:35","slug":"single-double-chamber-option","status":"publish","type":"page","link":"https:\/\/www.rocamed.com\/fr\/equipments\/endoflow2-2\/single-chamber\/single-double-chamber-option\/","title":{"rendered":"Options : Simple cuve &#038; Double Cuve"},"content":{"rendered":"<div class=\"wpb-content-wrapper\"><p>[vc_row full_width=\u00a0\u00bbstretch_row\u00a0\u00bb css=\u00a0\u00bb.vc_custom_1512399786081{padding-top: 50px !important;background-color: #ce3e8c !important;}\u00a0\u00bb][vc_column][vc_custom_heading text=\u00a0\u00bbENDOFLOW\u00aeII\u00a0\u00bb font_container=\u00a0\u00bbtag:h2|text_align:left|color:%23ffffff\u00a0\u00bb use_theme_fonts=\u00a0\u00bbyes\u00a0\u00bb][\/vc_column][\/vc_row][vc_row css_animation=\u00a0\u00bbfadeIn\u00a0\u00bb][vc_column width=\u00a0\u00bb1\/4&Prime; offset=\u00a0\u00bbvc_hidden-xs\u00a0\u00bb][vc_column_text][vc_custom_heading text=\"\u00c9QUIPEMENTS\" font_container=\"tag:h4|text_align:left|color:%23ffffff\" use_theme_fonts=\"yes\" css=\".vc_custom_1524665619963{padding-top: 5px !important;padding-right: 5px !important;padding-bottom: 3px !important;padding-left: 5px !important;background-color: #566565 !important;}\"]\n\n[vc_wp_custommenu nav_menu=\"120\" el_class=\"left_side_column-style\"]\n\n[vc_custom_heading text=\"CATALOGUE PRODUITS\" font_container=\"tag:h4|text_align:left|color:%23ffffff\" use_theme_fonts=\"yes\" css=\".vc_custom_1524582080658{margin-top: 20px !important;padding-top: 5px !important;padding-right: 5px !important;padding-bottom: 3px !important;padding-left: 5px !important;background-color: #566565 !important;}\"]\n\n<div class=\"hgr-content-block left_side_column-style\" style=\"margin-bottom:2em;\"><div class=\"hgr-contb-row\"><div class=\"hgr-contblock-icon\" style=\"color:#ce3e8c;  \"><i class=\"icon icon outline outline-bookmarks normal-icon-cb\" style=\" font-size:32px!important; \"><\/i><\/div><div class=\"hgr-content\" style=\"padding-left:1em;\"><h4 style=\"color:#566565\">Catalogue Rocamed<\/h4><a class=\"hgr-contb-link morelink-white\" href=\"https:\/\/www.rocamed.com\/catalog\/\" target=\"_blank\" title=\"\">Consultez en ligne notre dernier catalogue produits<\/a><\/div><\/div><\/div>\n\n[vc_custom_heading text=\"NEWSLETTER\" font_container=\"tag:h4|text_align:left|color:%23ffffff\" use_theme_fonts=\"yes\" css=\".vc_custom_1584611603475{margin-top: 20px !important;padding-top: 5px !important;padding-right: 5px !important;padding-bottom: 3px !important;padding-left: 5px !important;background-color: #566565 !important;}\"]\n\n<div class=\"hgr-content-block left_side_column-style\" style=\"margin-bottom:2em;\"><div class=\"hgr-contb-row\"><div class=\"hgr-contblock-icon\" style=\"color:#ce3e8c;  \"><i class=\"icon icon fa fa-envelope-o normal-icon-cb\" style=\" font-size:32px!important; \"><\/i><\/div><div class=\"hgr-content\" style=\"padding-left:1em;\"><h4 style=\"color:#566565\">La newsletter Rocamed<\/h4><a class=\"hgr-contb-link morelink-white\" href=\"\/subscribe-to-rocamed-newsletter\/\" target=\"_blank\" title=\"\">Inscrivez-vous en ligne \u00e0 notre newsletter<\/a><\/div><\/div><\/div>\n\n[vc_single_image image=\"1857\" img_size=\"\" css_animation=\"rotateInDownLeft\" css=\".vc_custom_1584612083417{padding-top: 20px !important;padding-right: 20px !important;padding-bottom: 20px !important;padding-left: 20px !important;}\"][\/vc_column_text][\/vc_column][vc_column width=\u00a0\u00bb3\/4&Prime;][vc_column_text css=\u00a0\u00bb.vc_custom_1591877877601{border-top-width: 2px !important;border-top-color: #ce3e8c !important;border-top-style: solid !important;}\u00a0\u00bb]<\/p>\n<h2 style=\"text-align: left;\">ENDOFLOW\u00aeII<\/h2>\n<h3>Options : Simple cuve &amp; Double Cuve<\/h3>\n<p>[\/vc_column_text]<div class=\"hgr-content-block \" style=\"margin-bottom:2em;\"><div class=\"hgr-contb-row\"><div class=\"hgr-icontext-customimg\" style=\"width:24px;\"><img loading=\"lazy\" decoding=\"async\" width=\"128\" height=\"128\" src=\"https:\/\/www.rocamed.com\/wp-content\/uploads\/2018\/02\/ROCAMED-Arrow.png\" class=\"attachment-full\" alt=\"\" title=\"ROCAMED-Arrow\" \/><\/div><div class=\"hgr-content\" style=\"padding-left:1em;\"><h4 style=\"color:\">TUBE FLEXIBLE D'AIR COMPRIM\u00c9<\/h4><\/div><\/div><\/div>[vc_column_text css=\u00a0\u00bb.vc_custom_1591877943122{border-top-width: 1px !important;padding-top: 5px !important;border-top-color: #566565 !important;border-top-style: solid !important;}\u00a0\u00bb]<span id=\"tablepress-122-description\" class=\"tablepress-table-description tablepress-table-description-id-122\"><\/span>\n\n<table id=\"tablepress-122\" class=\"tablepress tablepress-id-122 tableau\" aria-describedby=\"tablepress-122-description\">\n<thead>\n<tr class=\"row-1\">\n\t<th class=\"column-1\">Ref.<\/th><th class=\"column-2\">Description<\/th>\n<\/tr>\n<\/thead>\n<tbody class=\"row-striping\">\n<tr class=\"row-2\">\n\t<td class=\"column-1\">MEN_DOUBLE_AIR<\/td><td class=\"column-2\">Cable air Y AFNOR 3.5 bar (France)<\/td>\n<\/tr>\n<tr class=\"row-3\">\n\t<td class=\"column-1\">MENCAIR10ES<\/td><td class=\"column-2\">C\u00e2ble air m\u00e9dical flexible10m avec prise murale Carburos Metallicos  (Espace, Portugal)<\/td>\n<\/tr>\n<tr class=\"row-4\">\n\t<td class=\"column-1\">MENCAIR5D<\/td><td class=\"column-2\">C\u00e2ble air m\u00e9dical flexible 5m avec prise murale DIN 3bar (Allemagne)<\/td>\n<\/tr>\n<tr class=\"row-5\">\n\t<td class=\"column-1\">MENCAIR5F<\/td><td class=\"column-2\">C\u00e2ble air m\u00e9dical flexible 5m avec prise murale   AFNOR 3bar (France)<\/td>\n<\/tr>\n<tr class=\"row-6\">\n\t<td class=\"column-1\">MENCAIR7F<\/td><td class=\"column-2\">C\u00e2ble air m\u00e9dical flexible 7m avec prise murale AFNOR 3bar (France)<\/td>\n<\/tr>\n<tr class=\"row-7\">\n\t<td class=\"column-1\">MENCAIR5F7B<\/td><td class=\"column-2\">C\u00e2ble air m\u00e9dical flexible 5m avec prise murale AFNOR 7bar (France)<\/td>\n<\/tr>\n<tr class=\"row-8\">\n\t<td class=\"column-1\">MENCAIR5IT<\/td><td class=\"column-2\">C\u00e2ble air m\u00e9dical flexible 5m avec prise murale UNI 3bar (Italie)<\/td>\n<\/tr>\n<tr class=\"row-9\">\n\t<td class=\"column-1\">MENCAIR5NL<\/td><td class=\"column-2\">C\u00e2ble air m\u00e9dical flexible 3m avec prise murale PARODEX 3bar (Pays Bas)<\/td>\n<\/tr>\n<tr class=\"row-10\">\n\t<td class=\"column-1\">MENCAIR5NOR<\/td><td class=\"column-2\">C\u00e2ble air m\u00e9dical flexible 5m avec prise murale NORDICA 3bar (Nordics)<\/td>\n<\/tr>\n<tr class=\"row-11\">\n\t<td class=\"column-1\">MENCAIR5MUK<\/td><td class=\"column-2\">C\u00e2ble air m\u00e9dical flexible 5m avec prise murale BS 3bar (UK)<\/td>\n<\/tr>\n<tr class=\"row-12\">\n\t<td class=\"column-1\">MENCAIR5UK7B<\/td><td class=\"column-2\">C\u00e2ble air m\u00e9dical flexible 5m avec prise murale BS 7bar (UK)<\/td>\n<\/tr>\n<\/tbody>\n<\/table>\n<!-- #tablepress-122 from cache -->[\/vc_column_text]<div class=\"hgr-content-block \" style=\"margin-bottom:2em;\"><div class=\"hgr-contb-row\"><div class=\"hgr-icontext-customimg\" style=\"width:24px;\"><img loading=\"lazy\" decoding=\"async\" width=\"128\" height=\"128\" src=\"https:\/\/www.rocamed.com\/wp-content\/uploads\/2018\/02\/ROCAMED-Arrow.png\" class=\"attachment-full\" alt=\"\" title=\"ROCAMED-Arrow\" \/><\/div><div class=\"hgr-content\" style=\"padding-left:1em;\"><h4 style=\"color:\">CABLES \u00c9LECTRIQUES<\/h4><\/div><\/div><\/div>[vc_column_text css=\u00a0\u00bb.vc_custom_1591877969716{border-top-width: 1px !important;padding-top: 5px !important;border-top-color: #566565 !important;border-top-style: solid !important;}\u00a0\u00bb]<span id=\"tablepress-123-description\" class=\"tablepress-table-description tablepress-table-description-id-123\"><\/span>\n\n<table id=\"tablepress-123\" class=\"tablepress tablepress-id-123 tableau\" aria-describedby=\"tablepress-123-description\">\n<thead>\n<tr class=\"row-1\">\n\t<th class=\"column-1\">Ref.<\/th><th class=\"column-2\">Description<\/th>\n<\/tr>\n<\/thead>\n<tbody class=\"row-striping\">\n<tr class=\"row-2\">\n\t<td class=\"column-1\">MEN-ELEC<\/td><td class=\"column-2\">C\u00e2ble - 220V 5m (CEE)<\/td>\n<\/tr>\n<tr class=\"row-3\">\n\t<td class=\"column-1\">MENLECCH<\/td><td class=\"column-2\">C\u00e2ble - 220V 5m (Switzerland)<\/td>\n<\/tr>\n<tr class=\"row-4\">\n\t<td class=\"column-1\">MENELECIT<\/td><td class=\"column-2\">C\u00e2ble - 220V 5m (Italie)<\/td>\n<\/tr>\n<tr class=\"row-5\">\n\t<td class=\"column-1\">MENELECUK<\/td><td class=\"column-2\">C\u00e2ble - 220V 2,5m (CEE)<\/td>\n<\/tr>\n<\/tbody>\n<\/table>\n<!-- #tablepress-123 from cache -->[\/vc_column_text]<div class=\"hgr-content-block \" style=\"margin-bottom:2em;\"><div class=\"hgr-contb-row\"><div class=\"hgr-icontext-customimg\" style=\"width:24px;\"><img loading=\"lazy\" decoding=\"async\" width=\"128\" height=\"128\" src=\"https:\/\/www.rocamed.com\/wp-content\/uploads\/2018\/02\/ROCAMED-Arrow.png\" class=\"attachment-full\" alt=\"\" title=\"ROCAMED-Arrow\" \/><\/div><div class=\"hgr-content\" style=\"padding-left:1em;\"><h4 style=\"color:\">ACCESSOIRES<\/h4><\/div><\/div><\/div>[vc_column_text css=\u00a0\u00bb.vc_custom_1591877994250{border-top-width: 1px !important;padding-top: 5px !important;border-top-color: #566565 !important;border-top-style: solid !important;}\u00a0\u00bb]<span id=\"tablepress-124-description\" class=\"tablepress-table-description tablepress-table-description-id-124\"><\/span>\n\n<table id=\"tablepress-124\" class=\"tablepress tablepress-id-124 tableau\" aria-describedby=\"tablepress-124-description\">\n<thead>\n<tr class=\"row-1\">\n\t<th class=\"column-1\">Ref.<\/th><th class=\"column-2\">Description<\/th>\n<\/tr>\n<\/thead>\n<tbody class=\"row-striping\">\n<tr class=\"row-2\">\n\t<td class=\"column-1\">MENPOTENTIEL5M<\/td><td class=\"column-2\">Potential equalisationTerminal cord<\/td>\n<\/tr>\n<tr class=\"row-3\">\n\t<td class=\"column-1\">MENP2RY<\/td><td class=\"column-2\">P\u00e9dale de contr\u00f4le 2 voies (utilis\u00e9e avec la pompe MEN02)<\/td>\n<\/tr>\n<tr class=\"row-4\">\n\t<td class=\"column-1\">MENCASE01<\/td><td class=\"column-2\">Caisse de transport Endoflow\u00aeII Simple cuve MEN01<\/td>\n<\/tr>\n<tr class=\"row-5\">\n\t<td class=\"column-1\">MENCASE02\t<\/td><td class=\"column-2\">Caisse de transport Endoflow\u00aeII Double cuve MEN02<\/td>\n<\/tr>\n<\/tbody>\n<\/table>\n<!-- #tablepress-124 from cache -->[\/vc_column_text][\/vc_column][\/vc_row]<\/p>\n<\/div>","protected":false},"excerpt":{"rendered":"<p>[vc_row full_width=\u00a0\u00bbstretch_row\u00a0\u00bb css=\u00a0\u00bb.vc_custom_1512399786081{padding-top: 50px !important;background-color: #ce3e8c !important;}\u00a0\u00bb][vc_column][vc_custom_heading text=\u00a0\u00bbENDOFLOW\u00aeII\u00a0\u00bb font_container=\u00a0\u00bbtag:h2|text_align:left|color:%23ffffff\u00a0\u00bb use_theme_fonts=\u00a0\u00bbyes\u00a0\u00bb][\/vc_column][\/vc_row][vc_row css_animation=\u00a0\u00bbfadeIn\u00a0\u00bb][vc_column width=\u00a0\u00bb1\/4&Prime; offset=\u00a0\u00bbvc_hidden-xs\u00a0\u00bb][vc_column_text][\/vc_column_text][\/vc_column][vc_column width=\u00a0\u00bb3\/4&Prime;][vc_column_text css=\u00a0\u00bb.vc_custom_1591877877601{border-top-width: 2px !important;border-top-color: #ce3e8c !important;border-top-style: solid !important;}\u00a0\u00bb] ENDOFLOW\u00aeII Options : Simple cuve &amp; Double Cuve [\/vc_column_text][vc_column_text css=\u00a0\u00bb.vc_custom_1591877943122{border-top-width: 1px !important;padding-top: 5px !important;border-top-color: #566565 !important;border-top-style: solid !important;}\u00a0\u00bb][\/vc_column_text][vc_column_text css=\u00a0\u00bb.vc_custom_1591877969716{border-top-width: 1px !important;padding-top: 5px !important;border-top-color: #566565 !important;border-top-style: solid !important;}\u00a0\u00bb][\/vc_column_text][vc_column_text css=\u00a0\u00bb.vc_custom_1591877994250{border-top-width: 1px !important;padding-top: 5px !important;border-top-color: #566565 !important;border-top-style: [&hellip;]<\/p>\n","protected":false},"author":1,"featured_media":0,"parent":2975,"menu_order":20,"comment_status":"open","ping_status":"closed","template":"","meta":{"content-type":"","_exactmetrics_skip_tracking":false,"_exactmetrics_sitenote_active":false,"_exactmetrics_sitenote_note":"","_exactmetrics_sitenote_category":0,"footnotes":""},"class_list":["post-3124","page","type-page","status-publish","hentry"],"translation":{"provider":"WPGlobus","version":"3.0.2","language":"fr","enabled_languages":["en","fr","it"],"languages":{"en":{"title":true,"content":true,"excerpt":false},"fr":{"title":true,"content":true,"excerpt":false},"it":{"title":false,"content":true,"excerpt":false}}},"_links":{"self":[{"href":"https:\/\/www.rocamed.com\/fr\/wp-json\/wp\/v2\/pages\/3124","targetHints":{"allow":["GET"]}}],"collection":[{"href":"https:\/\/www.rocamed.com\/fr\/wp-json\/wp\/v2\/pages"}],"about":[{"href":"https:\/\/www.rocamed.com\/fr\/wp-json\/wp\/v2\/types\/page"}],"author":[{"embeddable":true,"href":"https:\/\/www.rocamed.com\/fr\/wp-json\/wp\/v2\/users\/1"}],"replies":[{"embeddable":true,"href":"https:\/\/www.rocamed.com\/fr\/wp-json\/wp\/v2\/comments?post=3124"}],"version-history":[{"count":8,"href":"https:\/\/www.rocamed.com\/fr\/wp-json\/wp\/v2\/pages\/3124\/revisions"}],"predecessor-version":[{"id":9575,"href":"https:\/\/www.rocamed.com\/fr\/wp-json\/wp\/v2\/pages\/3124\/revisions\/9575"}],"up":[{"embeddable":true,"href":"https:\/\/www.rocamed.com\/fr\/wp-json\/wp\/v2\/pages\/2975"}],"wp:attachment":[{"href":"https:\/\/www.rocamed.com\/fr\/wp-json\/wp\/v2\/media?parent=3124"}],"curies":[{"name":"wp","href":"https:\/\/api.w.org\/{rel}","templated":true}]}}