{"id":2975,"date":"2018-02-27T11:10:34","date_gmt":"2018-02-27T10:10:34","guid":{"rendered":"https:\/\/www.rocamed.com\/?page_id=2975"},"modified":"2026-01-21T18:25:12","modified_gmt":"2026-01-21T17:25:12","slug":"single-chamber","status":"publish","type":"page","link":"https:\/\/www.rocamed.com\/fr\/equipments\/endoflow2-2\/single-chamber\/","title":{"rendered":"Pompe Simple Cuve"},"content":{"rendered":"<div class=\"wpb-content-wrapper\"><p>[vc_row full_width=\u00a0\u00bbstretch_row\u00a0\u00bb css=\u00a0\u00bb.vc_custom_1512399786081{padding-top: 50px !important;background-color: #ce3e8c !important;}\u00a0\u00bb][vc_column][vc_custom_heading text=\u00a0\u00bbEQUIPMENTS\u00a0\u00bb font_container=\u00a0\u00bbtag:h1|text_align:left|color:%23ffffff\u00a0\u00bb use_theme_fonts=\u00a0\u00bbyes\u00a0\u00bb][\/vc_column][\/vc_row][vc_row css_animation=\u00a0\u00bbfadeIn\u00a0\u00bb][vc_column width=\u00a0\u00bb1\/4&Prime; offset=\u00a0\u00bbvc_hidden-xs\u00a0\u00bb][vc_column_text][vc_custom_heading text=\"\u00c9QUIPEMENTS\" font_container=\"tag:h4|text_align:left|color:%23ffffff\" use_theme_fonts=\"yes\" css=\".vc_custom_1524665619963{padding-top: 5px !important;padding-right: 5px !important;padding-bottom: 3px !important;padding-left: 5px !important;background-color: #566565 !important;}\"]\n\n[vc_wp_custommenu nav_menu=\"120\" el_class=\"left_side_column-style\"]\n\n[vc_custom_heading text=\"CATALOGUE PRODUITS\" font_container=\"tag:h4|text_align:left|color:%23ffffff\" use_theme_fonts=\"yes\" css=\".vc_custom_1524582080658{margin-top: 20px !important;padding-top: 5px !important;padding-right: 5px !important;padding-bottom: 3px !important;padding-left: 5px !important;background-color: #566565 !important;}\"]\n\n<div class=\"hgr-content-block left_side_column-style\" style=\"margin-bottom:2em;\"><div class=\"hgr-contb-row\"><div class=\"hgr-contblock-icon\" style=\"color:#ce3e8c;  \"><i class=\"icon icon outline outline-bookmarks normal-icon-cb\" style=\" font-size:32px!important; \"><\/i><\/div><div class=\"hgr-content\" style=\"padding-left:1em;\"><h4 style=\"color:#566565\">Catalogue Rocamed<\/h4><a class=\"hgr-contb-link morelink-white\" href=\"https:\/\/www.rocamed.com\/catalog\/\" target=\"_blank\" title=\"\">Consultez en ligne notre dernier catalogue produits<\/a><\/div><\/div><\/div>\n\n[vc_custom_heading text=\"NEWSLETTER\" font_container=\"tag:h4|text_align:left|color:%23ffffff\" use_theme_fonts=\"yes\" css=\".vc_custom_1584611603475{margin-top: 20px !important;padding-top: 5px !important;padding-right: 5px !important;padding-bottom: 3px !important;padding-left: 5px !important;background-color: #566565 !important;}\"]\n\n<div class=\"hgr-content-block left_side_column-style\" style=\"margin-bottom:2em;\"><div class=\"hgr-contb-row\"><div class=\"hgr-contblock-icon\" style=\"color:#ce3e8c;  \"><i class=\"icon icon fa fa-envelope-o normal-icon-cb\" style=\" font-size:32px!important; \"><\/i><\/div><div class=\"hgr-content\" style=\"padding-left:1em;\"><h4 style=\"color:#566565\">La newsletter Rocamed<\/h4><a class=\"hgr-contb-link morelink-white\" href=\"\/subscribe-to-rocamed-newsletter\/\" target=\"_blank\" title=\"\">Inscrivez-vous en ligne \u00e0 notre newsletter<\/a><\/div><\/div><\/div>\n\n[vc_single_image image=\"1857\" img_size=\"\" css_animation=\"rotateInDownLeft\" css=\".vc_custom_1584612083417{padding-top: 20px !important;padding-right: 20px !important;padding-bottom: 20px !important;padding-left: 20px !important;}\"][\/vc_column_text][\/vc_column][vc_column width=\u00a0\u00bb3\/4&Prime;][vc_column_text css=\u00a0\u00bb.vc_custom_1591876401278{border-top-width: 2px !important;border-top-color: #ce3e8c !important;border-top-style: solid !important;}\u00a0\u00bb]<\/p>\n<h1 style=\"text-align: left;\">ENDOFLOW\u00aeII<\/h1>\n<h2>Simple cuve<\/h2>\n<p>[\/vc_column_text][vc_column_text css=\u00a0\u00bb.vc_custom_1591876515609{border-top-width: 0px !important;padding-top: 5px !important;}\u00a0\u00bb]<\/p>\n<h4><span style=\"color: #000000;\"><strong>NOUVELLE G\u00c9N\u00c9RATION &#8211; UN SYST\u00c8ME UNIQUE DE GESTION DES FLUIDES<\/strong><\/span><\/h4>\n<p>[\/vc_column_text][vc_row_inner][vc_column_inner width=\u00a0\u00bb3\/4&Prime;][vc_single_image image=\u00a0\u00bb7680&Prime; img_size=\u00a0\u00bblarge\u00a0\u00bb alignment=\u00a0\u00bbcenter\u00a0\u00bb css=\u00a0\u00bb.vc_custom_1597413545435{border-top-width: 2px !important;border-right-width: 2px !important;border-bottom-width: 2px !important;border-left-width: 2px !important;background-color: #ffffff !important;border-left-color: #ce3e8c !important;border-left-style: solid !important;border-right-color: #ce3e8c !important;border-right-style: solid !important;border-top-color: #ce3e8c !important;border-top-style: solid !important;border-bottom-color: #ce3e8c !important;border-bottom-style: solid !important;}\u00a0\u00bb][\/vc_column_inner][vc_column_inner width=\u00a0\u00bb1\/4&Prime;][vc_single_image image=\u00a0\u00bb7683&Prime; img_size=\u00a0\u00bblarge\u00a0\u00bb alignment=\u00a0\u00bbcenter\u00a0\u00bb css=\u00a0\u00bb.vc_custom_1597413566209{border-top-width: 2px !important;border-right-width: 2px !important;border-bottom-width: 2px !important;border-left-width: 2px !important;background-color: #ffffff !important;border-left-color: #ce3e8c !important;border-left-style: solid !important;border-right-color: #ce3e8c !important;border-right-style: solid !important;border-top-color: #ce3e8c !important;border-top-style: solid !important;border-bottom-color: #ce3e8c !important;border-bottom-style: solid !important;}\u00a0\u00bb][vc_single_image image=\u00a0\u00bb7613&Prime; img_size=\u00a0\u00bblarge\u00a0\u00bb alignment=\u00a0\u00bbcenter\u00a0\u00bb css=\u00a0\u00bb.vc_custom_1597413709644{border-top-width: 2px !important;border-right-width: 2px !important;border-bottom-width: 2px !important;border-left-width: 2px !important;background-color: #ffffff !important;border-left-color: #ce3e8c !important;border-left-style: solid !important;border-right-color: #ce3e8c !important;border-right-style: solid !important;border-top-color: #ce3e8c !important;border-top-style: solid !important;border-bottom-color: #ce3e8c !important;border-bottom-style: solid !important;}\u00a0\u00bb][vc_column_text css=\u00a0\u00bb.vc_custom_1597413753049{margin-top: -30px !important;}\u00a0\u00bb]<\/p>\n<h6 style=\"text-align: center;\">Identification RFID<\/h6>\n<p>[\/vc_column_text][\/vc_column_inner][\/vc_row_inner][vc_row_inner][vc_column_inner width=\u00a0\u00bb1\/4&Prime;]<div class=\"hgr-content-block \" style=\"margin-bottom:2em;\"><div class=\"hgr-contb-row\"><div class=\"hgr-contblock-icon\" style=\"color:;  \"><i class=\"icon icon fa fa-arrow-right normal-icon-cb\" style=\" font-size:16px!important; \"><\/i><\/div><div class=\"hgr-content\" style=\"padding-left:1em;\"><p style=\"color:\">Gestion pr\u00e9cise de la pression<\/p><\/div><\/div><\/div>[\/vc_column_inner][vc_column_inner width=\u00a0\u00bb1\/4&Prime;]<div class=\"hgr-content-block \" style=\"margin-bottom:2em;\"><div class=\"hgr-contb-row\"><div class=\"hgr-contblock-icon\" style=\"color:;  \"><i class=\"icon icon fa fa-arrow-right normal-icon-cb\" style=\" font-size:16px!important; \"><\/i><\/div><div class=\"hgr-content\" style=\"padding-left:1em;\"><p style=\"color:\">Poche chauff\u00e9e et maintenue \u00e0 38\u00b0+\/-2<\/p><\/div><\/div><\/div>[\/vc_column_inner][vc_column_inner width=\u00a0\u00bb1\/4&Prime;]<div class=\"hgr-content-block \" style=\"margin-bottom:2em;\"><div class=\"hgr-contb-row\"><div class=\"hgr-contblock-icon\" style=\"color:;  \"><i class=\"icon icon fa fa-arrow-right normal-icon-cb\" style=\" font-size:16px!important; \"><\/i><\/div><div class=\"hgr-content\" style=\"padding-left:1em;\"><p style=\"color:\">Utilisation User Friendly<\/p><\/div><\/div><\/div>[\/vc_column_inner][vc_column_inner width=\u00a0\u00bb1\/4&Prime;]<div class=\"hgr-content-block \" style=\"margin-bottom:2em;\"><div class=\"hgr-contb-row\"><div class=\"hgr-contblock-icon\" style=\"color:;  \"><i class=\"icon icon fa fa-arrow-right normal-icon-cb\" style=\" font-size:16px!important; \"><\/i><\/div><div class=\"hgr-content\" style=\"padding-left:1em;\"><p style=\"color:\">Syst\u00e8me d'irrigation isostatique<\/p><\/div><\/div><\/div>[\/vc_column_inner][\/vc_row_inner][vc_column_text css=\u00a0\u00bb.vc_custom_1591877347169{border-top-width: 1px !important;padding-top: 5px !important;border-top-color: #566565 !important;border-top-style: solid !important;}\u00a0\u00bb]<span id=\"tablepress-119-description\" class=\"tablepress-table-description tablepress-table-description-id-119\"><\/span>\n\n<table id=\"tablepress-119\" class=\"tablepress tablepress-id-119 tableau\" aria-describedby=\"tablepress-119-description\">\n<thead>\n<tr class=\"row-1\">\n\t<td class=\"column-1\"><\/td><th class=\"column-2\">Endo-Urologie<\/th><th class=\"column-3\">Hysteroscopie<\/th><th class=\"column-4\">Coelioscopie<\/th><th class=\"column-5\">Arthroscopie<\/th>\n<\/tr>\n<\/thead>\n<tbody class=\"row-striping\">\n<tr class=\"row-2\">\n\t<td class=\"column-1\">Pression (Mbar)<\/td><td class=\"column-2\">0-190<\/td><td class=\"column-3\">0-230<\/td><td class=\"column-4\">0-1000<\/td><td class=\"column-5\">0-350<\/td>\n<\/tr>\n<\/tbody>\n<\/table>\n<!-- #tablepress-119 from cache -->[\/vc_column_text][vc_column_text css=\u00a0\u00bb.vc_custom_1591877354016{border-top-width: 1px !important;padding-top: 5px !important;border-top-color: #566565 !important;border-top-style: solid !important;}\u00a0\u00bb]<span id=\"tablepress-120-description\" class=\"tablepress-table-description tablepress-table-description-id-120\"><\/span>\n\n<table id=\"tablepress-120\" class=\"tablepress tablepress-id-120 tableau tbody-has-connected-cells\" aria-describedby=\"tablepress-120-description\">\n<thead>\n<tr class=\"row-1\">\n\t<td class=\"column-1\"><\/td><th colspan=\"2\" class=\"column-2\">Tension d'entr\u00e9e<\/th><th colspan=\"2\" class=\"column-4\">Frequences<\/th><th class=\"column-6\">Puissance<\/th>\n<\/tr>\n<\/thead>\n<tbody class=\"row-striping\">\n<tr class=\"row-2\">\n\t<td class=\"column-1\">Caract\u00e9ristiques \u00e9lectriques<\/td><td colspan=\"2\" class=\"column-2\">230V (Europe)<\/td><td colspan=\"2\" class=\"column-4\">50Hz<\/td><td class=\"column-6\">420VA<\/td>\n<\/tr>\n<\/tbody>\n<\/table>\n<!-- #tablepress-120 from cache -->[\/vc_column_text][vc_column_text css=\u00a0\u00bb.vc_custom_1591877361169{border-top-width: 1px !important;padding-top: 5px !important;border-top-color: #566565 !important;border-top-style: solid !important;}\u00a0\u00bb]<span id=\"tablepress-121-description\" class=\"tablepress-table-description tablepress-table-description-id-121\"><\/span>\n\n<table id=\"tablepress-121\" class=\"tablepress tablepress-id-121 tableau tbody-has-connected-cells\" aria-describedby=\"tablepress-121-description\">\n<thead>\n<tr class=\"row-1\">\n\t<th colspan=\"6\" class=\"column-1\">R\u00e9f.<\/th>\n<\/tr>\n<\/thead>\n<tbody class=\"row-striping\">\n<tr class=\"row-2\">\n\t<td class=\"column-1\">MEN01<\/td><td colspan=\"5\" class=\"column-2\">Endoflow\u00ae II Simple cuve<\/td>\n<\/tr>\n<\/tbody>\n<\/table>\n<!-- #tablepress-121 from cache -->[\/vc_column_text][vc_column_text css=\u00a0\u00bb.vc_custom_1519724166386{border-top-width: 1px !important;padding-top: 5px !important;border-top-color: #566565 !important;border-top-style: solid !important;}\u00a0\u00bb]<\/p>\n<h6>Products Specifications are subject to change without notice.<br \/>\nPlease consult product label and insert for any indications, contraindications, hazards, warnings, cautions and directions for use.<br \/>\nFor the latest information, always check the \u201cInstructions for Use\u201d that comes packaged with the product.<\/h6>\n<p>[\/vc_column_text]<script type=\"text\/javascript\">\n\t\t\t\t\t\tjQuery(document).ready(function() { jQuery(\".hgr-button-69f2e92e7bbd2.hgr_button\").css(\"background-color\",\"\");jQuery(\".hgr-button-69f2e92e7bbd2.hgr_button\").css(\"color\",\"#808080\");jQuery(\".hgr-button-69f2e92e7bbd2.hgr_button\").css(\"border\",\"1px solid \");jQuery(\".hgr-button-69f2e92e7bbd2.hgr_button\").mouseenter(function() {jQuery(this).css(\"border\",\"1px solid \");jQuery(this).css(\"background-color\",\"\");jQuery(this).css(\"color\",\"#808080\");}).mouseleave(function() {jQuery(this).css(\"background-color\",\"\");jQuery(this).css(\"color\",\"#808080\");jQuery(this).css(\"border\",\"1px solid \");});});<\/script><a href=\"https:\/\/www.rocamed.com\/wp-content\/uploads\/2025\/07\/NOTE-MEN-FR_BAT.pdf\" target=\"_blank\" title=\"IFU Endoflow II\" class=\"hgr_button hgr-button-69f2e92e7bbd2 notice \" style=\"width:100px;height:60px;line-height:60px;font-size:14px;border-radius:4px; -moz-border-radius:4px; -webkit-border-radius:4px;\">MANUEL UTILISATEUR<\/a>[\/vc_column][\/vc_row]<\/p>\n<\/div>","protected":false},"excerpt":{"rendered":"<p>[vc_row full_width=\u00a0\u00bbstretch_row\u00a0\u00bb css=\u00a0\u00bb.vc_custom_1512399786081{padding-top: 50px !important;background-color: #ce3e8c !important;}\u00a0\u00bb][vc_column][vc_custom_heading text=\u00a0\u00bbEQUIPMENTS\u00a0\u00bb font_container=\u00a0\u00bbtag:h1|text_align:left|color:%23ffffff\u00a0\u00bb use_theme_fonts=\u00a0\u00bbyes\u00a0\u00bb][\/vc_column][\/vc_row][vc_row css_animation=\u00a0\u00bbfadeIn\u00a0\u00bb][vc_column width=\u00a0\u00bb1\/4&Prime; offset=\u00a0\u00bbvc_hidden-xs\u00a0\u00bb][vc_column_text][\/vc_column_text][\/vc_column][vc_column width=\u00a0\u00bb3\/4&Prime;][vc_column_text css=\u00a0\u00bb.vc_custom_1591876401278{border-top-width: 2px !important;border-top-color: #ce3e8c !important;border-top-style: solid !important;}\u00a0\u00bb] ENDOFLOW\u00aeII Simple cuve [\/vc_column_text][vc_column_text css=\u00a0\u00bb.vc_custom_1591876515609{border-top-width: 0px !important;padding-top: 5px !important;}\u00a0\u00bb] NOUVELLE G\u00c9N\u00c9RATION &#8211; UN SYST\u00c8ME UNIQUE DE GESTION DES FLUIDES [\/vc_column_text][vc_row_inner][vc_column_inner width=\u00a0\u00bb3\/4&Prime;][vc_single_image image=\u00a0\u00bb7680&Prime; img_size=\u00a0\u00bblarge\u00a0\u00bb alignment=\u00a0\u00bbcenter\u00a0\u00bb css=\u00a0\u00bb.vc_custom_1597413545435{border-top-width: 2px !important;border-right-width: 2px !important;border-bottom-width: 2px !important;border-left-width: 2px !important;background-color: #ffffff [&hellip;]<\/p>\n","protected":false},"author":1,"featured_media":0,"parent":4867,"menu_order":20,"comment_status":"open","ping_status":"closed","template":"","meta":{"content-type":"","_exactmetrics_skip_tracking":false,"_exactmetrics_sitenote_active":false,"_exactmetrics_sitenote_note":"","_exactmetrics_sitenote_category":0,"footnotes":""},"class_list":["post-2975","page","type-page","status-publish","hentry"],"translation":{"provider":"WPGlobus","version":"3.0.2","language":"fr","enabled_languages":["en","fr","it"],"languages":{"en":{"title":true,"content":true,"excerpt":false},"fr":{"title":true,"content":true,"excerpt":false},"it":{"title":false,"content":true,"excerpt":false}}},"_links":{"self":[{"href":"https:\/\/www.rocamed.com\/fr\/wp-json\/wp\/v2\/pages\/2975","targetHints":{"allow":["GET"]}}],"collection":[{"href":"https:\/\/www.rocamed.com\/fr\/wp-json\/wp\/v2\/pages"}],"about":[{"href":"https:\/\/www.rocamed.com\/fr\/wp-json\/wp\/v2\/types\/page"}],"author":[{"embeddable":true,"href":"https:\/\/www.rocamed.com\/fr\/wp-json\/wp\/v2\/users\/1"}],"replies":[{"embeddable":true,"href":"https:\/\/www.rocamed.com\/fr\/wp-json\/wp\/v2\/comments?post=2975"}],"version-history":[{"count":28,"href":"https:\/\/www.rocamed.com\/fr\/wp-json\/wp\/v2\/pages\/2975\/revisions"}],"predecessor-version":[{"id":10504,"href":"https:\/\/www.rocamed.com\/fr\/wp-json\/wp\/v2\/pages\/2975\/revisions\/10504"}],"up":[{"embeddable":true,"href":"https:\/\/www.rocamed.com\/fr\/wp-json\/wp\/v2\/pages\/4867"}],"wp:attachment":[{"href":"https:\/\/www.rocamed.com\/fr\/wp-json\/wp\/v2\/media?parent=2975"}],"curies":[{"name":"wp","href":"https:\/\/api.w.org\/{rel}","templated":true}]}}