{"id":2933,"date":"2018-02-26T15:42:11","date_gmt":"2018-02-26T14:42:11","guid":{"rendered":"https:\/\/www.rocamed.com\/?page_id=2933"},"modified":"2022-08-19T14:06:42","modified_gmt":"2022-08-19T12:06:42","slug":"endoflow-ii-concept","status":"publish","type":"page","link":"https:\/\/www.rocamed.com\/fr\/equipments\/endoflow2-2\/endoflow-ii-concept\/","title":{"rendered":"Endoflow\u00aeII"},"content":{"rendered":"<div class=\"wpb-content-wrapper\"><p>[vc_row full_width=\u00a0\u00bbstretch_row\u00a0\u00bb css=\u00a0\u00bb.vc_custom_1512399786081{padding-top: 50px !important;background-color: #ce3e8c !important;}\u00a0\u00bb][vc_column][vc_custom_heading text=\u00a0\u00bbENDOFLOW\u00aeII\u00a0\u00bb font_container=\u00a0\u00bbtag:h2|text_align:left|color:%23ffffff\u00a0\u00bb use_theme_fonts=\u00a0\u00bbyes\u00a0\u00bb][\/vc_column][\/vc_row][vc_row css_animation=\u00a0\u00bbfadeIn\u00a0\u00bb][vc_column width=\u00a0\u00bb1\/4&Prime; offset=\u00a0\u00bbvc_hidden-xs\u00a0\u00bb][vc_column_text][vc_custom_heading text=\"\u00c9QUIPEMENTS\" font_container=\"tag:h4|text_align:left|color:%23ffffff\" use_theme_fonts=\"yes\" css=\".vc_custom_1524665619963{padding-top: 5px !important;padding-right: 5px !important;padding-bottom: 3px !important;padding-left: 5px !important;background-color: #566565 !important;}\"]\n\n[vc_wp_custommenu nav_menu=\"120\" el_class=\"left_side_column-style\"]\n\n[vc_custom_heading text=\"CATALOGUE PRODUITS\" font_container=\"tag:h4|text_align:left|color:%23ffffff\" use_theme_fonts=\"yes\" css=\".vc_custom_1524582080658{margin-top: 20px !important;padding-top: 5px !important;padding-right: 5px !important;padding-bottom: 3px !important;padding-left: 5px !important;background-color: #566565 !important;}\"]\n\n<div class=\"hgr-content-block left_side_column-style\" style=\"margin-bottom:2em;\"><div class=\"hgr-contb-row\"><div class=\"hgr-contblock-icon\" style=\"color:#ce3e8c;  \"><i class=\"icon icon outline outline-bookmarks normal-icon-cb\" style=\" font-size:32px!important; \"><\/i><\/div><div class=\"hgr-content\" style=\"padding-left:1em;\"><h4 style=\"color:#566565\">Catalogue Rocamed<\/h4><a class=\"hgr-contb-link morelink-white\" href=\"https:\/\/www.rocamed.com\/catalog\/\" target=\"_blank\" title=\"\">Consultez en ligne notre dernier catalogue produits<\/a><\/div><\/div><\/div>\n\n[vc_custom_heading text=\"NEWSLETTER\" font_container=\"tag:h4|text_align:left|color:%23ffffff\" use_theme_fonts=\"yes\" css=\".vc_custom_1584611603475{margin-top: 20px !important;padding-top: 5px !important;padding-right: 5px !important;padding-bottom: 3px !important;padding-left: 5px !important;background-color: #566565 !important;}\"]\n\n<div class=\"hgr-content-block left_side_column-style\" style=\"margin-bottom:2em;\"><div class=\"hgr-contb-row\"><div class=\"hgr-contblock-icon\" style=\"color:#ce3e8c;  \"><i class=\"icon icon fa fa-envelope-o normal-icon-cb\" style=\" font-size:32px!important; \"><\/i><\/div><div class=\"hgr-content\" style=\"padding-left:1em;\"><h4 style=\"color:#566565\">La newsletter Rocamed<\/h4><a class=\"hgr-contb-link morelink-white\" href=\"\/subscribe-to-rocamed-newsletter\/\" target=\"_blank\" title=\"\">Inscrivez-vous en ligne \u00e0 notre newsletter<\/a><\/div><\/div><\/div>\n\n[vc_single_image image=\"1857\" img_size=\"\" css_animation=\"rotateInDownLeft\" css=\".vc_custom_1584612083417{padding-top: 20px !important;padding-right: 20px !important;padding-bottom: 20px !important;padding-left: 20px !important;}\"][\/vc_column_text][\/vc_column][vc_column width=\u00a0\u00bb3\/4&Prime;][vc_column_text css=\u00a0\u00bb.vc_custom_1591799307755{border-top-width: 2px !important;border-top-color: #ce3e8c !important;border-top-style: solid !important;}\u00a0\u00bb]<\/p>\n<h1 style=\"text-align: left;\">ENDOFLOW\u00aeII<\/h1>\n<h2 style=\"text-align: left;\">Le Concept<\/h2>\n<p>[\/vc_column_text][vc_column_text css=\u00a0\u00bb.vc_custom_1591799408407{border-top-width: 0px !important;padding-top: 5px !important;}\u00a0\u00bb]<\/p>\n<h4><span style=\"color: #000000;\"><strong>Un syst\u00e8me de gestion des fluides unique.<br \/>\n<\/strong><\/span><\/h4>\n<p>[\/vc_column_text][vc_row_inner][vc_column_inner width=\u00a0\u00bb2\/3&Prime;]<div class=\"hgr-content-block \" style=\"margin-bottom:2em;\"><div class=\"hgr-contb-row\"><div class=\"hgr-contblock-icon\" style=\"color:;  \"><i class=\"icon icon fa fa-arrow-right normal-icon-cb\" style=\" font-size:16px!important; \"><\/i><\/div><div class=\"hgr-content\" style=\"padding-left:1em;\"><p style=\"color:\">Irrigation, aspiration, lavage haute pression - un large choix de fonctions<\/p><\/div><\/div><\/div><div class=\"hgr-content-block \" style=\"margin-bottom:2em;\"><div class=\"hgr-contb-row\"><div class=\"hgr-contblock-icon\" style=\"color:;  \"><i class=\"icon icon fa fa-arrow-right normal-icon-cb\" style=\" font-size:16px!important; \"><\/i><\/div><div class=\"hgr-content\" style=\"padding-left:1em;\"><p style=\"color:\">Une large gamme de pressions, couvrant les besoins pour : <\/p><\/div><\/div><\/div>[\/vc_column_inner][vc_column_inner width=\u00a0\u00bb1\/6&Prime;][\/vc_column_inner][vc_column_inner width=\u00a0\u00bb1\/6&Prime;][\/vc_column_inner][\/vc_row_inner][vc_row_inner css=\u00a0\u00bb.vc_custom_1512477419713{margin-right: 160px !important;margin-left: 160px !important;padding-top: 10px !important;}\u00a0\u00bb][vc_column_inner width=\u00a0\u00bb1\/3&Prime;][vc_column_text css=\u00a0\u00bb.vc_custom_1591800383941{margin-bottom: 15px !important;border-bottom-width: 2px !important;padding-bottom: 7.5px !important;border-bottom-color: #ce3e8c !important;border-bottom-style: solid !important;}\u00a0\u00bb]<\/p>\n<p style=\"text-align: left;\">Urologie<\/p>\n<p>[\/vc_column_text][vc_column_text css=\u00a0\u00bb.vc_custom_1591802778933{margin-left: 4px !important;border-left-width: 4px !important;padding-left: 8px !important;border-left-color: #ce3e8c !important;border-left-style: dotted !important;}\u00a0\u00bb]Ur\u00e9t\u00e9roscopie<\/p>\n<p>RTUP<\/p>\n<p>Laparoscopie[\/vc_column_text][\/vc_column_inner][vc_column_inner width=\u00a0\u00bb1\/3&Prime;][vc_column_text css=\u00a0\u00bb.vc_custom_1591802789464{margin-bottom: 15px !important;border-bottom-width: 2px !important;padding-bottom: 7.5px !important;border-bottom-color: #ce3e8c !important;border-bottom-style: solid !important;}\u00a0\u00bb]<\/p>\n<p style=\"text-align: left;\">Gynecologie<\/p>\n<p>[\/vc_column_text][vc_column_text css=\u00a0\u00bb.vc_custom_1591802893645{margin-left: 4px !important;border-left-width: 4px !important;padding-left: 8px !important;border-left-color: #ce3e8c !important;border-left-style: dotted !important;}\u00a0\u00bb]Hyst\u00e9roscopie<\/p>\n<p>Laparoscopie[\/vc_column_text][\/vc_column_inner][vc_column_inner width=\u00a0\u00bb1\/3&Prime;][vc_column_text css=\u00a0\u00bb.vc_custom_1591802867559{margin-bottom: 15px !important;border-bottom-width: 2px !important;padding-bottom: 7.5px !important;border-bottom-color: #ce3e8c !important;border-bottom-style: solid !important;}\u00a0\u00bb]<\/p>\n<p style=\"text-align: left;\">Chirurgie G\u00e9n\u00e9rale<\/p>\n<p>[\/vc_column_text][vc_column_text css=\u00a0\u00bb.vc_custom_1591802882699{margin-left: 4px !important;border-left-width: 4px !important;padding-left: 8px !important;border-left-color: #ce3e8c !important;border-left-style: dotted !important;}\u00a0\u00bb]Coelioscopie[\/vc_column_text][\/vc_column_inner][\/vc_row_inner][vc_column_text css=\u00a0\u00bb.vc_custom_1591803182737{border-top-width: 0px !important;padding-top: 5px !important;}\u00a0\u00bb]<\/p>\n<h4><span style=\"color: #000000;\"><strong>Am\u00e9liore la pr\u00e9cision chirurgicale<br \/>\n<\/strong><\/span><\/h4>\n<p>[\/vc_column_text][vc_row_inner][vc_column_inner width=\u00a0\u00bb2\/3&Prime;]<div class=\"hgr-content-block \" style=\"margin-bottom:2em;\"><div class=\"hgr-contb-row\"><div class=\"hgr-contblock-icon\" style=\"color:;  \"><i class=\"icon icon fa fa-arrow-right normal-icon-cb\" style=\" font-size:16px!important; \"><\/i><\/div><div class=\"hgr-content\" style=\"padding-left:1em;\"><p style=\"color:\">Un flux constant des liquides durant l'irrigation\/ aspiration am\u00e9liore nettement la visibilit\u00e9.<\/p><\/div><\/div><\/div><div class=\"hgr-content-block \" style=\"margin-bottom:2em;\"><div class=\"hgr-contb-row\"><div class=\"hgr-contblock-icon\" style=\"color:;  \"><i class=\"icon icon fa fa-arrow-right normal-icon-cb\" style=\" font-size:16px!important; \"><\/i><\/div><div class=\"hgr-content\" style=\"padding-left:1em;\"><p style=\"color:\">La pression indiqu\u00e9e sur la machine est identique \u00e0 la pression de la cavit\u00e9.<\/p><\/div><\/div><\/div>[\/vc_column_inner][vc_column_inner width=\u00a0\u00bb1\/6&Prime;][\/vc_column_inner][vc_column_inner width=\u00a0\u00bb1\/6&Prime;][\/vc_column_inner][\/vc_row_inner][vc_column_text css=\u00a0\u00bb.vc_custom_1591803286616{border-top-width: 0px !important;padding-top: 5px !important;}\u00a0\u00bb]<\/p>\n<h4><span style=\"color: #000000;\"><strong>La temp\u00e9rature du corps du Patient\u00a0 n&rsquo;est plus un probl\u00e8me pour l&rsquo;anesth\u00e9siste.<br \/>\n<\/strong><\/span><\/h4>\n<p>[\/vc_column_text][vc_row_inner][vc_column_inner width=\u00a0\u00bb2\/3&Prime;]<div class=\"hgr-content-block \" style=\"margin-bottom:2em;\"><div class=\"hgr-contb-row\"><div class=\"hgr-contblock-icon\" style=\"color:;  \"><i class=\"icon icon fa fa-arrow-right normal-icon-cb\" style=\" font-size:16px!important; \"><\/i><\/div><div class=\"hgr-content\" style=\"padding-left:1em;\"><p style=\"color:\">Les fluides sont chauff\u00e9s et maintenus \u00e0 temp\u00e9rature.<\/p><\/div><\/div><\/div>[vc_single_image image=\u00a0\u00bb2954&Prime; img_size=\u00a0\u00bbfull\u00a0\u00bb css=\u00a0\u00bb.vc_custom_1519654718192{border-top-width: 2px !important;border-right-width: 2px !important;border-bottom-width: 2px !important;border-left-width: 2px !important;border-left-color: #ce3e8c !important;border-left-style: solid !important;border-right-color: #ce3e8c !important;border-right-style: solid !important;border-top-color: #ce3e8c !important;border-top-style: solid !important;border-bottom-color: #ce3e8c !important;border-bottom-style: solid !important;}\u00a0\u00bb][\/vc_column_inner][vc_column_inner width=\u00a0\u00bb1\/6&Prime;][\/vc_column_inner][vc_column_inner width=\u00a0\u00bb1\/6&Prime;][\/vc_column_inner][\/vc_row_inner][vc_column_text css=\u00a0\u00bb.vc_custom_1591803419513{border-top-width: 0px !important;padding-top: 5px !important;}\u00a0\u00bb]<\/p>\n<h4><span style=\"color: #000000;\"><strong>Avantages de l&rsquo;Endoflow\u00aeII en Urologie &#8211; par disciplines chirurgicales :<br \/>\n<\/strong><\/span><\/h4>\n<p>[\/vc_column_text][vc_row_inner][vc_column_inner]<div class=\"hgr-content-block \" style=\"margin-bottom:2em;\"><div class=\"hgr-contb-row\"><div class=\"hgr-contblock-icon\" style=\"color:#565656;  \"><i class=\"icon icon fa fa-arrow-right normal-icon-cb\" style=\" font-size:16px!important; \"><\/i><\/div><div class=\"hgr-content\" style=\"padding-left:1em;\"><h4 style=\"color:\">La chauffe des liquides est un avantage dans toutes les interventions :<\/h4><p style=\"color:\">Elle contrebalance le refroidissement du corps du patient.<\/p><\/div><\/div><\/div><div class=\"hgr-content-block \" style=\"margin-bottom:2em;\"><div class=\"hgr-contb-row\"><div class=\"hgr-contblock-icon\" style=\"color:#565656;  \"><i class=\"icon icon fa fa-arrow-right normal-icon-cb\" style=\" font-size:16px!important; \"><\/i><\/div><div class=\"hgr-content\" style=\"padding-left:1em;\"><h4 style=\"color:\">R\u00e9section trans-urethrale de la vessie:<\/h4><p style=\"color:\">Le syst\u00e8me peut maintenir une pression basse (40 cm), pas besoin de toucher le stop-cock de l'irrigation. Avec l'Endoflow\u00aeII , la pression est contr\u00f4l\u00e9e: ce qui signifie une r\u00e9duction du temps d'utilisation et un gain en confort.<\/p><\/div><\/div><\/div><div class=\"hgr-content-block \" style=\"margin-bottom:2em;\"><div class=\"hgr-contb-row\"><div class=\"hgr-contblock-icon\" style=\"color:;  \"><i class=\"icon icon fa fa-arrow-right normal-icon-cb\" style=\" font-size:16px!important; \"><\/i><\/div><div class=\"hgr-content\" style=\"padding-left:1em;\"><h4 style=\"color:\">Ur\u00e9t\u00e9roscopie rigide :<\/h4><p style=\"color:\">L'Endoflow\u00ae permettant de contr\u00f4ler la pression et de maintenir un flux constant (sans pulsation), le chirurgien peut alors se rapprocher des calculs urinaires dans l\u2019uret\u00e8re (lombaires) sans risque de ''flushage'' (poussant le calcul vers le rein); tout en assurant une bonne visibilit\u00e9.<\/p><\/div><\/div><\/div><div class=\"hgr-content-block \" style=\"margin-bottom:2em;\"><div class=\"hgr-contb-row\"><div class=\"hgr-contblock-icon\" style=\"color:;  \"><i class=\"icon icon fa fa-arrow-right normal-icon-cb\" style=\" font-size:16px!important; \"><\/i><\/div><div class=\"hgr-content\" style=\"padding-left:1em;\"><h4 style=\"color:\">Ur\u00e9teroscopie flexible :<\/h4><p style=\"color:\">Le contr\u00f4le de la pression et le maintien contant du d\u00e9bit des liquides sont des caract\u00e9ristiques importants.<br \/>\nLe syst\u00e8me Endoflow\u00ae permet au chirurgien d'effectuer une l\u00e9g\u00e8re augmentation de pression quand c'est n\u00e9cessaire gr\u00e2ce \u00e0 la chambre de pression de la tubulure d'ur\u00e9t\u00e9roscopie, ou avec une p\u00e9dale en procurant une augmentation de pression de 20cmH2O pendant 20 secondes.<br \/>\nLa tubulure d\u00e9di\u00e9e poss\u00e8de une connexion 3 voies permettant l'injection de produit de contraste sans d\u00e9connecter la tubulure de l'ur\u00e9t\u00e9roscope.<br \/>\n<\/p><\/div><\/div><\/div><div class=\"hgr-content-block \" style=\"margin-bottom:2em;\"><div class=\"hgr-contb-row\"><div class=\"hgr-contblock-icon\" style=\"color:;  \"><i class=\"icon icon fa fa-arrow-right normal-icon-cb\" style=\" font-size:16px!important; \"><\/i><\/div><div class=\"hgr-content\" style=\"padding-left:1em;\"><h4 style=\"color:\">R\u00e9section trans-ur\u00e9thrale de la prostate:<\/h4><p style=\"color:\">Contr\u00f4le de la pression et du d\u00e9bit d'aspiration, ce qui est un avantage \u00e9conomique, permettant ainsi de r\u00e9duire jusqu'\u00e0 la moiti\u00e9 le liquide utilis\u00e9 pendant la proc\u00e9dure.<\/p><\/div><\/div><\/div><div class=\"hgr-content-block \" style=\"margin-bottom:2em;\"><div class=\"hgr-contb-row\"><div class=\"hgr-contblock-icon\" style=\"color:;  \"><i class=\"icon icon fa fa-arrow-right normal-icon-cb\" style=\" font-size:16px!important; \"><\/i><\/div><div class=\"hgr-content\" style=\"padding-left:1em;\"><h4 style=\"color:\">R\u00e9section trans-urethrale de la prostate par r\u00e9secteur bipolaire.<\/h4><p style=\"color:\">La chauffe du liquide est n\u00e9cessaire pour une utilisation optimale du r\u00e9secteur bipolaire.<\/p><\/div><\/div><\/div><div class=\"hgr-content-block \" style=\"margin-bottom:2em;\"><div class=\"hgr-contb-row\"><div class=\"hgr-contblock-icon\" style=\"color:;  \"><i class=\"icon icon fa fa-arrow-right normal-icon-cb\" style=\" font-size:16px!important; \"><\/i><\/div><div class=\"hgr-content\" style=\"padding-left:1em;\"><h4 style=\"color:\">NLPC:<\/h4><p style=\"color:\">Le syst\u00e8me de chauffe permet un maintient \u00e0 temp\u00e9rature du corps du patient. Les tubulures post-op se sont plus n\u00e9cessaires \u00e0 la fin de l'intervention.<\/p><\/div><\/div><\/div>[\/vc_column_inner][\/vc_row_inner][\/vc_column][\/vc_row]<\/p>\n<\/div>","protected":false},"excerpt":{"rendered":"<p>[vc_row full_width=\u00a0\u00bbstretch_row\u00a0\u00bb css=\u00a0\u00bb.vc_custom_1512399786081{padding-top: 50px !important;background-color: #ce3e8c !important;}\u00a0\u00bb][vc_column][vc_custom_heading text=\u00a0\u00bbENDOFLOW\u00aeII\u00a0\u00bb font_container=\u00a0\u00bbtag:h2|text_align:left|color:%23ffffff\u00a0\u00bb use_theme_fonts=\u00a0\u00bbyes\u00a0\u00bb][\/vc_column][\/vc_row][vc_row css_animation=\u00a0\u00bbfadeIn\u00a0\u00bb][vc_column width=\u00a0\u00bb1\/4&Prime; offset=\u00a0\u00bbvc_hidden-xs\u00a0\u00bb][vc_column_text][\/vc_column_text][\/vc_column][vc_column width=\u00a0\u00bb3\/4&Prime;][vc_column_text css=\u00a0\u00bb.vc_custom_1591799307755{border-top-width: 2px !important;border-top-color: #ce3e8c !important;border-top-style: solid !important;}\u00a0\u00bb] ENDOFLOW\u00aeII Le Concept [\/vc_column_text][vc_column_text css=\u00a0\u00bb.vc_custom_1591799408407{border-top-width: 0px !important;padding-top: 5px !important;}\u00a0\u00bb] Un syst\u00e8me de gestion des fluides unique. [\/vc_column_text][vc_row_inner][vc_column_inner width=\u00a0\u00bb2\/3&Prime;][\/vc_column_inner][vc_column_inner width=\u00a0\u00bb1\/6&Prime;][\/vc_column_inner][vc_column_inner width=\u00a0\u00bb1\/6&Prime;][\/vc_column_inner][\/vc_row_inner][vc_row_inner css=\u00a0\u00bb.vc_custom_1512477419713{margin-right: 160px !important;margin-left: 160px !important;padding-top: 10px !important;}\u00a0\u00bb][vc_column_inner width=\u00a0\u00bb1\/3&Prime;][vc_column_text css=\u00a0\u00bb.vc_custom_1591800383941{margin-bottom: 15px !important;border-bottom-width: 2px !important;padding-bottom: 7.5px [&hellip;]<\/p>\n","protected":false},"author":1,"featured_media":0,"parent":4867,"menu_order":20,"comment_status":"open","ping_status":"closed","template":"","meta":{"content-type":"","_exactmetrics_skip_tracking":false,"_exactmetrics_sitenote_active":false,"_exactmetrics_sitenote_note":"","_exactmetrics_sitenote_category":0,"footnotes":""},"class_list":["post-2933","page","type-page","status-publish","hentry"],"translation":{"provider":"WPGlobus","version":"3.0.2","language":"fr","enabled_languages":["en","fr","it"],"languages":{"en":{"title":true,"content":true,"excerpt":false},"fr":{"title":true,"content":true,"excerpt":false},"it":{"title":false,"content":true,"excerpt":false}}},"_links":{"self":[{"href":"https:\/\/www.rocamed.com\/fr\/wp-json\/wp\/v2\/pages\/2933","targetHints":{"allow":["GET"]}}],"collection":[{"href":"https:\/\/www.rocamed.com\/fr\/wp-json\/wp\/v2\/pages"}],"about":[{"href":"https:\/\/www.rocamed.com\/fr\/wp-json\/wp\/v2\/types\/page"}],"author":[{"embeddable":true,"href":"https:\/\/www.rocamed.com\/fr\/wp-json\/wp\/v2\/users\/1"}],"replies":[{"embeddable":true,"href":"https:\/\/www.rocamed.com\/fr\/wp-json\/wp\/v2\/comments?post=2933"}],"version-history":[{"count":21,"href":"https:\/\/www.rocamed.com\/fr\/wp-json\/wp\/v2\/pages\/2933\/revisions"}],"predecessor-version":[{"id":8998,"href":"https:\/\/www.rocamed.com\/fr\/wp-json\/wp\/v2\/pages\/2933\/revisions\/8998"}],"up":[{"embeddable":true,"href":"https:\/\/www.rocamed.com\/fr\/wp-json\/wp\/v2\/pages\/4867"}],"wp:attachment":[{"href":"https:\/\/www.rocamed.com\/fr\/wp-json\/wp\/v2\/media?parent=2933"}],"curies":[{"name":"wp","href":"https:\/\/api.w.org\/{rel}","templated":true}]}}