{"id":2679,"date":"2018-02-19T15:36:02","date_gmt":"2018-02-19T14:36:02","guid":{"rendered":"https:\/\/www.rocamed.com\/?page_id=2679"},"modified":"2022-08-26T11:21:56","modified_gmt":"2022-08-26T09:21:56","slug":"rocaflow","status":"publish","type":"page","link":"https:\/\/www.rocamed.com\/fr\/products\/prostate\/rocaflow\/","title":{"rendered":"Rocaflow"},"content":{"rendered":"<div class=\"wpb-content-wrapper\"><p>[vc_row full_width=\u00a0\u00bbstretch_row\u00a0\u00bb css=\u00a0\u00bb.vc_custom_1512399786081{padding-top: 50px !important;background-color: #ce3e8c !important;}\u00a0\u00bb][vc_column][vc_custom_heading text=\u00a0\u00bbPROSTATE PRODUCTS\u00a0\u00bb font_container=\u00a0\u00bbtag:h2|text_align:left|color:%23ffffff\u00a0\u00bb use_theme_fonts=\u00a0\u00bbyes\u00a0\u00bb][\/vc_column][\/vc_row][vc_row][vc_column width=\u00a0\u00bb1\/4&Prime; offset=\u00a0\u00bbvc_hidden-xs\u00a0\u00bb][vc_column_text][vc_custom_heading text=\"GAMMES & PRODUITS\" font_container=\"tag:h4|text_align:left|color:%23ffffff\" use_theme_fonts=\"yes\" css=\".vc_custom_1524665619963{padding-top: 5px !important;padding-right: 5px !important;padding-bottom: 3px !important;padding-left: 5px !important;background-color: #566565 !important;}\"]\n\n[vc_wp_custommenu nav_menu=\"59\" el_class=\"left_side_column-style\"]\n\n[vc_custom_heading text=\"CATALOGUE PRODUITS\" font_container=\"tag:h4|text_align:left|color:%23ffffff\" use_theme_fonts=\"yes\" css=\".vc_custom_1524582080658{margin-top: 20px !important;padding-top: 5px !important;padding-right: 5px !important;padding-bottom: 3px !important;padding-left: 5px !important;background-color: #566565 !important;}\"]\n\n<div class=\"hgr-content-block left_side_column-style\" style=\"margin-bottom:2em;\"><div class=\"hgr-contb-row\"><div class=\"hgr-contblock-icon\" style=\"color:#ce3e8c;  \"><i class=\"icon icon outline outline-bookmarks normal-icon-cb\" style=\" font-size:32px!important; \"><\/i><\/div><div class=\"hgr-content\" style=\"padding-left:1em;\"><h4 style=\"color:#566565\">Le catalogue Rocamed<\/h4><a class=\"hgr-contb-link morelink-white\" href=\"https:\/\/www.rocamed.com\/catalog\/\" target=\"_blank\" title=\"\">Consultez en ligne notre dernier catalogue produits<\/a><\/div><\/div><\/div>\n\n[vc_custom_heading text=\"NEWSLETTER\" font_container=\"tag:h4|text_align:left|color:%23ffffff\" use_theme_fonts=\"yes\" css=\".vc_custom_1584611603475{margin-top: 20px !important;padding-top: 5px !important;padding-right: 5px !important;padding-bottom: 3px !important;padding-left: 5px !important;background-color: #566565 !important;}\"]\n\n<div class=\"hgr-content-block left_side_column-style\" style=\"margin-bottom:2em;\"><div class=\"hgr-contb-row\"><div class=\"hgr-contblock-icon\" style=\"color:#ce3e8c;  \"><i class=\"icon icon fa fa-envelope-o normal-icon-cb\" style=\" font-size:32px!important; \"><\/i><\/div><div class=\"hgr-content\" style=\"padding-left:1em;\"><h4 style=\"color:#566565\">La newsletter Rocamed<\/h4><a class=\"hgr-contb-link morelink-white\" href=\"\/subscribe-to-rocamed-newsletter\/\" target=\"_blank\" title=\"\">Inscrivez-vous en ligne \u00e0 notre newsletter<\/a><\/div><\/div><\/div>\n\n[vc_single_image image=\"1857\" img_size=\"\" css_animation=\"rotateInDownLeft\" css=\".vc_custom_1584612083417{padding-top: 20px !important;padding-right: 20px !important;padding-bottom: 20px !important;padding-left: 20px !important;}\"][\/vc_column_text][\/vc_column][vc_column width=\u00a0\u00bb3\/4&Prime;][vc_column_text css=\u00a0\u00bb.vc_custom_1591780119638{border-top-width: 2px !important;border-top-color: #ce3e8c !important;border-top-style: solid !important;}\u00a0\u00bb]<\/p>\n<h1 style=\"text-align: left;\">RocaFlow<\/h1>\n<h2>Cath\u00e9ters 3 Voies en Silicone<\/h2>\n<p>[\/vc_column_text][vc_column_text css=\u00a0\u00bb.vc_custom_1591780338512{border-top-width: 0px !important;border-top-color: #ce3e8c !important;border-top-style: solid !important;}\u00a0\u00bb]Apr\u00e8s une RTUP ou une prostatectomie, les deux oeils en dessous des ballons am\u00e9liorent le drainage des urines et le sang venant du col v\u00e9sical.[\/vc_column_text][vc_row_inner][vc_column_inner width=\u00a0\u00bb1\/2&Prime;][vc_single_image image=\u00a0\u00bb2713&Prime; img_size=\u00a0\u00bbfull\u00a0\u00bb css=\u00a0\u00bb.vc_custom_1519125924410{border-top-width: 2px !important;border-right-width: 2px !important;border-bottom-width: 2px !important;border-left-width: 2px !important;border-left-color: #ce3e8c !important;border-left-style: solid !important;border-right-color: #ce3e8c !important;border-right-style: solid !important;border-top-color: #ce3e8c !important;border-top-style: solid !important;border-bottom-color: #ce3e8c !important;border-bottom-style: solid !important;}\u00a0\u00bb][\/vc_column_inner][vc_column_inner width=\u00a0\u00bb1\/2&Prime;]<div class=\"hgr-content-block \" style=\"margin-bottom:2em;\"><div class=\"hgr-contb-row\"><div class=\"hgr-contblock-icon\" style=\"color:;  \"><i class=\"icon icon fa fa-arrow-right normal-icon-cb\" style=\" font-size:16px!important; \"><\/i><\/div><div class=\"hgr-content\" style=\"padding-left:1em;\"><h4 style=\"color:\">Large Diam\u00e8tre ( 18 \u00e0 24 Fr )<\/h4><p style=\"color:\">permet l'\u00e9vacuation de morceaux de d\u00e9bris \u00e0 travers le cath\u00e9ter <\/p><\/div><\/div><\/div><div class=\"hgr-content-block \" style=\"margin-bottom:2em;\"><div class=\"hgr-contb-row\"><div class=\"hgr-contblock-icon\" style=\"color:;  \"><i class=\"icon icon fa fa-arrow-right normal-icon-cb\" style=\" font-size:16px!important; \"><\/i><\/div><div class=\"hgr-content\" style=\"padding-left:1em;\"><h4 style=\"color:\">100% Silicone<\/h4><p style=\"color:\">\u00e9vite tout risque d'allergie ou de toxicit\u00e9.<\/p><\/div><\/div><\/div><div class=\"hgr-content-block \" style=\"margin-bottom:2em;\"><div class=\"hgr-contb-row\"><div class=\"hgr-contblock-icon\" style=\"color:;  \"><i class=\"icon icon fa fa-arrow-right normal-icon-cb\" style=\" font-size:16px!important; \"><\/i><\/div><div class=\"hgr-content\" style=\"padding-left:1em;\"><h4 style=\"color:\">Cath\u00e9ter transparent<\/h4><p style=\"color:\">pour surveiller la qualit\u00e9 du drainage et visualiser les urines<\/p><\/div><\/div><\/div><div class=\"hgr-content-block \" style=\"margin-bottom:2em;\"><div class=\"hgr-contb-row\"><div class=\"hgr-contblock-icon\" style=\"color:;  \"><i class=\"icon icon fa fa-arrow-right normal-icon-cb\" style=\" font-size:16px!important; \"><\/i><\/div><div class=\"hgr-content\" style=\"padding-left:1em;\"><h4 style=\"color:\">Pointe arrondie et ferm\u00e9e<\/h4><p style=\"color:\">Facilite le placement lors de l'introduction<\/p><\/div><\/div><\/div>[\/vc_column_inner][\/vc_row_inner][vc_row_inner css=\u00a0\u00bb.vc_custom_1512401358047{padding-top: 10px !important;}\u00a0\u00bb][vc_column_inner width=\u00a0\u00bb1\/4&Prime;][vc_single_image image=\u00a0\u00bb2702&Prime; img_size=\u00a0\u00bbfull\u00a0\u00bb alignment=\u00a0\u00bbcenter\u00a0\u00bb css=\u00a0\u00bb.vc_custom_1519057171297{border-top-width: 2px !important;border-right-width: 2px !important;border-bottom-width: 2px !important;border-left-width: 2px !important;border-left-color: #ce3e8c !important;border-left-style: solid !important;border-right-color: #ce3e8c !important;border-right-style: solid !important;border-top-color: #ce3e8c !important;border-top-style: solid !important;border-bottom-color: #ce3e8c !important;border-bottom-style: solid !important;border-radius: 2px !important;}\u00a0\u00bb][vc_column_text css=\u00a0\u00bb.vc_custom_1591782075407{margin-top: -20px !important;border-top-width: 1px !important;padding-top: 5px !important;border-top-color: #566565 !important;border-top-style: solid !important;border-radius: 1px !important;}\u00a0\u00bb]<\/p>\n<p style=\"text-align: center;\"><strong>Droit<\/strong><\/p>\n<p>[\/vc_column_text][\/vc_column_inner][vc_column_inner width=\u00a0\u00bb1\/4&Prime; css=\u00a0\u00bb.vc_custom_1519056887829{padding-right: 30px !important;padding-left: 30px !important;}\u00a0\u00bb][vc_single_image image=\u00a0\u00bb2700&Prime; img_size=\u00a0\u00bblarge\u00a0\u00bb alignment=\u00a0\u00bbcenter\u00a0\u00bb css=\u00a0\u00bb.vc_custom_1519056376142{border-top-width: 2px !important;border-right-width: 2px !important;border-bottom-width: 2px !important;border-left-width: 2px !important;border-left-color: #ce3e8c !important;border-left-style: solid !important;border-right-color: #ce3e8c !important;border-right-style: solid !important;border-top-color: #ce3e8c !important;border-top-style: solid !important;border-bottom-color: #ce3e8c !important;border-bottom-style: solid !important;border-radius: 2px !important;}\u00a0\u00bb][vc_column_text css=\u00a0\u00bb.vc_custom_1531831973472{margin-top: -20px !important;border-top-width: 1px !important;padding-top: 5px !important;border-top-color: #566565 !important;border-top-style: solid !important;border-radius: 1px !important;}\u00a0\u00bb]<\/p>\n<p style=\"text-align: center;\"><strong>Couvelaire<\/strong><\/p>\n<p>[\/vc_column_text][\/vc_column_inner][vc_column_inner width=\u00a0\u00bb1\/4&Prime; css=\u00a0\u00bb.vc_custom_1519056876961{padding-right: 30px !important;padding-left: 30px !important;}\u00a0\u00bb][vc_single_image image=\u00a0\u00bb2701&Prime; img_size=\u00a0\u00bbfull\u00a0\u00bb alignment=\u00a0\u00bbcenter\u00a0\u00bb css=\u00a0\u00bb.vc_custom_1519056401904{border-top-width: 2px !important;border-right-width: 2px !important;border-bottom-width: 2px !important;border-left-width: 2px !important;border-left-color: #ce3e8c !important;border-left-style: solid !important;border-right-color: #ce3e8c !important;border-right-style: solid !important;border-top-color: #ce3e8c !important;border-top-style: solid !important;border-bottom-color: #ce3e8c !important;border-bottom-style: solid !important;border-radius: 2px !important;}\u00a0\u00bb][vc_column_text css=\u00a0\u00bb.vc_custom_1531831979064{margin-top: -20px !important;border-top-width: 1px !important;padding-top: 5px !important;border-top-color: #566565 !important;border-top-style: solid !important;border-radius: 1px !important;}\u00a0\u00bb]<\/p>\n<p style=\"text-align: center;\"><strong>Dufour<\/strong><\/p>\n<p>[\/vc_column_text][\/vc_column_inner][vc_column_inner width=\u00a0\u00bb1\/4&Prime;][vc_single_image image=\u00a0\u00bb2703&Prime; img_size=\u00a0\u00bblarge\u00a0\u00bb alignment=\u00a0\u00bbcenter\u00a0\u00bb css=\u00a0\u00bb.vc_custom_1519056422125{border-top-width: 2px !important;border-right-width: 2px !important;border-bottom-width: 2px !important;border-left-width: 2px !important;border-left-color: #ce3e8c !important;border-left-style: solid !important;border-right-color: #ce3e8c !important;border-right-style: solid !important;border-top-color: #ce3e8c !important;border-top-style: solid !important;border-bottom-color: #ce3e8c !important;border-bottom-style: solid !important;border-radius: 2px !important;}\u00a0\u00bb][vc_column_text css=\u00a0\u00bb.vc_custom_1531831984344{margin-top: -20px !important;border-top-width: 1px !important;padding-top: 5px !important;border-top-color: #566565 !important;border-top-style: solid !important;border-radius: 1px !important;}\u00a0\u00bb]<\/p>\n<p style=\"text-align: center;\"><strong>Delinotte<\/strong><\/p>\n<p>[\/vc_column_text][\/vc_column_inner][\/vc_row_inner][vc_separator color=\u00a0\u00bbcustom\u00a0\u00bb border_width=\u00a0\u00bb2&Prime; accent_color=\u00a0\u00bb#566565&Prime;][vc_row_inner css=\u00a0\u00bb.vc_custom_1519052708456{margin-right: 0px !important;margin-left: 00px !important;padding-top: 10px !important;}\u00a0\u00bb][vc_column_inner width=\u00a0\u00bb1\/6&Prime;][vc_single_image image=\u00a0\u00bb2691&Prime; img_size=\u00a0\u00bblarge\u00a0\u00bb alignment=\u00a0\u00bbcenter\u00a0\u00bb][\/vc_column_inner][vc_column_inner width=\u00a0\u00bb2\/3&Prime;][vc_column_text css=\u00a0\u00bb.vc_custom_1591782089693{margin-bottom: 5px !important;}\u00a0\u00bb]<\/p>\n<h5>Sans Latex<\/h5>\n<p>[\/vc_column_text]<div class=\"hgr-content-block \" style=\"margin-bottom:2em;\"><div class=\"hgr-contb-row\"><div class=\"hgr-contblock-icon\" style=\"color:;  \"><i class=\"icon icon fa fa-arrow-right normal-icon-cb\" style=\" font-size:16px!important; \"><\/i><\/div><div class=\"hgr-content\" style=\"padding-left:1em;\"><h4 style=\"color:\">R\u00e9duit les inflammations ur\u00e9trales et les infections <\/h4><p style=\"color:\">Large bevels and eyes<\/p><\/div><\/div><\/div><div class=\"hgr-content-block \" style=\"margin-bottom:2em;\"><div class=\"hgr-contb-row\"><div class=\"hgr-contblock-icon\" style=\"color:;  \"><i class=\"icon icon fa fa-arrow-right normal-icon-cb\" style=\" font-size:16px!important; \"><\/i><\/div><div class=\"hgr-content\" style=\"padding-left:1em;\"><h4 style=\"color:\">Assure une excellente capacit\u00e9 de drainage<\/h4><p style=\"color:\">Wide irrigation and drainage Channels<\/p><\/div><\/div><\/div><div class=\"hgr-content-block \" style=\"margin-bottom:2em;\"><div class=\"hgr-contb-row\"><div class=\"hgr-contblock-icon\" style=\"color:;  \"><i class=\"icon icon fa fa-arrow-right normal-icon-cb\" style=\" font-size:16px!important; \"><\/i><\/div><div class=\"hgr-content\" style=\"padding-left:1em;\"><h4 style=\"color:\">Pr\u00e9vient des caillaux<\/h4><\/div><\/div><\/div>[\/vc_column_inner][vc_column_inner width=\u00a0\u00bb1\/6&Prime;][\/vc_column_inner][\/vc_row_inner][vc_empty_space][vc_row_inner css=\u00a0\u00bb.vc_custom_1519117664956{margin-right: 00px !important;margin-left: 0px !important;padding-top: 10px !important;}\u00a0\u00bb][vc_column_inner width=\u00a0\u00bb1\/6&Prime;][vc_single_image image=\u00a0\u00bb2716&Prime; img_size=\u00a0\u00bbfull\u00a0\u00bb css=\u00a0\u00bb.vc_custom_1519125904180{border-top-width: 2px !important;border-right-width: 2px !important;border-bottom-width: 2px !important;border-left-width: 2px !important;border-left-color: #ce3e8c !important;border-left-style: solid !important;border-right-color: #ce3e8c !important;border-right-style: solid !important;border-top-color: #ce3e8c !important;border-top-style: solid !important;border-bottom-color: #ce3e8c !important;border-bottom-style: solid !important;}\u00a0\u00bb][\/vc_column_inner][vc_column_inner width=\u00a0\u00bb2\/3&Prime;]<div class=\"hgr-content-block \" style=\"margin-bottom:2em;\"><div class=\"hgr-contb-row\"><div class=\"hgr-contblock-icon\" style=\"color:;  \"><i class=\"icon icon fa fa-arrow-right normal-icon-cb\" style=\" font-size:16px!important; \"><\/i><\/div><div class=\"hgr-content\" style=\"padding-left:1em;\"><h4 style=\"color:\">Large canaux de drainage et d'irrigation<\/h4><\/div><\/div><\/div>[\/vc_column_inner][vc_column_inner width=\u00a0\u00bb1\/6&Prime;][\/vc_column_inner][\/vc_row_inner][vc_separator color=\u00a0\u00bbcustom\u00a0\u00bb border_width=\u00a0\u00bb2&Prime; accent_color=\u00a0\u00bb#566565&Prime;][vc_column_text]<h2 id=\"tablepress-112-name\" class=\"tablepress-table-name tablepress-table-name-id-112\">Cath\u00e9ters prostatique 3 voies en Silicone<\/h2>\n<span id=\"tablepress-112-description\" class=\"tablepress-table-description tablepress-table-description-id-112\"><\/span>\n\n<table id=\"tablepress-112\" class=\"tablepress tablepress-id-112 tableau\" aria-labelledby=\"tablepress-112-name\" aria-describedby=\"tablepress-112-description\">\n<thead>\n<tr class=\"row-1\">\n\t<th class=\"column-1\">\u00d8 Ch\/Fr<\/th><th class=\"column-2\">Volume du Ballonnet ml<\/th><th class=\"column-3\">Longueur (cm)<\/th><th class=\"column-4\">Pointe Couvelaire <br \/>\n<\/th><th class=\"column-5\">Pointe Dufour <br \/>\n<\/th><th class=\"column-6\">Pointe Delinotte<\/th><th class=\"column-7\">Pointe Droite<\/th>\n<\/tr>\n<\/thead>\n<tbody class=\"row-striping\">\n<tr class=\"row-2\">\n\t<td class=\"column-1\">18<\/td><td class=\"column-2\">50<\/td><td class=\"column-3\">42<\/td><td class=\"column-4\">ROFC3518ST<\/td><td class=\"column-5\">ROFD3518ST<\/td><td class=\"column-6\">ROFE3518ST<\/td><td class=\"column-7\">ROFS3518ST<\/td>\n<\/tr>\n<tr class=\"row-3\">\n\t<td class=\"column-1\">20<\/td><td class=\"column-2\">60<\/td><td class=\"column-3\">42<\/td><td class=\"column-4\">ROFC3520ST<\/td><td class=\"column-5\">ROFD3520ST<\/td><td class=\"column-6\">ROFE3520ST<\/td><td class=\"column-7\">ROFS3520ST<\/td>\n<\/tr>\n<tr class=\"row-4\">\n\t<td class=\"column-1\">22<\/td><td class=\"column-2\">70<\/td><td class=\"column-3\">42<\/td><td class=\"column-4\">ROFC3522ST<\/td><td class=\"column-5\">ROFD3522ST<\/td><td class=\"column-6\">ROFE3522ST<\/td><td class=\"column-7\">ROFS3522ST<\/td>\n<\/tr>\n<tr class=\"row-5\">\n\t<td class=\"column-1\">24<\/td><td class=\"column-2\">80<\/td><td class=\"column-3\">42<\/td><td class=\"column-4\">ROFC3524ST<\/td><td class=\"column-5\">ROFD3524ST<\/td><td class=\"column-6\">ROFE3524ST<\/td><td class=\"column-7\">ROFS3524ST<\/td>\n<\/tr>\n<\/tbody>\n<\/table>\n<!-- #tablepress-112 from cache -->[\/vc_column_text][vc_column_text css=\u00a0\u00bb.vc_custom_1591783854157{border-top-width: 1px !important;padding-top: 5px !important;border-top-color: #566565 !important;border-top-style: solid !important;border-radius: 1px !important;}\u00a0\u00bb]Conditionn\u00e9 s\u00e9par\u00e9ment \/ Dispositif st\u00e9rile \u00e0 usage unique\/ Boite de 10.[\/vc_column_text][vc_column_text css=\u00a0\u00bb.vc_custom_1512484820677{border-top-width: 1px !important;padding-top: 5px !important;border-top-color: #566565 !important;border-top-style: solid !important;border-radius: 1px !important;}\u00a0\u00bb]<\/p>\n<h6>Products Specifications are subject to change without notice.<br \/>\nPlease consult product label and insert for any indications, contraindications, hazards, warnings, cautions and directions for use.<br \/>\nFor the latest information, always check the \u201cInstructions for Use\u201d that comes packaged with the product.<\/h6>\n<p>[\/vc_column_text][\/vc_column][\/vc_row]<\/p>\n<\/div>","protected":false},"excerpt":{"rendered":"<p>[vc_row full_width=\u00a0\u00bbstretch_row\u00a0\u00bb css=\u00a0\u00bb.vc_custom_1512399786081{padding-top: 50px !important;background-color: #ce3e8c !important;}\u00a0\u00bb][vc_column][vc_custom_heading text=\u00a0\u00bbPROSTATE PRODUCTS\u00a0\u00bb font_container=\u00a0\u00bbtag:h2|text_align:left|color:%23ffffff\u00a0\u00bb use_theme_fonts=\u00a0\u00bbyes\u00a0\u00bb][\/vc_column][\/vc_row][vc_row][vc_column width=\u00a0\u00bb1\/4&Prime; offset=\u00a0\u00bbvc_hidden-xs\u00a0\u00bb][vc_column_text][\/vc_column_text][\/vc_column][vc_column width=\u00a0\u00bb3\/4&Prime;][vc_column_text css=\u00a0\u00bb.vc_custom_1591780119638{border-top-width: 2px !important;border-top-color: #ce3e8c !important;border-top-style: solid !important;}\u00a0\u00bb] RocaFlow Cath\u00e9ters 3 Voies en Silicone [\/vc_column_text][vc_column_text css=\u00a0\u00bb.vc_custom_1591780338512{border-top-width: 0px !important;border-top-color: #ce3e8c !important;border-top-style: solid !important;}\u00a0\u00bb]Apr\u00e8s une RTUP ou une prostatectomie, les deux oeils en dessous des ballons am\u00e9liorent le drainage des urines et le sang [&hellip;]<\/p>\n","protected":false},"author":1,"featured_media":0,"parent":2666,"menu_order":20,"comment_status":"open","ping_status":"closed","template":"","meta":{"content-type":"","_exactmetrics_skip_tracking":false,"_exactmetrics_sitenote_active":false,"_exactmetrics_sitenote_note":"","_exactmetrics_sitenote_category":0,"footnotes":""},"class_list":["post-2679","page","type-page","status-publish","hentry"],"translation":{"provider":"WPGlobus","version":"3.0.2","language":"fr","enabled_languages":["en","fr","it"],"languages":{"en":{"title":true,"content":true,"excerpt":false},"fr":{"title":true,"content":true,"excerpt":false},"it":{"title":false,"content":true,"excerpt":false}}},"_links":{"self":[{"href":"https:\/\/www.rocamed.com\/fr\/wp-json\/wp\/v2\/pages\/2679","targetHints":{"allow":["GET"]}}],"collection":[{"href":"https:\/\/www.rocamed.com\/fr\/wp-json\/wp\/v2\/pages"}],"about":[{"href":"https:\/\/www.rocamed.com\/fr\/wp-json\/wp\/v2\/types\/page"}],"author":[{"embeddable":true,"href":"https:\/\/www.rocamed.com\/fr\/wp-json\/wp\/v2\/users\/1"}],"replies":[{"embeddable":true,"href":"https:\/\/www.rocamed.com\/fr\/wp-json\/wp\/v2\/comments?post=2679"}],"version-history":[{"count":17,"href":"https:\/\/www.rocamed.com\/fr\/wp-json\/wp\/v2\/pages\/2679\/revisions"}],"predecessor-version":[{"id":9229,"href":"https:\/\/www.rocamed.com\/fr\/wp-json\/wp\/v2\/pages\/2679\/revisions\/9229"}],"up":[{"embeddable":true,"href":"https:\/\/www.rocamed.com\/fr\/wp-json\/wp\/v2\/pages\/2666"}],"wp:attachment":[{"href":"https:\/\/www.rocamed.com\/fr\/wp-json\/wp\/v2\/media?parent=2679"}],"curies":[{"name":"wp","href":"https:\/\/api.w.org\/{rel}","templated":true}]}}