{"id":2597,"date":"2018-02-13T15:46:21","date_gmt":"2018-02-13T14:46:21","guid":{"rendered":"https:\/\/www.rocamed.com\/?page_id=2597"},"modified":"2024-05-15T14:14:39","modified_gmt":"2024-05-15T12:14:39","slug":"biflex-evo","status":"publish","type":"page","link":"https:\/\/www.rocamed.com\/fr\/products\/endo-urology\/biflex-evo\/","title":{"rendered":"Bi-Flex Evo"},"content":{"rendered":"<div class=\"wpb-content-wrapper\"><p>[vc_row full_width=\u00a0\u00bbstretch_row\u00a0\u00bb css=\u00a0\u00bb.vc_custom_1512399786081{padding-top: 50px !important;background-color: #ce3e8c !important;}\u00a0\u00bb][vc_column][vc_custom_heading text=\u00a0\u00bbENDO-UROLOGY PRODUCTS\u00a0\u00bb font_container=\u00a0\u00bbtag:h2|text_align:left|color:%23ffffff\u00a0\u00bb use_theme_fonts=\u00a0\u00bbyes\u00a0\u00bb][\/vc_column][\/vc_row][vc_row][vc_column width=\u00a0\u00bb1\/4&Prime; offset=\u00a0\u00bbvc_hidden-xs\u00a0\u00bb][vc_column_text][vc_custom_heading text=\"GAMMES & PRODUITS\" font_container=\"tag:h4|text_align:left|color:%23ffffff\" use_theme_fonts=\"yes\" css=\".vc_custom_1524665619963{padding-top: 5px !important;padding-right: 5px !important;padding-bottom: 3px !important;padding-left: 5px !important;background-color: #566565 !important;}\"]\n\n[vc_wp_custommenu nav_menu=\"59\" el_class=\"left_side_column-style\"]\n\n[vc_custom_heading text=\"CATALOGUE PRODUITS\" font_container=\"tag:h4|text_align:left|color:%23ffffff\" use_theme_fonts=\"yes\" css=\".vc_custom_1524582080658{margin-top: 20px !important;padding-top: 5px !important;padding-right: 5px !important;padding-bottom: 3px !important;padding-left: 5px !important;background-color: #566565 !important;}\"]\n\n<div class=\"hgr-content-block left_side_column-style\" style=\"margin-bottom:2em;\"><div class=\"hgr-contb-row\"><div class=\"hgr-contblock-icon\" style=\"color:#ce3e8c;  \"><i class=\"icon icon outline outline-bookmarks normal-icon-cb\" style=\" font-size:32px!important; \"><\/i><\/div><div class=\"hgr-content\" style=\"padding-left:1em;\"><h4 style=\"color:#566565\">Le catalogue Rocamed<\/h4><a class=\"hgr-contb-link morelink-white\" href=\"https:\/\/www.rocamed.com\/catalog\/\" target=\"_blank\" title=\"\">Consultez en ligne notre dernier catalogue produits<\/a><\/div><\/div><\/div>\n\n[vc_custom_heading text=\"NEWSLETTER\" font_container=\"tag:h4|text_align:left|color:%23ffffff\" use_theme_fonts=\"yes\" css=\".vc_custom_1584611603475{margin-top: 20px !important;padding-top: 5px !important;padding-right: 5px !important;padding-bottom: 3px !important;padding-left: 5px !important;background-color: #566565 !important;}\"]\n\n<div class=\"hgr-content-block left_side_column-style\" style=\"margin-bottom:2em;\"><div class=\"hgr-contb-row\"><div class=\"hgr-contblock-icon\" style=\"color:#ce3e8c;  \"><i class=\"icon icon fa fa-envelope-o normal-icon-cb\" style=\" font-size:32px!important; \"><\/i><\/div><div class=\"hgr-content\" style=\"padding-left:1em;\"><h4 style=\"color:#566565\">La newsletter Rocamed<\/h4><a class=\"hgr-contb-link morelink-white\" href=\"\/subscribe-to-rocamed-newsletter\/\" target=\"_blank\" title=\"\">Inscrivez-vous en ligne \u00e0 notre newsletter<\/a><\/div><\/div><\/div>\n\n[vc_single_image image=\"1857\" img_size=\"\" css_animation=\"rotateInDownLeft\" css=\".vc_custom_1584612083417{padding-top: 20px !important;padding-right: 20px !important;padding-bottom: 20px !important;padding-left: 20px !important;}\"][\/vc_column_text][\/vc_column][vc_column width=\u00a0\u00bb3\/4&Prime;][vc_column_text css=\u00a0\u00bb.vc_custom_1715093027275{border-top-width: 2px !important;border-top-color: #ce3e8c !important;border-top-style: solid !important;}\u00a0\u00bb]<\/p>\n<h1 style=\"text-align: left;\">BI-FLEX EVO<\/h1>\n<h2>Gaine d&rsquo;acc\u00e8s Ur\u00e9t\u00e9rale<\/h2>\n<p>[\/vc_column_text][vc_row_inner css=\u00a0\u00bb.vc_custom_1518533707003{margin-top: 25px !important;}\u00a0\u00bb][vc_column_inner][vc_single_image image=\u00a0\u00bb9706&Prime; img_size=\u00a0\u00bblarge\u00a0\u00bb alignment=\u00a0\u00bbcenter\u00a0\u00bb css=\u00a0\u00bb.vc_custom_1690212960203{border-top-width: 2px !important;border-right-width: 2px !important;border-bottom-width: 2px !important;border-left-width: 2px !important;border-left-color: #ce3e8c !important;border-left-style: solid !important;border-right-color: #ce3e8c !important;border-right-style: solid !important;border-top-color: #ce3e8c !important;border-top-style: solid !important;border-bottom-color: #ce3e8c !important;border-bottom-style: solid !important;border-radius: 2px !important;}\u00a0\u00bb][vc_single_image image=\u00a0\u00bb5085&Prime; img_size=\u00a0\u00bbfull\u00a0\u00bb alignment=\u00a0\u00bbcenter\u00a0\u00bb][\/vc_column_inner][\/vc_row_inner][vc_separator border_width=\u00a0\u00bb3&Prime;][vc_row_inner css=\u00a0\u00bb.vc_custom_1512401367242{padding-top: 10px !important;}\u00a0\u00bb][vc_column_inner width=\u00a0\u00bb1\/4&Prime;][vc_single_image image=\u00a0\u00bb2614&Prime; img_size=\u00a0\u00bbfull\u00a0\u00bb alignment=\u00a0\u00bbcenter\u00a0\u00bb css=\u00a0\u00bb.vc_custom_1518532242774{border-top-width: 2px !important;border-right-width: 2px !important;border-bottom-width: 2px !important;border-left-width: 2px !important;background-color: #ffffff !important;border-left-color: #ce3e8c !important;border-left-style: solid !important;border-right-color: #ce3e8c !important;border-right-style: solid !important;border-top-color: #ce3e8c !important;border-top-style: solid !important;border-bottom-color: #ce3e8c !important;border-bottom-style: solid !important;border-radius: 2px !important;}\u00a0\u00bb][\/vc_column_inner][vc_column_inner width=\u00a0\u00bb3\/4&Prime;][vc_column_text css=\u00a0\u00bb.vc_custom_1584633350230{border-top-width: 1px !important;padding-top: 5px !important;padding-bottom: 5px !important;border-top-color: #566565 !important;border-top-style: solid !important;border-radius: 1px !important;}\u00a0\u00bb]<\/p>\n<h4 style=\"text-align: left;\"><strong>2\u00a0canaux\u00a0op\u00e9ratoires<\/strong><\/h4>\n<ul>\n<li style=\"text-align: left;\">Con\u00e7ue pour faciliter la navigation \u00e0 travers les voies urinaires tortueuses, la gaine d&rsquo;acc\u00e8s ur\u00e9t\u00e9rale Bi-Flex Evo \u00a0a deux canaux op\u00e9ratoires et un cath\u00e9ter de dilatation int\u00e9gr\u00e9.\u00a0De 3Fr chacun, les canaux sont dot\u00e9s de connections luer lock qui permette l&rsquo;introduction d&rsquo;un fil guide de s\u00e9curit\u00e9 et l&rsquo;injection de produits de contraste.<\/li>\n<\/ul>\n<p>[\/vc_column_text][\/vc_column_inner][\/vc_row_inner][vc_row_inner css=\u00a0\u00bb.vc_custom_1512401367242{padding-top: 10px !important;}\u00a0\u00bb][vc_column_inner width=\u00a0\u00bb1\/4&Prime;][vc_single_image image=\u00a0\u00bb2608&Prime; img_size=\u00a0\u00bbfull\u00a0\u00bb alignment=\u00a0\u00bbcenter\u00a0\u00bb css=\u00a0\u00bb.vc_custom_1518531482879{border-top-width: 2px !important;border-right-width: 2px !important;border-bottom-width: 2px !important;border-left-width: 2px !important;background-color: #ffffff !important;border-left-color: #ce3e8c !important;border-left-style: solid !important;border-right-color: #ce3e8c !important;border-right-style: solid !important;border-top-color: #ce3e8c !important;border-top-style: solid !important;border-bottom-color: #ce3e8c !important;border-bottom-style: solid !important;border-radius: 2px !important;}\u00a0\u00bb][\/vc_column_inner][vc_column_inner width=\u00a0\u00bb3\/4&Prime;][vc_column_text css=\u00a0\u00bb.vc_custom_1584637769308{border-top-width: 1px !important;padding-top: 5px !important;padding-bottom: 5px !important;border-top-color: #566565 !important;border-top-style: solid !important;border-radius: 1px !important;}\u00a0\u00bb]<\/p>\n<h4 style=\"text-align: left;\"><strong>Pointe flexible a<\/strong>traumatique<\/h4>\n<ul>\n<li style=\"text-align: left;\">La nouvelle pointe Flexible permet d&rsquo;acc\u00e9der au m\u00e9at en toute s\u00e9curit\u00e9 et assure un chemin sans traumatisme dans toutes les voies urinaires tortueuses.<\/li>\n<li style=\"text-align: left;\">Coil r\u00e9sistant au pliage &#8211; des spirales en acier dans la partie interne procure force et stabilit\u00e9 tout en permettant l&rsquo;introduction et le retrait en douceur de l&rsquo;endoscope.<\/li>\n<\/ul>\n<p>[\/vc_column_text][\/vc_column_inner][\/vc_row_inner][vc_row_inner css=\u00a0\u00bb.vc_custom_1512401367242{padding-top: 10px !important;}\u00a0\u00bb][vc_column_inner width=\u00a0\u00bb1\/4&Prime;][vc_single_image image=\u00a0\u00bb2615&Prime; img_size=\u00a0\u00bbfull\u00a0\u00bb alignment=\u00a0\u00bbcenter\u00a0\u00bb css=\u00a0\u00bb.vc_custom_1518531939725{border-top-width: 2px !important;border-right-width: 2px !important;border-bottom-width: 2px !important;border-left-width: 2px !important;background-color: #ffffff !important;border-left-color: #ce3e8c !important;border-left-style: solid !important;border-right-color: #ce3e8c !important;border-right-style: solid !important;border-top-color: #ce3e8c !important;border-top-style: solid !important;border-bottom-color: #ce3e8c !important;border-bottom-style: solid !important;border-radius: 2px !important;}\u00a0\u00bb][\/vc_column_inner][vc_column_inner width=\u00a0\u00bb3\/4&Prime;][vc_column_text css=\u00a0\u00bb.vc_custom_1584641185566{border-top-width: 1px !important;padding-top: 5px !important;padding-bottom: 5px !important;border-top-color: #566565 !important;border-top-style: solid !important;border-radius: 1px !important;}\u00a0\u00bb]<\/p>\n<h4 style=\"text-align: left;\"><strong>un dilatateur gradu\u00e9<\/strong><\/h4>\n<ul>\n<li style=\"text-align: left;\"><b>Dilatateur gradu\u00e9<\/b> &#8211; Comprendre sa position, pour mesurer la dilation de l&rsquo;uret\u00e8re avec pr\u00e9cision et s\u00e9curit\u00e9.<\/li>\n<li style=\"text-align: left;\"><strong>Anneau Distal en\u00a0Platinum\u00a0<\/strong>&#8211; pour une visualisation sous \u00e9chographie pour confirmer l&#8217;emplacement de l&#8217;embout distal.<\/li>\n<li style=\"text-align: left;\"><strong>Introducteur\/Dilatateur effil\u00e9<\/strong>\u00a0 pour une introduction atraumatique et une facilit\u00e9 de dilatation.<\/li>\n<\/ul>\n<p>[\/vc_column_text][\/vc_column_inner][\/vc_row_inner][vc_row_inner css=\u00a0\u00bb.vc_custom_1512401367242{padding-top: 10px !important;}\u00a0\u00bb][vc_column_inner width=\u00a0\u00bb1\/4&Prime;][vc_single_image image=\u00a0\u00bb10147&Prime; img_size=\u00a0\u00bbfull\u00a0\u00bb alignment=\u00a0\u00bbcenter\u00a0\u00bb css=\u00a0\u00bb.vc_custom_1715775279807{border-top-width: 2px !important;border-right-width: 2px !important;border-bottom-width: 2px !important;border-left-width: 2px !important;background-color: #ffffff !important;border-left-color: #ce3e8c !important;border-left-style: solid !important;border-right-color: #ce3e8c !important;border-right-style: solid !important;border-top-color: #ce3e8c !important;border-top-style: solid !important;border-bottom-color: #ce3e8c !important;border-bottom-style: solid !important;border-radius: 2px !important;}\u00a0\u00bb][\/vc_column_inner][vc_column_inner width=\u00a0\u00bb3\/4&Prime;][vc_column_text css=\u00a0\u00bb.vc_custom_1531741464649{border-top-width: 1px !important;padding-top: 5px !important;padding-bottom: 5px !important;border-top-color: #566565 !important;border-top-style: solid !important;border-radius: 1px !important;}\u00a0\u00bb]<\/p>\n<h4 style=\"text-align: left;\"><strong>Biggest Inner Diameter<\/strong><\/h4>\n<ul>\n<li style=\"text-align: left;\">\u00ab (\u2026) The inner diameter of the 10\/12 Bi-Flex is actually 11 F, so intrarenal pressures were lower and irrigation flow was higher (\u2026) The irrigation flow measurements were in accordance with pressure measurements \u00bb*<\/li>\n<\/ul>\n<p style=\"text-align: right;\"><em>*T.Sener, J.Cloutier, L.Villa, F.Marson, Buttice, S.Doizi and O. Traxer<\/em><br \/>\n<em>France Journal of Endourology, September 18, 2015<\/em><\/p>\n<p>[\/vc_column_text][\/vc_column_inner][\/vc_row_inner][vc_separator color=\u00a0\u00bbcustom\u00a0\u00bb border_width=\u00a0\u00bb2&Prime; accent_color=\u00a0\u00bb#566565&Prime; css=\u00a0\u00bb.vc_custom_1518533773694{margin-top: 50px !important;margin-bottom: 50px !important;}\u00a0\u00bb][vc_column_text]<h2 id=\"tablepress-81-name\" class=\"tablepress-table-name tablepress-table-name-id-81\">Bi-Flex Gaine d'acc\u00e8s ur\u00e9t\u00e9ral<\/h2>\n<span id=\"tablepress-81-description\" class=\"tablepress-table-description tablepress-table-description-id-81\"><\/span>\n\n<table id=\"tablepress-81\" class=\"tablepress tablepress-id-81 tableau tbody-has-connected-cells\" aria-labelledby=\"tablepress-81-name\" aria-describedby=\"tablepress-81-description\">\n<thead>\n<tr class=\"row-1\">\n\t<th class=\"column-1\">R\u00e9f\u00e9rences<br \/>\n<\/th><th class=\"column-2\">Int \u00d8 fr\/ Ext \u00d8 fr<\/th><th class=\"column-3\">Longueur cm<\/th>\n<\/tr>\n<\/thead>\n<tbody class=\"row-striping\">\n<tr class=\"row-2\">\n\t<td class=\"column-1\">ROUS1028ST*<\/td><td class=\"column-2\">10\/12<\/td><td rowspan=\"2\" class=\"column-3\">28<\/td>\n<\/tr>\n<tr class=\"row-3\">\n\t<td class=\"column-1\">ROUS1228ST*<\/td><td class=\"column-2\">12\/14<\/td>\n<\/tr>\n<tr class=\"row-4\">\n\t<td class=\"column-1\">ROUS1035ST<\/td><td class=\"column-2\">10\/12<\/td><td rowspan=\"2\" class=\"column-3\">35<\/td>\n<\/tr>\n<tr class=\"row-5\">\n\t<td class=\"column-1\">ROUS1235ST<\/td><td class=\"column-2\">12\/14<\/td>\n<\/tr>\n<tr class=\"row-6\">\n\t<td class=\"column-1\">ROUS1045ST<\/td><td class=\"column-2\">10\/12<\/td><td rowspan=\"2\" class=\"column-3\">45<\/td>\n<\/tr>\n<tr class=\"row-7\">\n\t<td class=\"column-1\">ROUS1245ST<\/td><td class=\"column-2\">12\/14<\/td>\n<\/tr>\n<tr class=\"row-8\">\n\t<td colspan=\"3\" class=\"column-1\">*Bient\u00f4t disponible<\/td>\n<\/tr>\n<\/tbody>\n<\/table>\n<!-- #tablepress-81 from cache -->[\/vc_column_text][vc_column_text css=\u00a0\u00bb.vc_custom_1584696838543{border-top-width: 1px !important;padding-top: 5px !important;border-top-color: #566565 !important;border-top-style: solid !important;border-radius: 1px !important;}\u00a0\u00bb]Emball\u00e9 s\u00e9par\u00e9ment \/\u00a0St\u00e9rile \/\u00a0Dispositif \u00e0 usage unique \/\u00a0Boite de 1.[\/vc_column_text][vc_column_text css=\u00a0\u00bb.vc_custom_1512484820677{border-top-width: 1px !important;padding-top: 5px !important;border-top-color: #566565 !important;border-top-style: solid !important;border-radius: 1px !important;}\u00a0\u00bb]<\/p>\n<h6>Products Specifications are subject to change without notice.<br \/>\nPlease consult product label and insert for any indications, contraindications, hazards, warnings, cautions and directions for use.<br \/>\nFor the latest information, always check the \u201cInstructions for Use\u201d that comes packaged with the product.<\/h6>\n<p>[\/vc_column_text][\/vc_column][\/vc_row]<\/p>\n<\/div>","protected":false},"excerpt":{"rendered":"<p>[vc_row full_width=\u00a0\u00bbstretch_row\u00a0\u00bb css=\u00a0\u00bb.vc_custom_1512399786081{padding-top: 50px !important;background-color: #ce3e8c !important;}\u00a0\u00bb][vc_column][vc_custom_heading text=\u00a0\u00bbENDO-UROLOGY PRODUCTS\u00a0\u00bb font_container=\u00a0\u00bbtag:h2|text_align:left|color:%23ffffff\u00a0\u00bb use_theme_fonts=\u00a0\u00bbyes\u00a0\u00bb][\/vc_column][\/vc_row][vc_row][vc_column width=\u00a0\u00bb1\/4&Prime; offset=\u00a0\u00bbvc_hidden-xs\u00a0\u00bb][vc_column_text][\/vc_column_text][\/vc_column][vc_column width=\u00a0\u00bb3\/4&Prime;][vc_column_text css=\u00a0\u00bb.vc_custom_1715093027275{border-top-width: 2px !important;border-top-color: #ce3e8c !important;border-top-style: solid !important;}\u00a0\u00bb] BI-FLEX EVO Gaine d&rsquo;acc\u00e8s Ur\u00e9t\u00e9rale [\/vc_column_text][vc_row_inner css=\u00a0\u00bb.vc_custom_1518533707003{margin-top: 25px !important;}\u00a0\u00bb][vc_column_inner][vc_single_image image=\u00a0\u00bb9706&Prime; img_size=\u00a0\u00bblarge\u00a0\u00bb alignment=\u00a0\u00bbcenter\u00a0\u00bb css=\u00a0\u00bb.vc_custom_1690212960203{border-top-width: 2px !important;border-right-width: 2px !important;border-bottom-width: 2px !important;border-left-width: 2px !important;border-left-color: #ce3e8c !important;border-left-style: solid !important;border-right-color: #ce3e8c !important;border-right-style: solid !important;border-top-color: #ce3e8c !important;border-top-style: solid !important;border-bottom-color: #ce3e8c [&hellip;]<\/p>\n","protected":false},"author":1,"featured_media":0,"parent":1884,"menu_order":20,"comment_status":"open","ping_status":"closed","template":"","meta":{"content-type":"","_exactmetrics_skip_tracking":false,"_exactmetrics_sitenote_active":false,"_exactmetrics_sitenote_note":"","_exactmetrics_sitenote_category":0,"footnotes":""},"class_list":["post-2597","page","type-page","status-publish","hentry"],"translation":{"provider":"WPGlobus","version":"3.0.2","language":"fr","enabled_languages":["en","fr","it"],"languages":{"en":{"title":true,"content":true,"excerpt":false},"fr":{"title":true,"content":true,"excerpt":false},"it":{"title":true,"content":true,"excerpt":false}}},"_links":{"self":[{"href":"https:\/\/www.rocamed.com\/fr\/wp-json\/wp\/v2\/pages\/2597","targetHints":{"allow":["GET"]}}],"collection":[{"href":"https:\/\/www.rocamed.com\/fr\/wp-json\/wp\/v2\/pages"}],"about":[{"href":"https:\/\/www.rocamed.com\/fr\/wp-json\/wp\/v2\/types\/page"}],"author":[{"embeddable":true,"href":"https:\/\/www.rocamed.com\/fr\/wp-json\/wp\/v2\/users\/1"}],"replies":[{"embeddable":true,"href":"https:\/\/www.rocamed.com\/fr\/wp-json\/wp\/v2\/comments?post=2597"}],"version-history":[{"count":72,"href":"https:\/\/www.rocamed.com\/fr\/wp-json\/wp\/v2\/pages\/2597\/revisions"}],"predecessor-version":[{"id":10151,"href":"https:\/\/www.rocamed.com\/fr\/wp-json\/wp\/v2\/pages\/2597\/revisions\/10151"}],"up":[{"embeddable":true,"href":"https:\/\/www.rocamed.com\/fr\/wp-json\/wp\/v2\/pages\/1884"}],"wp:attachment":[{"href":"https:\/\/www.rocamed.com\/fr\/wp-json\/wp\/v2\/media?parent=2597"}],"curies":[{"name":"wp","href":"https:\/\/api.w.org\/{rel}","templated":true}]}}