{"id":2332,"date":"2018-02-12T12:10:26","date_gmt":"2018-02-12T11:10:26","guid":{"rendered":"https:\/\/www.rocamed.com\/?page_id=2332"},"modified":"2023-07-25T15:12:21","modified_gmt":"2023-07-25T13:12:21","slug":"kobot-2","status":"publish","type":"page","link":"https:\/\/www.rocamed.com\/fr\/products\/endo-urology\/kobot-2\/","title":{"rendered":"KOBOT"},"content":{"rendered":"<div class=\"wpb-content-wrapper\"><p>[vc_row full_width=\u00a0\u00bbstretch_row\u00a0\u00bb css=\u00a0\u00bb.vc_custom_1512399786081{padding-top: 50px !important;background-color: #ce3e8c !important;}\u00a0\u00bb][vc_column][vc_custom_heading text=\u00a0\u00bbPRODUCTS\u00a0\u00bb font_container=\u00a0\u00bbtag:h2|text_align:left|color:%23ffffff\u00a0\u00bb use_theme_fonts=\u00a0\u00bbyes\u00a0\u00bb][\/vc_column][\/vc_row][vc_row][vc_column width=\u00a0\u00bb1\/4&Prime; offset=\u00a0\u00bbvc_hidden-xs\u00a0\u00bb][vc_column_text][vc_custom_heading text=\"GAMMES & PRODUITS\" font_container=\"tag:h4|text_align:left|color:%23ffffff\" use_theme_fonts=\"yes\" css=\".vc_custom_1524665619963{padding-top: 5px !important;padding-right: 5px !important;padding-bottom: 3px !important;padding-left: 5px !important;background-color: #566565 !important;}\"]\n\n[vc_wp_custommenu nav_menu=\"59\" el_class=\"left_side_column-style\"]\n\n[vc_custom_heading text=\"CATALOGUE PRODUITS\" font_container=\"tag:h4|text_align:left|color:%23ffffff\" use_theme_fonts=\"yes\" css=\".vc_custom_1524582080658{margin-top: 20px !important;padding-top: 5px !important;padding-right: 5px !important;padding-bottom: 3px !important;padding-left: 5px !important;background-color: #566565 !important;}\"]\n\n<div class=\"hgr-content-block left_side_column-style\" style=\"margin-bottom:2em;\"><div class=\"hgr-contb-row\"><div class=\"hgr-contblock-icon\" style=\"color:#ce3e8c;  \"><i class=\"icon icon outline outline-bookmarks normal-icon-cb\" style=\" font-size:32px!important; \"><\/i><\/div><div class=\"hgr-content\" style=\"padding-left:1em;\"><h4 style=\"color:#566565\">Le catalogue Rocamed<\/h4><a class=\"hgr-contb-link morelink-white\" href=\"https:\/\/www.rocamed.com\/catalog\/\" target=\"_blank\" title=\"\">Consultez en ligne notre dernier catalogue produits<\/a><\/div><\/div><\/div>\n\n[vc_custom_heading text=\"NEWSLETTER\" font_container=\"tag:h4|text_align:left|color:%23ffffff\" use_theme_fonts=\"yes\" css=\".vc_custom_1584611603475{margin-top: 20px !important;padding-top: 5px !important;padding-right: 5px !important;padding-bottom: 3px !important;padding-left: 5px !important;background-color: #566565 !important;}\"]\n\n<div class=\"hgr-content-block left_side_column-style\" style=\"margin-bottom:2em;\"><div class=\"hgr-contb-row\"><div class=\"hgr-contblock-icon\" style=\"color:#ce3e8c;  \"><i class=\"icon icon fa fa-envelope-o normal-icon-cb\" style=\" font-size:32px!important; \"><\/i><\/div><div class=\"hgr-content\" style=\"padding-left:1em;\"><h4 style=\"color:#566565\">La newsletter Rocamed<\/h4><a class=\"hgr-contb-link morelink-white\" href=\"\/subscribe-to-rocamed-newsletter\/\" target=\"_blank\" title=\"\">Inscrivez-vous en ligne \u00e0 notre newsletter<\/a><\/div><\/div><\/div>\n\n[vc_single_image image=\"1857\" img_size=\"\" css_animation=\"rotateInDownLeft\" css=\".vc_custom_1584612083417{padding-top: 20px !important;padding-right: 20px !important;padding-bottom: 20px !important;padding-left: 20px !important;}\"][\/vc_column_text][\/vc_column][vc_column width=\u00a0\u00bb3\/4&Prime;][vc_column_text css=\u00a0\u00bb.vc_custom_1585086633807{border-top-width: 2px !important;border-top-color: #ce3e8c !important;border-top-style: solid !important;}\u00a0\u00bb]<\/p>\n<h1 style=\"text-align: left;\">KOBOT\u2122<\/h1>\n<h2>Extracteurs de calculs Tipless en Nitinol.<\/h2>\n<p>[\/vc_column_text][vc_single_image image=\u00a0\u00bb6266&Prime; img_size=\u00a0\u00bblarge\u00a0\u00bb alignment=\u00a0\u00bbcenter\u00a0\u00bb css=\u00a0\u00bb.vc_custom_1579599453550{margin-right: 50px !important;margin-left: 50px !important;border-top-width: 2px !important;border-right-width: 2px !important;border-bottom-width: 2px !important;border-left-width: 2px !important;background-color: #ffffff !important;border-left-color: #ce3e8c !important;border-left-style: solid !important;border-right-color: #ce3e8c !important;border-right-style: solid !important;border-top-color: #ce3e8c !important;border-top-style: solid !important;border-bottom-color: #ce3e8c !important;border-bottom-style: solid !important;border-radius: 2px !important;}\u00a0\u00bb][vc_row_inner][vc_column_inner width=\u00a0\u00bb1\/4&Prime;][vc_single_image image=\u00a0\u00bb2347&Prime; img_size=\u00a0\u00bb125&#215;125&Prime; alignment=\u00a0\u00bbcenter\u00a0\u00bb css=\u00a0\u00bb.vc_custom_1531743941091{border-radius: 2px !important;}\u00a0\u00bb][vc_column_text css=\u00a0\u00bb.vc_custom_1585086665795{margin-top: 20px !important;}\u00a0\u00bb]<\/p>\n<h4 style=\"text-align: center;\"><strong>Kobot Tipless<\/strong><\/h4>\n<p style=\"text-align: center;\">\u2022 Cage \u00e0 4 brins<\/p>\n<p>[\/vc_column_text][vc_single_image image=\u00a0\u00bb2358&Prime; img_size=\u00a0\u00bbmedium\u00a0\u00bb css=\u00a0\u00bb.vc_custom_1521046325131{margin-top: -20px !important;border-top-width: 1px !important;border-right-width: 1px !important;border-bottom-width: 1px !important;border-left-width: 1px !important;padding-top: 10px !important;padding-right: 10px !important;padding-bottom: 10px !important;padding-left: 10px !important;background-color: #ffffff !important;border-left-color: #aaaaaa !important;border-left-style: solid !important;border-right-color: #aaaaaa !important;border-right-style: solid !important;border-top-color: #aaaaaa !important;border-top-style: solid !important;border-bottom-color: #aaaaaa !important;border-bottom-style: solid !important;border-radius: 1px !important;}\u00a0\u00bb][\/vc_column_inner][vc_column_inner width=\u00a0\u00bb1\/4&Prime;][vc_single_image image=\u00a0\u00bb2345&Prime; img_size=\u00a0\u00bb125&#215;125&Prime; alignment=\u00a0\u00bbcenter\u00a0\u00bb css=\u00a0\u00bb.vc_custom_1521042699560{border-radius: 2px !important;}\u00a0\u00bb][vc_column_text css=\u00a0\u00bb.vc_custom_1585086680489{margin-top: 25px !important;}\u00a0\u00bb]<\/p>\n<h4 style=\"text-align: center;\"><strong>Kobot Filter<\/strong><\/h4>\n<p style=\"text-align: center;\">\u2022 Cage \u00e0 16 brins<\/p>\n<p>[\/vc_column_text][\/vc_column_inner][vc_column_inner width=\u00a0\u00bb1\/4&Prime;][vc_single_image image=\u00a0\u00bb2346&Prime; img_size=\u00a0\u00bb125&#215;125&Prime; alignment=\u00a0\u00bbcenter\u00a0\u00bb css=\u00a0\u00bb.vc_custom_1521042623274{border-radius: 2px !important;}\u00a0\u00bb][vc_column_text css=\u00a0\u00bb.vc_custom_1585086696535{margin-top: 25px !important;}\u00a0\u00bb]<\/p>\n<h4 style=\"text-align: center;\"><strong>Kobot Six<\/strong><\/h4>\n<p style=\"text-align: center;\">\u2022 Cage \u00e0 6 brins<\/p>\n<p>[\/vc_column_text][\/vc_column_inner][vc_column_inner width=\u00a0\u00bb1\/4&Prime;][vc_single_image image=\u00a0\u00bb6263&Prime; img_size=\u00a0\u00bb125&#215;125&Prime; alignment=\u00a0\u00bbcenter\u00a0\u00bb css=\u00a0\u00bb.vc_custom_1579597714431{border-radius: 2px !important;}\u00a0\u00bb][vc_column_text css=\u00a0\u00bb.vc_custom_1585086711738{margin-top: 25px !important;}\u00a0\u00bb]<\/p>\n<h4 style=\"text-align: center;\"><strong>Kobot MITT<\/strong><\/h4>\n<p style=\"text-align: center;\">\u2022 Cage \u00e0 3 brins<\/p>\n<p>[\/vc_column_text][\/vc_column_inner][\/vc_row_inner][vc_separator color=\u00a0\u00bbcustom\u00a0\u00bb border_width=\u00a0\u00bb2&Prime; accent_color=\u00a0\u00bb#566565&Prime;]<div class=\"hgr-content-block \" style=\"margin-bottom:2em;\"><div class=\"hgr-contb-row\"><div class=\"hgr-contblock-icon\" style=\"color:;  \"><i class=\"icon icon fa fa-arrow-right normal-icon-cb\" style=\" font-size:16px!important; \"><\/i><\/div><div class=\"hgr-content\" style=\"padding-left:1em;\"><h4 style=\"color:\">Extracteurs de calculs Tipless<\/h4><p style=\"color:\">Une nouvelle gamme d'extracteurs de calculs en harmonie avec le concept de la Cobotique. La ligne extracteurs Kobot de Rocamed est \u00e0 pr\u00e9sent diversifi\u00e9e, efficaces et compl\u00e8te pour une meilleure utilisation par le chirurgien et son assistant pour maximiser leurs performances.<\/p><\/div><\/div><\/div><div class=\"hgr-content-block \" style=\"margin-bottom:2em;\"><div class=\"hgr-contb-row\"><div class=\"hgr-contblock-icon\" style=\"color:;  \"><i class=\"icon icon fa fa-arrow-right normal-icon-cb\" style=\" font-size:16px!important; \"><\/i><\/div><div class=\"hgr-content\" style=\"padding-left:1em;\"><h4 style=\"color:\">Une poign\u00e9e crit\u00e9rium ergonomique<\/h4><p style=\"color:\">Une poign\u00e9e crit\u00e9rium innovante et ergonomique dont un mod\u00e8le avec un syst\u00e8me de fermeture assist\u00e9e qui aide \u00e0 attraper, retenir et retirer les fragments de calculs.<\/p><\/div><\/div><\/div><div class=\"hgr-content-block \" style=\"margin-bottom:2em;\"><div class=\"hgr-contb-row\"><div class=\"hgr-contblock-icon\" style=\"color:;  \"><i class=\"icon icon fa fa-arrow-right normal-icon-cb\" style=\" font-size:16px!important; \"><\/i><\/div><div class=\"hgr-content\" style=\"padding-left:1em;\"><h4 style=\"color:\">Une am\u00e9lioration de la pointe flexible<\/h4><p style=\"color:\">Pour une meilleure d\u00e9flexion de l'endoscope<\/p><\/div><\/div><\/div>[vc_single_image image=\u00a0\u00bb5102&Prime; img_size=\u00a0\u00bbfull\u00a0\u00bb][vc_separator color=\u00a0\u00bbcustom\u00a0\u00bb border_width=\u00a0\u00bb2&Prime; accent_color=\u00a0\u00bb#566565&Prime;][vc_column_text]<h2 id=\"tablepress-96-name\" class=\"tablepress-table-name tablepress-table-name-id-96\">KOBOT - Poign\u00e9e Crit\u00e9rium<\/h2>\n<span id=\"tablepress-96-description\" class=\"tablepress-table-description tablepress-table-description-id-96\"><\/span>\n\n<table id=\"tablepress-96\" class=\"tablepress tablepress-id-96 tableau\" aria-labelledby=\"tablepress-96-name\" aria-describedby=\"tablepress-96-description\">\n<thead>\n<tr class=\"row-1\">\n\t<th class=\"column-1\">R\u00e9f\u00e9rences<br \/>\n<\/th><th class=\"column-2\">Taille <br \/>\nFr<\/th><th class=\"column-3\">Brins<br \/>\n<\/th><th class=\"column-4\">Longueur  <br \/>\n(cm)<\/th><th class=\"column-5\">\u00d8 de la cage <br \/>\n(mm)<\/th><th class=\"column-6\">Longueur de la cage (mm)<\/th><th class=\"column-7\">Description<\/th>\n<\/tr>\n<\/thead>\n<tbody class=\"row-striping\">\n<tr class=\"row-2\">\n\t<td class=\"column-1\">ROSZ1300ST<\/td><td class=\"column-2\">1.3<\/td><td class=\"column-3\">4<\/td><td class=\"column-4\">120<\/td><td class=\"column-5\">12<\/td><td class=\"column-6\">22<\/td><td class=\"column-7\">Kobot TIPLESS <\/td>\n<\/tr>\n<tr class=\"row-3\">\n\t<td class=\"column-1\">ROSZ1900ST<\/td><td class=\"column-2\">1.9<\/td><td class=\"column-3\">4<\/td><td class=\"column-4\">120<\/td><td class=\"column-5\">16<\/td><td class=\"column-6\">25.5<\/td><td class=\"column-7\">Kobot TIPLESS <\/td>\n<\/tr>\n<tr class=\"row-4\">\n\t<td class=\"column-1\">ROSZ1930ST<\/td><td class=\"column-2\">1.9<\/td><td class=\"column-3\">4<\/td><td class=\"column-4\">120<\/td><td class=\"column-5\">12<\/td><td class=\"column-6\">17.5<\/td><td class=\"column-7\">Kobot TIPLESS <\/td>\n<\/tr>\n<tr class=\"row-5\">\n\t<td class=\"column-1\">ROSZ1940ST<\/td><td class=\"column-2\">1.9<\/td><td class=\"column-3\">4<\/td><td class=\"column-4\">120<\/td><td class=\"column-5\">12<\/td><td class=\"column-6\">17.5<\/td><td class=\"column-7\"> Kobot TIPLESS<br \/>\navec syst\u00e8me de fermeture assist\u00e9e<\/td>\n<\/tr>\n<tr class=\"row-6\">\n\t<td class=\"column-1\">ROSZ2200ST<\/td><td class=\"column-2\">2.2<\/td><td class=\"column-3\">4<\/td><td class=\"column-4\">120<\/td><td class=\"column-5\">16<\/td><td class=\"column-6\">25.5<\/td><td class=\"column-7\">Kobot TIPLESS <\/td>\n<\/tr>\n<tr class=\"row-7\">\n\t<td class=\"column-1\"><\/td><td class=\"column-2\"><\/td><td class=\"column-3\"><\/td><td class=\"column-4\"><\/td><td class=\"column-5\"><\/td><td class=\"column-6\"><\/td><td class=\"column-7\"><\/td>\n<\/tr>\n<tr class=\"row-8\">\n\t<td class=\"column-1\">ROKT1800ST<\/td><td class=\"column-2\">1.8<\/td><td class=\"column-3\">4\/16<\/td><td class=\"column-4\">120<\/td><td class=\"column-5\">14<\/td><td class=\"column-6\">18<\/td><td class=\"column-7\">Kobot FILTER <\/td>\n<\/tr>\n<tr class=\"row-9\">\n\t<td class=\"column-1\">ROKS1700ST<\/td><td class=\"column-2\">1.7<\/td><td class=\"column-3\">6<\/td><td class=\"column-4\">120<\/td><td class=\"column-5\">11<\/td><td class=\"column-6\">15<\/td><td class=\"column-7\">Kobot SIX <\/td>\n<\/tr>\n<tr class=\"row-10\">\n\t<td class=\"column-1\">ROKM1900ST<\/td><td class=\"column-2\">1.9<\/td><td class=\"column-3\">3<\/td><td class=\"column-4\">120<\/td><td class=\"column-5\">10<\/td><td class=\"column-6\">10<\/td><td class=\"column-7\">Kobot MITT <\/td>\n<\/tr>\n<\/tbody>\n<\/table>\n<!-- #tablepress-96 from cache -->[\/vc_column_text][vc_column_text css=\u00a0\u00bb.vc_custom_1585120318820{border-top-width: 1px !important;padding-top: 5px !important;border-top-color: #566565 !important;border-top-style: solid !important;border-radius: 1px !important;}\u00a0\u00bb]Emball\u00e9 s\u00e9par\u00e9ment\/St\u00e9rile \/ A Usage Unique \/ Boite de 1[\/vc_column_text][vc_column_text css=\u00a0\u00bb.vc_custom_1512484820677{border-top-width: 1px !important;padding-top: 5px !important;border-top-color: #566565 !important;border-top-style: solid !important;border-radius: 1px !important;}\u00a0\u00bb]<\/p>\n<h6>Products Specifications are subject to change without notice.<br \/>\nPlease consult product label and insert for any indications, contraindications, hazards, warnings, cautions and directions for use.<br \/>\nFor the latest information, always check the \u201cInstructions for Use\u201d that comes packaged with the product.<\/h6>\n<p>[\/vc_column_text][\/vc_column][\/vc_row]<\/p>\n<\/div>","protected":false},"excerpt":{"rendered":"<p>[vc_row full_width=\u00a0\u00bbstretch_row\u00a0\u00bb css=\u00a0\u00bb.vc_custom_1512399786081{padding-top: 50px !important;background-color: #ce3e8c !important;}\u00a0\u00bb][vc_column][vc_custom_heading text=\u00a0\u00bbPRODUCTS\u00a0\u00bb font_container=\u00a0\u00bbtag:h2|text_align:left|color:%23ffffff\u00a0\u00bb use_theme_fonts=\u00a0\u00bbyes\u00a0\u00bb][\/vc_column][\/vc_row][vc_row][vc_column width=\u00a0\u00bb1\/4&Prime; offset=\u00a0\u00bbvc_hidden-xs\u00a0\u00bb][vc_column_text][\/vc_column_text][\/vc_column][vc_column width=\u00a0\u00bb3\/4&Prime;][vc_column_text css=\u00a0\u00bb.vc_custom_1585086633807{border-top-width: 2px !important;border-top-color: #ce3e8c !important;border-top-style: solid !important;}\u00a0\u00bb] KOBOT\u2122 Extracteurs de calculs Tipless en Nitinol. [\/vc_column_text][vc_single_image image=\u00a0\u00bb6266&Prime; img_size=\u00a0\u00bblarge\u00a0\u00bb alignment=\u00a0\u00bbcenter\u00a0\u00bb css=\u00a0\u00bb.vc_custom_1579599453550{margin-right: 50px !important;margin-left: 50px !important;border-top-width: 2px !important;border-right-width: 2px !important;border-bottom-width: 2px !important;border-left-width: 2px !important;background-color: #ffffff !important;border-left-color: #ce3e8c !important;border-left-style: solid !important;border-right-color: #ce3e8c !important;border-right-style: solid !important;border-top-color: #ce3e8c [&hellip;]<\/p>\n","protected":false},"author":1,"featured_media":0,"parent":1884,"menu_order":20,"comment_status":"open","ping_status":"closed","template":"","meta":{"content-type":"","_exactmetrics_skip_tracking":false,"_exactmetrics_sitenote_active":false,"_exactmetrics_sitenote_note":"","_exactmetrics_sitenote_category":0,"footnotes":""},"class_list":["post-2332","page","type-page","status-publish","hentry"],"translation":{"provider":"WPGlobus","version":"3.0.2","language":"fr","enabled_languages":["en","fr","it"],"languages":{"en":{"title":true,"content":true,"excerpt":false},"fr":{"title":true,"content":true,"excerpt":false},"it":{"title":true,"content":true,"excerpt":false}}},"_links":{"self":[{"href":"https:\/\/www.rocamed.com\/fr\/wp-json\/wp\/v2\/pages\/2332","targetHints":{"allow":["GET"]}}],"collection":[{"href":"https:\/\/www.rocamed.com\/fr\/wp-json\/wp\/v2\/pages"}],"about":[{"href":"https:\/\/www.rocamed.com\/fr\/wp-json\/wp\/v2\/types\/page"}],"author":[{"embeddable":true,"href":"https:\/\/www.rocamed.com\/fr\/wp-json\/wp\/v2\/users\/1"}],"replies":[{"embeddable":true,"href":"https:\/\/www.rocamed.com\/fr\/wp-json\/wp\/v2\/comments?post=2332"}],"version-history":[{"count":45,"href":"https:\/\/www.rocamed.com\/fr\/wp-json\/wp\/v2\/pages\/2332\/revisions"}],"predecessor-version":[{"id":9719,"href":"https:\/\/www.rocamed.com\/fr\/wp-json\/wp\/v2\/pages\/2332\/revisions\/9719"}],"up":[{"embeddable":true,"href":"https:\/\/www.rocamed.com\/fr\/wp-json\/wp\/v2\/pages\/1884"}],"wp:attachment":[{"href":"https:\/\/www.rocamed.com\/fr\/wp-json\/wp\/v2\/media?parent=2332"}],"curies":[{"name":"wp","href":"https:\/\/api.w.org\/{rel}","templated":true}]}}